{"id":287,"date":"2019-04-20T14:58:32","date_gmt":"2019-04-20T11:58:32","guid":{"rendered":"https:\/\/kirikute\u00f6\u00f6.ee\/?page_id=287"},"modified":"2025-06-01T09:06:32","modified_gmt":"2025-06-01T06:06:32","slug":"tartu-pauluse","status":"publish","type":"page","link":"https:\/\/kirikute\u00f6\u00f6.ee\/?page_id=287","title":{"rendered":"tartu-pauluse"},"content":{"rendered":"\t\t<div data-elementor-type=\"wp-post\" data-elementor-id=\"287\" class=\"elementor elementor-287\" data-elementor-settings=\"[]\">\n\t\t\t\t\t\t<div class=\"elementor-inner\">\n\t\t\t\t\t\t\t<div class=\"elementor-section-wrap\">\n\t\t\t\t\t\t\t<section class=\"elementor-section elementor-top-section elementor-element elementor-element-3cd41747 elementor-section-boxed elementor-section-height-default elementor-section-height-default\" data-id=\"3cd41747\" data-element_type=\"section\">\n\t\t\t\t\t\t<div class=\"elementor-container elementor-column-gap-default\">\n\t\t\t\t\t\t\t<div class=\"elementor-row\">\n\t\t\t\t\t<div class=\"elementor-column elementor-col-100 elementor-top-column elementor-element elementor-element-3f55ac0e\" data-id=\"3f55ac0e\" data-element_type=\"column\">\n\t\t\t<div class=\"elementor-column-wrap elementor-element-populated\">\n\t\t\t\t\t\t\t<div class=\"elementor-widget-wrap\">\n\t\t\t\t\t\t<div class=\"elementor-element elementor-element-c354072 elementor-widget elementor-widget-heading\" data-id=\"c354072\" data-element_type=\"widget\" data-widget_type=\"heading.default\">\n\t\t\t\t<div class=\"elementor-widget-container\">\n\t\t\t<h2 class=\"elementor-heading-title elementor-size-large\">Tartu Pauluse kirik<\/h2>\t\t<\/div>\n\t\t\t\t<\/div>\n\t\t\t\t<section class=\"elementor-section elementor-inner-section elementor-element elementor-element-76feaa94 elementor-section-full_width elementor-section-content-top elementor-section-height-default elementor-section-height-default\" data-id=\"76feaa94\" data-element_type=\"section\">\n\t\t\t\t\t\t<div class=\"elementor-container elementor-column-gap-default\">\n\t\t\t\t\t\t\t<div class=\"elementor-row\">\n\t\t\t\t\t<div class=\"elementor-column elementor-col-100 elementor-inner-column elementor-element elementor-element-48a9de51\" data-id=\"48a9de51\" data-element_type=\"column\">\n\t\t\t<div class=\"elementor-column-wrap elementor-element-populated\">\n\t\t\t\t\t\t\t<div class=\"elementor-widget-wrap\">\n\t\t\t\t\t\t<div class=\"elementor-element elementor-element-5a364483 elementor-widget elementor-widget-text-editor\" data-id=\"5a364483\" data-element_type=\"widget\" data-widget_type=\"text-editor.default\">\n\t\t\t\t<div class=\"elementor-widget-container\">\n\t\t\t\t\t\t\t\t<div class=\"elementor-text-editor elementor-clearfix\">\n\t\t\t\t\t<p><b>Avatud 18.00-23.30<\/b><\/p><ul><li><strong>Igal t\u00e4istunnil kell 18.00-23.00 k\u00fcmneminutiline palvus<\/strong><\/li><li><strong>Avatud on kolumbaarium ja kirikutorn<\/strong><\/li><\/ul>\t\t\t\t\t<\/div>\n\t\t\t\t\t\t<\/div>\n\t\t\t\t<\/div>\n\t\t\t\t\t\t<\/div>\n\t\t\t\t\t<\/div>\n\t\t<\/div>\n\t\t\t\t\t\t\t\t<\/div>\n\t\t\t\t\t<\/div>\n\t\t<\/section>\n\t\t\t\t<section class=\"elementor-section elementor-inner-section elementor-element elementor-element-6e0a2122 elementor-section-boxed elementor-section-height-default elementor-section-height-default\" data-id=\"6e0a2122\" data-element_type=\"section\">\n\t\t\t\t\t\t<div class=\"elementor-container elementor-column-gap-default\">\n\t\t\t\t\t\t\t<div class=\"elementor-row\">\n\t\t\t\t\t<div class=\"elementor-column elementor-col-50 elementor-inner-column elementor-element elementor-element-82d6ca6\" data-id=\"82d6ca6\" data-element_type=\"column\">\n\t\t\t<div class=\"elementor-column-wrap elementor-element-populated\">\n\t\t\t\t\t\t\t<div class=\"elementor-widget-wrap\">\n\t\t\t\t\t\t<div class=\"elementor-element elementor-element-35d77874 elementor-widget elementor-widget-image\" data-id=\"35d77874\" data-element_type=\"widget\" data-widget_type=\"image.default\">\n\t\t\t\t<div class=\"elementor-widget-container\">\n\t\t\t\t\t\t\t\t<div class=\"elementor-image\">\n\t\t\t\t\t\t\t\t\t\t\t\t<img loading=\"lazy\" decoding=\"async\" width=\"300\" height=\"300\" src=\"https:\/\/kirikute\u00f6\u00f6.ee\/wp-content\/uploads\/2019\/04\/tartupauluse400-300x300.jpg\" class=\"attachment-medium size-medium\" alt=\"\" srcset=\"https:\/\/kirikute\u00f6\u00f6.ee\/wp-content\/uploads\/2019\/04\/tartupauluse400-300x300.jpg 300w, https:\/\/kirikute\u00f6\u00f6.ee\/wp-content\/uploads\/2019\/04\/tartupauluse400-150x150.jpg 150w, https:\/\/kirikute\u00f6\u00f6.ee\/wp-content\/uploads\/2019\/04\/tartupauluse400.jpg 400w\" sizes=\"auto, (max-width: 300px) 100vw, 300px\" \/>\t\t\t\t\t\t\t\t\t\t\t\t\t\t<\/div>\n\t\t\t\t\t\t<\/div>\n\t\t\t\t<\/div>\n\t\t\t\t\t\t<\/div>\n\t\t\t\t\t<\/div>\n\t\t<\/div>\n\t\t\t\t<div class=\"elementor-column elementor-col-50 elementor-inner-column elementor-element elementor-element-6c9bee1a\" data-id=\"6c9bee1a\" data-element_type=\"column\">\n\t\t\t<div class=\"elementor-column-wrap elementor-element-populated\">\n\t\t\t\t\t\t\t<div class=\"elementor-widget-wrap\">\n\t\t\t\t\t\t<div class=\"elementor-element elementor-element-63c6dc21 elementor-widget elementor-widget-text-editor\" data-id=\"63c6dc21\" data-element_type=\"widget\" data-widget_type=\"text-editor.default\">\n\t\t\t\t<div class=\"elementor-widget-container\">\n\t\t\t\t\t\t\t\t<div class=\"elementor-text-editor elementor-clearfix\">\n\t\t\t\t\t<p>Tartu Pauluse kirik ehitati Esimese maailmas\u00f5ja ajal (p\u00fchitseti 1917) arhitekt Eliel Saarineni projekti j\u00e4rgi uue linnakoguduse tarbeks \u2013 EELK Tartu Pauluse kogudus eraldus Tartu Maarja kogudusest 1910. aastal.<\/p><p>Kirik h\u00e4vis Teises maailmas\u00f5jas 1944. Kuigi Tartu linna TSN T\u00e4itevkomitee soovis varemete lammutamist, \u00f5nnestus kogudusel kirik siiski \u00fcles ehitada. Kui p\u00fchakoda 1966. aastal sisse p\u00fchitseti, tohtis kogudus sellest kasutusele v\u00f5tta ainult v\u00e4ikese osa, kuna suuremat osa kirikust hakkas laopinnana kasutama Eesti Rahvamuuseum. Taastatud tiibhoone pidi kogudus loovutama Eesti Spordimuuseumile.<\/p><p>Omandireformi k\u00e4igus tagastati kirik kogudusele ja 2013. aasta jaanuaris lammutati kirikut poolitanud vahesein. Kogu kirikut h\u00f5lmav kapitaalremont algas aastal 2008 ja kestis 7 aastat. Renoveeritud kiriku p\u00fchitsemine toimus 12. septembril 2015.<\/p><p>Kiriku juures tegutsevad kristliku kirjanduse ja s\u00fcmboolika kauplus, lastehoid, supik\u00f6\u00f6k ja kasutatud riiete jagamine.<\/p>\t\t\t\t\t<\/div>\n\t\t\t\t\t\t<\/div>\n\t\t\t\t<\/div>\n\t\t\t\t\t\t<\/div>\n\t\t\t\t\t<\/div>\n\t\t<\/div>\n\t\t\t\t\t\t\t\t<\/div>\n\t\t\t\t\t<\/div>\n\t\t<\/section>\n\t\t\t\t<section class=\"elementor-section elementor-inner-section elementor-element elementor-element-34b076b elementor-section-boxed elementor-section-height-default elementor-section-height-default\" data-id=\"34b076b\" data-element_type=\"section\">\n\t\t\t\t\t\t<div class=\"elementor-container elementor-column-gap-default\">\n\t\t\t\t\t\t\t<div class=\"elementor-row\">\n\t\t\t\t\t<div class=\"elementor-column elementor-col-50 elementor-inner-column elementor-element elementor-element-34c236d\" data-id=\"34c236d\" data-element_type=\"column\">\n\t\t\t<div class=\"elementor-column-wrap elementor-element-populated\">\n\t\t\t\t\t\t\t<div class=\"elementor-widget-wrap\">\n\t\t\t\t\t\t<div class=\"elementor-element elementor-element-7760e737 elementor-widget elementor-widget-google_maps\" data-id=\"7760e737\" data-element_type=\"widget\" data-widget_type=\"google_maps.default\">\n\t\t\t\t<div class=\"elementor-widget-container\">\n\t\t\t<div class=\"elementor-custom-embed\"><iframe frameborder=\"0\" scrolling=\"no\" marginheight=\"0\" marginwidth=\"0\" src=\"https:\/\/maps.google.com\/maps?q=Tartu%20Pauluse%20kirik&amp;t=m&amp;z=13&amp;output=embed&amp;iwloc=near\" title=\"Tartu Pauluse kirik\" aria-label=\"Tartu Pauluse kirik\"><\/iframe><\/div>\t\t<\/div>\n\t\t\t\t<\/div>\n\t\t\t\t\t\t<\/div>\n\t\t\t\t\t<\/div>\n\t\t<\/div>\n\t\t\t\t<div class=\"elementor-column elementor-col-50 elementor-inner-column elementor-element elementor-element-5c5fe5b6\" data-id=\"5c5fe5b6\" data-element_type=\"column\">\n\t\t\t<div class=\"elementor-column-wrap elementor-element-populated\">\n\t\t\t\t\t\t\t<div class=\"elementor-widget-wrap\">\n\t\t\t\t\t\t<div class=\"elementor-element elementor-element-ab74450 elementor-widget elementor-widget-text-editor\" data-id=\"ab74450\" data-element_type=\"widget\" data-widget_type=\"text-editor.default\">\n\t\t\t\t<div class=\"elementor-widget-container\">\n\t\t\t\t\t\t\t\t<div class=\"elementor-text-editor elementor-clearfix\">\n\t\t\t\t\t<p><strong>Aadress: Riia 27 Tartu 51010<\/strong><br \/><strong>Telefon: +372 742 0258<\/strong><\/p><p><span style=\"color: #b50048;\"><strong><a style=\"font-size: 14px; background-color: #ffffff; color: #b50048;\" href=\"http:\/\/tartupauluse.ee\/\">tartupauluse.ee\/<\/a><\/strong><\/span><\/p>\t\t\t\t\t<\/div>\n\t\t\t\t\t\t<\/div>\n\t\t\t\t<\/div>\n\t\t\t\t\t\t<\/div>\n\t\t\t\t\t<\/div>\n\t\t<\/div>\n\t\t\t\t\t\t\t\t<\/div>\n\t\t\t\t\t<\/div>\n\t\t<\/section>\n\t\t\t\t\t\t<\/div>\n\t\t\t\t\t<\/div>\n\t\t<\/div>\n\t\t\t\t\t\t\t\t<\/div>\n\t\t\t\t\t<\/div>\n\t\t<\/section>\n\t\t\t\t\t\t<\/div>\n\t\t\t\t\t\t<\/div>\n\t\t\t\t\t<\/div>\n\t\t","protected":false},"excerpt":{"rendered":"<p>Tartu Pauluse kirik Avatud 18.00-23.30 Igal t\u00e4istunnil kell 18.00-23.00 k\u00fcmneminutiline palvus Avatud on kolumbaarium ja kirikutorn Tartu Pauluse kirik ehitati Esimese maailmas\u00f5ja ajal (p\u00fchitseti 1917) arhitekt Eliel Saarineni projekti j\u00e4rgi uue linnakoguduse tarbeks \u2013 EELK Tartu Pauluse kogudus eraldus Tartu Maarja kogudusest 1910. aastal. Kirik h\u00e4vis Teises maailmas\u00f5jas 1944. Kuigi Tartu linna TSN T\u00e4itevkomitee soovis [&hellip;]<\/p>\n","protected":false},"author":1,"featured_media":0,"parent":0,"menu_order":0,"comment_status":"closed","ping_status":"closed","template":"","meta":{"footnotes":""},"wf_page_folders":[15],"class_list":["post-287","page","type-page","status-publish","hentry","entry"],"_links":{"self":[{"href":"https:\/\/kirikute\u00f6\u00f6.ee\/index.php?rest_route=\/wp\/v2\/pages\/287","targetHints":{"allow":["GET"]}}],"collection":[{"href":"https:\/\/kirikute\u00f6\u00f6.ee\/index.php?rest_route=\/wp\/v2\/pages"}],"about":[{"href":"https:\/\/kirikute\u00f6\u00f6.ee\/index.php?rest_route=\/wp\/v2\/types\/page"}],"author":[{"embeddable":true,"href":"https:\/\/kirikute\u00f6\u00f6.ee\/index.php?rest_route=\/wp\/v2\/users\/1"}],"replies":[{"embeddable":true,"href":"https:\/\/kirikute\u00f6\u00f6.ee\/index.php?rest_route=%2Fwp%2Fv2%2Fcomments&post=287"}],"version-history":[{"count":29,"href":"https:\/\/kirikute\u00f6\u00f6.ee\/index.php?rest_route=\/wp\/v2\/pages\/287\/revisions"}],"predecessor-version":[{"id":4929,"href":"https:\/\/kirikute\u00f6\u00f6.ee\/index.php?rest_route=\/wp\/v2\/pages\/287\/revisions\/4929"}],"wp:attachment":[{"href":"https:\/\/kirikute\u00f6\u00f6.ee\/index.php?rest_route=%2Fwp%2Fv2%2Fmedia&parent=287"}],"wp:term":[{"taxonomy":"wf_page_folders","embeddable":true,"href":"https:\/\/kirikute\u00f6\u00f6.ee\/index.php?rest_route=%2Fwp%2Fv2%2Fwf_page_folders&post=287"}],"curies":[{"name":"wp","href":"https:\/\/api.w.org\/{rel}","templated":true}]}}