{"id":294,"date":"2019-04-20T15:14:16","date_gmt":"2019-04-20T12:14:16","guid":{"rendered":"https:\/\/kirikute\u00f6\u00f6.ee\/?page_id=294"},"modified":"2025-05-29T12:58:53","modified_gmt":"2025-05-29T09:58:53","slug":"tartu-katoliku","status":"publish","type":"page","link":"https:\/\/kirikute\u00f6\u00f6.ee\/?page_id=294","title":{"rendered":"tartu-katoliku"},"content":{"rendered":"\t\t<div data-elementor-type=\"wp-post\" data-elementor-id=\"294\" class=\"elementor elementor-294\" data-elementor-settings=\"[]\">\n\t\t\t\t\t\t<div class=\"elementor-inner\">\n\t\t\t\t\t\t\t<div class=\"elementor-section-wrap\">\n\t\t\t\t\t\t\t<section class=\"elementor-section elementor-top-section elementor-element elementor-element-34d76303 elementor-section-boxed elementor-section-height-default elementor-section-height-default\" data-id=\"34d76303\" data-element_type=\"section\">\n\t\t\t\t\t\t<div class=\"elementor-container elementor-column-gap-default\">\n\t\t\t\t\t\t\t<div class=\"elementor-row\">\n\t\t\t\t\t<div class=\"elementor-column elementor-col-100 elementor-top-column elementor-element elementor-element-5a045601\" data-id=\"5a045601\" data-element_type=\"column\">\n\t\t\t<div class=\"elementor-column-wrap elementor-element-populated\">\n\t\t\t\t\t\t\t<div class=\"elementor-widget-wrap\">\n\t\t\t\t\t\t<div class=\"elementor-element elementor-element-32a0bc8b elementor-widget elementor-widget-heading\" data-id=\"32a0bc8b\" data-element_type=\"widget\" data-widget_type=\"heading.default\">\n\t\t\t\t<div class=\"elementor-widget-container\">\n\t\t\t<h2 class=\"elementor-heading-title elementor-size-large\">Tartu P\u00fchima Neitsi Maarja P\u00e4rispatuta Saamise kirik<\/h2>\t\t<\/div>\n\t\t\t\t<\/div>\n\t\t\t\t<section class=\"elementor-section elementor-inner-section elementor-element elementor-element-7010880 elementor-section-full_width elementor-section-content-top elementor-section-height-default elementor-section-height-default\" data-id=\"7010880\" data-element_type=\"section\">\n\t\t\t\t\t\t<div class=\"elementor-container elementor-column-gap-default\">\n\t\t\t\t\t\t\t<div class=\"elementor-row\">\n\t\t\t\t\t<div class=\"elementor-column elementor-col-100 elementor-inner-column elementor-element elementor-element-676c84e2\" data-id=\"676c84e2\" data-element_type=\"column\">\n\t\t\t<div class=\"elementor-column-wrap elementor-element-populated\">\n\t\t\t\t\t\t\t<div class=\"elementor-widget-wrap\">\n\t\t\t\t\t\t<div class=\"elementor-element elementor-element-6764e7f6 elementor-widget elementor-widget-text-editor\" data-id=\"6764e7f6\" data-element_type=\"widget\" data-widget_type=\"text-editor.default\">\n\t\t\t\t<div class=\"elementor-widget-container\">\n\t\t\t\t\t\t\t\t<div class=\"elementor-text-editor elementor-clearfix\">\n\t\t\t\t\t<p><span style=\"color: #000000;\"><b>Avatud kell 18.00-23.00<\/b><\/span><\/p><ul><li><span style=\"color: #000000;\"><b>18.00 Missa<\/b><\/span><\/li><li><span style=\"color: #000000;\"><strong>19.30 &#8220;Resurrexit&#8221; &#8211;\u00a0 muusikaline etendus Santa Maria koorilt.\u00a0<br \/><\/strong>Santa Maria kooris laulavad noored misjonarid Hispaaniast, Itaaliast, Venezuelast ja Brasiiliast.<\/span><\/li><li><span style=\"color: #000000;\"><strong>20.30 esineb kammerkoor Camerata Universitatis Seidi Mutso juhatusel<\/strong><\/span><\/li><li><span style=\"color: #000000;\"><strong>21.00 palvetantsud koos \u00f5de Miladaga kooli ees m\u00e4nguv\u00e4ljakul (Oru 3). K\u00f5ik on oodatud \u00f5ppima ja kaasa l\u00f6\u00f6ma<\/strong><\/span><\/li><li><span style=\"color: #000000;\"><strong>21.30\u00a0 Completorium (p\u00e4eval\u00f5pupalvus)<\/strong><\/span><\/li><li><span style=\"color: #000000;\"><strong>22.00 Taiz\u00e9 palvus\u00a0<\/strong><\/span><\/li><\/ul><p><span style=\"color: #000000;\"><strong>Kirikutorn on avatud 19.00-22.00\u00a0<br \/><\/strong><br \/><\/span><\/p>\t\t\t\t\t<\/div>\n\t\t\t\t\t\t<\/div>\n\t\t\t\t<\/div>\n\t\t\t\t\t\t<\/div>\n\t\t\t\t\t<\/div>\n\t\t<\/div>\n\t\t\t\t\t\t\t\t<\/div>\n\t\t\t\t\t<\/div>\n\t\t<\/section>\n\t\t\t\t<section class=\"elementor-section elementor-inner-section elementor-element elementor-element-547a6320 elementor-section-boxed elementor-section-height-default elementor-section-height-default\" data-id=\"547a6320\" data-element_type=\"section\">\n\t\t\t\t\t\t<div class=\"elementor-container elementor-column-gap-default\">\n\t\t\t\t\t\t\t<div class=\"elementor-row\">\n\t\t\t\t\t<div class=\"elementor-column elementor-col-50 elementor-inner-column elementor-element elementor-element-369f522a\" data-id=\"369f522a\" data-element_type=\"column\">\n\t\t\t<div class=\"elementor-column-wrap elementor-element-populated\">\n\t\t\t\t\t\t\t<div class=\"elementor-widget-wrap\">\n\t\t\t\t\t\t<div class=\"elementor-element elementor-element-2a1d5275 elementor-widget elementor-widget-image\" data-id=\"2a1d5275\" data-element_type=\"widget\" data-widget_type=\"image.default\">\n\t\t\t\t<div class=\"elementor-widget-container\">\n\t\t\t\t\t\t\t\t<div class=\"elementor-image\">\n\t\t\t\t\t\t\t\t\t\t\t\t<img loading=\"lazy\" decoding=\"async\" width=\"300\" height=\"300\" src=\"https:\/\/kirikute\u00f6\u00f6.ee\/wp-content\/uploads\/2019\/04\/tartukatoliku_sise400-300x300.jpg\" class=\"attachment-medium size-medium\" alt=\"\" srcset=\"https:\/\/kirikute\u00f6\u00f6.ee\/wp-content\/uploads\/2019\/04\/tartukatoliku_sise400-300x300.jpg 300w, https:\/\/kirikute\u00f6\u00f6.ee\/wp-content\/uploads\/2019\/04\/tartukatoliku_sise400-150x150.jpg 150w, https:\/\/kirikute\u00f6\u00f6.ee\/wp-content\/uploads\/2019\/04\/tartukatoliku_sise400.jpg 400w\" sizes=\"auto, (max-width: 300px) 100vw, 300px\" \/>\t\t\t\t\t\t\t\t\t\t\t\t\t\t<\/div>\n\t\t\t\t\t\t<\/div>\n\t\t\t\t<\/div>\n\t\t\t\t\t\t<\/div>\n\t\t\t\t\t<\/div>\n\t\t<\/div>\n\t\t\t\t<div class=\"elementor-column elementor-col-50 elementor-inner-column elementor-element elementor-element-8d850cc\" data-id=\"8d850cc\" data-element_type=\"column\">\n\t\t\t<div class=\"elementor-column-wrap elementor-element-populated\">\n\t\t\t\t\t\t\t<div class=\"elementor-widget-wrap\">\n\t\t\t\t\t\t<div class=\"elementor-element elementor-element-260aaca7 elementor-widget elementor-widget-text-editor\" data-id=\"260aaca7\" data-element_type=\"widget\" data-widget_type=\"text-editor.default\">\n\t\t\t\t<div class=\"elementor-widget-container\">\n\t\t\t\t\t\t\t\t<div class=\"elementor-text-editor elementor-clearfix\">\n\t\t\t\t\t<p>Tartu Rooma-katoliku kirik on p\u00fchitsetud 8. detsembril 1899. aastal P\u00fchima Neitsi Maarja P\u00e4rispatuta Saamise ususaladuse nimele. Kirikus p\u00fchitsetakse iga n\u00e4dal p\u00fcha missat eesti, vene ja inglise keeles.<\/p><p>Alates 2024. aastast on kirik on koduks ka Ukraina Kreeka-katoliku P\u00fcha Perekonna kogudusele<\/p>\t\t\t\t\t<\/div>\n\t\t\t\t\t\t<\/div>\n\t\t\t\t<\/div>\n\t\t\t\t\t\t<\/div>\n\t\t\t\t\t<\/div>\n\t\t<\/div>\n\t\t\t\t\t\t\t\t<\/div>\n\t\t\t\t\t<\/div>\n\t\t<\/section>\n\t\t\t\t<section class=\"elementor-section elementor-inner-section elementor-element elementor-element-41b743e7 elementor-section-boxed elementor-section-height-default elementor-section-height-default\" data-id=\"41b743e7\" data-element_type=\"section\">\n\t\t\t\t\t\t<div class=\"elementor-container elementor-column-gap-default\">\n\t\t\t\t\t\t\t<div class=\"elementor-row\">\n\t\t\t\t\t<div class=\"elementor-column elementor-col-50 elementor-inner-column elementor-element elementor-element-3cba81d8\" data-id=\"3cba81d8\" data-element_type=\"column\">\n\t\t\t<div class=\"elementor-column-wrap elementor-element-populated\">\n\t\t\t\t\t\t\t<div class=\"elementor-widget-wrap\">\n\t\t\t\t\t\t<div class=\"elementor-element elementor-element-e323b47 elementor-widget elementor-widget-google_maps\" data-id=\"e323b47\" data-element_type=\"widget\" data-widget_type=\"google_maps.default\">\n\t\t\t\t<div class=\"elementor-widget-container\">\n\t\t\t<div class=\"elementor-custom-embed\"><iframe frameborder=\"0\" scrolling=\"no\" marginheight=\"0\" marginwidth=\"0\" src=\"https:\/\/maps.google.com\/maps?q=Tartu%20katoliku%20kirik&amp;t=m&amp;z=13&amp;output=embed&amp;iwloc=near\" title=\"Tartu katoliku kirik\" aria-label=\"Tartu katoliku kirik\"><\/iframe><\/div>\t\t<\/div>\n\t\t\t\t<\/div>\n\t\t\t\t\t\t<\/div>\n\t\t\t\t\t<\/div>\n\t\t<\/div>\n\t\t\t\t<div class=\"elementor-column elementor-col-50 elementor-inner-column elementor-element elementor-element-6d1e4098\" data-id=\"6d1e4098\" data-element_type=\"column\">\n\t\t\t<div class=\"elementor-column-wrap elementor-element-populated\">\n\t\t\t\t\t\t\t<div class=\"elementor-widget-wrap\">\n\t\t\t\t\t\t<div class=\"elementor-element elementor-element-7ec5870d elementor-widget elementor-widget-text-editor\" data-id=\"7ec5870d\" data-element_type=\"widget\" data-widget_type=\"text-editor.default\">\n\t\t\t\t<div class=\"elementor-widget-container\">\n\t\t\t\t\t\t\t\t<div class=\"elementor-text-editor elementor-clearfix\">\n\t\t\t\t\t<p><strong>Aadress: Veski 1 Tartu<\/strong><\/p><p><span style=\"color: #dd0080;\"><a style=\"color: #dd0080;\" href=\"http:\/\/www.neitsimaarja.ee\"><strong>www.neitsimaarja.ee \u00bb\u00bb<\/strong><\/a><\/span><br \/><span style=\"color: #dd0080;\"><strong><a style=\"color: #dd0080;\" href=\"https:\/\/www.facebook.com\/TartuKatolikuKirik\">Facebook \u00bb\u00bb<\/a><\/strong><\/span><br \/><span style=\"color: #dd0080;\"><strong><a style=\"color: #dd0080;\" href=\"https:\/\/www.facebook.com\/groups\/827590822706279\/\">Ukraina kogudus \u00bb\u00bb<\/a><\/strong><\/span><\/p>\t\t\t\t\t<\/div>\n\t\t\t\t\t\t<\/div>\n\t\t\t\t<\/div>\n\t\t\t\t\t\t<\/div>\n\t\t\t\t\t<\/div>\n\t\t<\/div>\n\t\t\t\t\t\t\t\t<\/div>\n\t\t\t\t\t<\/div>\n\t\t<\/section>\n\t\t\t\t\t\t<\/div>\n\t\t\t\t\t<\/div>\n\t\t<\/div>\n\t\t\t\t\t\t\t\t<\/div>\n\t\t\t\t\t<\/div>\n\t\t<\/section>\n\t\t\t\t\t\t<\/div>\n\t\t\t\t\t\t<\/div>\n\t\t\t\t\t<\/div>\n\t\t","protected":false},"excerpt":{"rendered":"<p>Tartu P\u00fchima Neitsi Maarja P\u00e4rispatuta Saamise kirik Avatud kell 18.00-23.00 18.00 Missa 19.30 &#8220;Resurrexit&#8221; &#8211;\u00a0 muusikaline etendus Santa Maria koorilt.\u00a0Santa Maria kooris laulavad noored misjonarid Hispaaniast, Itaaliast, Venezuelast ja Brasiiliast. 20.30 esineb kammerkoor Camerata Universitatis Seidi Mutso juhatusel 21.00 palvetantsud koos \u00f5de Miladaga kooli ees m\u00e4nguv\u00e4ljakul (Oru 3). K\u00f5ik on oodatud \u00f5ppima ja kaasa l\u00f6\u00f6ma [&hellip;]<\/p>\n","protected":false},"author":1,"featured_media":0,"parent":0,"menu_order":0,"comment_status":"closed","ping_status":"closed","template":"","meta":{"footnotes":""},"wf_page_folders":[15],"class_list":["post-294","page","type-page","status-publish","hentry","entry"],"_links":{"self":[{"href":"https:\/\/kirikute\u00f6\u00f6.ee\/index.php?rest_route=\/wp\/v2\/pages\/294","targetHints":{"allow":["GET"]}}],"collection":[{"href":"https:\/\/kirikute\u00f6\u00f6.ee\/index.php?rest_route=\/wp\/v2\/pages"}],"about":[{"href":"https:\/\/kirikute\u00f6\u00f6.ee\/index.php?rest_route=\/wp\/v2\/types\/page"}],"author":[{"embeddable":true,"href":"https:\/\/kirikute\u00f6\u00f6.ee\/index.php?rest_route=\/wp\/v2\/users\/1"}],"replies":[{"embeddable":true,"href":"https:\/\/kirikute\u00f6\u00f6.ee\/index.php?rest_route=%2Fwp%2Fv2%2Fcomments&post=294"}],"version-history":[{"count":51,"href":"https:\/\/kirikute\u00f6\u00f6.ee\/index.php?rest_route=\/wp\/v2\/pages\/294\/revisions"}],"predecessor-version":[{"id":4901,"href":"https:\/\/kirikute\u00f6\u00f6.ee\/index.php?rest_route=\/wp\/v2\/pages\/294\/revisions\/4901"}],"wp:attachment":[{"href":"https:\/\/kirikute\u00f6\u00f6.ee\/index.php?rest_route=%2Fwp%2Fv2%2Fmedia&parent=294"}],"wp:term":[{"taxonomy":"wf_page_folders","embeddable":true,"href":"https:\/\/kirikute\u00f6\u00f6.ee\/index.php?rest_route=%2Fwp%2Fv2%2Fwf_page_folders&post=294"}],"curies":[{"name":"wp","href":"https:\/\/api.w.org\/{rel}","templated":true}]}}