{"id":302,"date":"2019-04-20T15:29:46","date_gmt":"2019-04-20T12:29:46","guid":{"rendered":"https:\/\/kirikute\u00f6\u00f6.ee\/?page_id=302"},"modified":"2025-06-01T08:59:54","modified_gmt":"2025-06-01T05:59:54","slug":"tartu-maarja","status":"publish","type":"page","link":"https:\/\/kirikute\u00f6\u00f6.ee\/?page_id=302","title":{"rendered":"tartu-maarja"},"content":{"rendered":"\t\t<div data-elementor-type=\"wp-post\" data-elementor-id=\"302\" class=\"elementor elementor-302\" data-elementor-settings=\"[]\">\n\t\t\t\t\t\t<div class=\"elementor-inner\">\n\t\t\t\t\t\t\t<div class=\"elementor-section-wrap\">\n\t\t\t\t\t\t\t<section class=\"elementor-section elementor-top-section elementor-element elementor-element-3a7c28f8 elementor-section-boxed elementor-section-height-default elementor-section-height-default\" data-id=\"3a7c28f8\" data-element_type=\"section\">\n\t\t\t\t\t\t<div class=\"elementor-container elementor-column-gap-default\">\n\t\t\t\t\t\t\t<div class=\"elementor-row\">\n\t\t\t\t\t<div class=\"elementor-column elementor-col-100 elementor-top-column elementor-element elementor-element-6313130b\" data-id=\"6313130b\" data-element_type=\"column\">\n\t\t\t<div class=\"elementor-column-wrap elementor-element-populated\">\n\t\t\t\t\t\t\t<div class=\"elementor-widget-wrap\">\n\t\t\t\t\t\t<div class=\"elementor-element elementor-element-3fe481fb elementor-widget elementor-widget-heading\" data-id=\"3fe481fb\" data-element_type=\"widget\" data-widget_type=\"heading.default\">\n\t\t\t\t<div class=\"elementor-widget-container\">\n\t\t\t<h2 class=\"elementor-heading-title elementor-size-large\">Tartu Maarja kirik<\/h2>\t\t<\/div>\n\t\t\t\t<\/div>\n\t\t\t\t<section class=\"elementor-section elementor-inner-section elementor-element elementor-element-56dfc9e elementor-section-full_width elementor-section-content-top elementor-section-height-default elementor-section-height-default\" data-id=\"56dfc9e\" data-element_type=\"section\">\n\t\t\t\t\t\t<div class=\"elementor-container elementor-column-gap-default\">\n\t\t\t\t\t\t\t<div class=\"elementor-row\">\n\t\t\t\t\t<div class=\"elementor-column elementor-col-100 elementor-inner-column elementor-element elementor-element-162d0913\" data-id=\"162d0913\" data-element_type=\"column\">\n\t\t\t<div class=\"elementor-column-wrap elementor-element-populated\">\n\t\t\t\t\t\t\t<div class=\"elementor-widget-wrap\">\n\t\t\t\t\t\t<div class=\"elementor-element elementor-element-656b8fde elementor-widget elementor-widget-text-editor\" data-id=\"656b8fde\" data-element_type=\"widget\" data-widget_type=\"text-editor.default\">\n\t\t\t\t<div class=\"elementor-widget-container\">\n\t\t\t\t\t\t\t\t<div class=\"elementor-text-editor elementor-clearfix\">\n\t\t\t\t\t<p><strong>Avatud 18.00-22.30<\/strong><\/p><ul><li class=\"gmail_default\" dir=\"auto\"><strong>18.00 avapalvus (suures saalis)<\/strong><\/li><li class=\"gmail_default\" dir=\"auto\"><div dir=\"auto\"><strong>18.15 kontsert tornisaalis. Musitseerivad noored t\u0161ellistid Siim Rehema, Mari Ellen Lutsar ja Maali Toots. Klaveril saadab Jorma Toots\u00a0<\/strong><\/div><\/li><li class=\"gmail_default\" dir=\"auto\"><div dir=\"auto\"><strong>18.30-20.30 lastenurk (3. korrusel), samal ajal tuulekojas kohvik ja loterii\u00a0<\/strong><\/div><\/li><li class=\"gmail_default\" dir=\"auto\"><div dir=\"auto\"><strong>19.00 Filmi &#8220;H\u00f5ikaja j\u00f5uab koju tagasi&#8221; vaatamine (suures saalis)\u00a0<\/strong><\/div><\/li><li class=\"gmail_default\" dir=\"auto\"><div dir=\"auto\"><strong>19.15 kontsert tornisaalis. Ansambel Servimus Dominum: Helika Gustavson-R\u00e4tsep (sopran), Gesine von Kloeden (viiul, k\u00fclalisena), Anneli Klaus (orel)\u00a0<\/strong><\/div><\/li><li class=\"gmail_default\" dir=\"auto\"><div dir=\"auto\"><strong>20.00 palvus (suures saalis)<\/strong><\/div><\/li><li class=\"gmail_default\" dir=\"auto\"><div dir=\"auto\"><strong>20.15 kontsert tornisaalis. Ansambel Stella Caeli<\/strong><\/div><\/li><li class=\"gmail_default\" dir=\"auto\"><div dir=\"auto\"><strong>21.00 kirikuekskursioon (algusega suures saalis) <\/strong><\/div><\/li><li class=\"gmail_default\" dir=\"auto\"><div dir=\"auto\"><strong>22.00 palvus (suures saalis)<\/strong><\/div><\/li><\/ul>\t\t\t\t\t<\/div>\n\t\t\t\t\t\t<\/div>\n\t\t\t\t<\/div>\n\t\t\t\t\t\t<\/div>\n\t\t\t\t\t<\/div>\n\t\t<\/div>\n\t\t\t\t\t\t\t\t<\/div>\n\t\t\t\t\t<\/div>\n\t\t<\/section>\n\t\t\t\t<section class=\"elementor-section elementor-inner-section elementor-element elementor-element-3254016a elementor-section-boxed elementor-section-height-default elementor-section-height-default\" data-id=\"3254016a\" data-element_type=\"section\">\n\t\t\t\t\t\t<div class=\"elementor-container elementor-column-gap-default\">\n\t\t\t\t\t\t\t<div class=\"elementor-row\">\n\t\t\t\t\t<div class=\"elementor-column elementor-col-50 elementor-inner-column elementor-element elementor-element-f2e562f\" data-id=\"f2e562f\" data-element_type=\"column\">\n\t\t\t<div class=\"elementor-column-wrap elementor-element-populated\">\n\t\t\t\t\t\t\t<div class=\"elementor-widget-wrap\">\n\t\t\t\t\t\t<div class=\"elementor-element elementor-element-110077ae elementor-widget elementor-widget-image\" data-id=\"110077ae\" data-element_type=\"widget\" data-widget_type=\"image.default\">\n\t\t\t\t<div class=\"elementor-widget-container\">\n\t\t\t\t\t\t\t\t<div class=\"elementor-image\">\n\t\t\t\t\t\t\t\t\t\t\t\t<img loading=\"lazy\" decoding=\"async\" width=\"300\" height=\"300\" src=\"https:\/\/kirikute\u00f6\u00f6.ee\/wp-content\/uploads\/2022\/06\/maarja_proj2-300x300.jpg\" class=\"attachment-medium size-medium\" alt=\"\" srcset=\"https:\/\/kirikute\u00f6\u00f6.ee\/wp-content\/uploads\/2022\/06\/maarja_proj2-300x300.jpg 300w, https:\/\/kirikute\u00f6\u00f6.ee\/wp-content\/uploads\/2022\/06\/maarja_proj2-150x150.jpg 150w, https:\/\/kirikute\u00f6\u00f6.ee\/wp-content\/uploads\/2022\/06\/maarja_proj2.jpg 500w\" sizes=\"auto, (max-width: 300px) 100vw, 300px\" \/>\t\t\t\t\t\t\t\t\t\t\t\t\t\t<\/div>\n\t\t\t\t\t\t<\/div>\n\t\t\t\t<\/div>\n\t\t\t\t\t\t<\/div>\n\t\t\t\t\t<\/div>\n\t\t<\/div>\n\t\t\t\t<div class=\"elementor-column elementor-col-50 elementor-inner-column elementor-element elementor-element-55e4fe4f\" data-id=\"55e4fe4f\" data-element_type=\"column\">\n\t\t\t<div class=\"elementor-column-wrap elementor-element-populated\">\n\t\t\t\t\t\t\t<div class=\"elementor-widget-wrap\">\n\t\t\t\t\t\t<div class=\"elementor-element elementor-element-5c5bd544 elementor-widget elementor-widget-text-editor\" data-id=\"5c5bd544\" data-element_type=\"widget\" data-widget_type=\"text-editor.default\">\n\t\t\t\t<div class=\"elementor-widget-container\">\n\t\t\t\t\t\t\t\t<div class=\"elementor-text-editor elementor-clearfix\">\n\t\t\t\t\t<p>Kuperjanovi ja Pepleri t\u00e4nava nurgal asuv Tartu Maarja kirik p\u00fchitseti 1842. aastal kihelkonnakirikuks ja oli esimene eestlaste rajatud kirikuhoone Tartus. Klassitsistlikus stiilis hoones sai kogudus tegutseda p\u00e4evapealt 99 ja pool aastat, kuni 12. juulil 1941. aastal kirik s\u00fc\u00fctem\u00fcrskudest tabatuna maha p\u00f5les. N\u00f5ukogude perioodil leidis kodutu kogudus peavarju erinevates Tartu kirikutes, Maarja kirik aga ehitati \u00fcmber tollase Eesti P\u00f5llumajandusakadeemia (EPA) v\u00f5imlaks.<\/p><p>Maarja kirik tagastati kogudusele 2008. aastal ning kogudusel on kindel n\u00f5u kirik taas p\u00fchakojana \u00fcles ehitada. 2010. aastal loodi sihtasutus Tartu Maarja Kirik, kes \u00fclesandeks ongi tegeleda taastamist\u00f6\u00f6de korraldamisega. Toimunud on projektikonkurss ja kinnitatud v\u00f5idut\u00f6\u00f6 &#8220;Noa&#8221;, mille autoriks on arhitektuurib\u00fcroo KOKO. Kiriku renoveerimist\u00f6\u00f6d on k\u00e4imas.<\/p><p>\u00a0<\/p>\t\t\t\t\t<\/div>\n\t\t\t\t\t\t<\/div>\n\t\t\t\t<\/div>\n\t\t\t\t\t\t<\/div>\n\t\t\t\t\t<\/div>\n\t\t<\/div>\n\t\t\t\t\t\t\t\t<\/div>\n\t\t\t\t\t<\/div>\n\t\t<\/section>\n\t\t\t\t<section class=\"elementor-section elementor-inner-section elementor-element elementor-element-6e791e2f elementor-section-boxed elementor-section-height-default elementor-section-height-default\" data-id=\"6e791e2f\" data-element_type=\"section\">\n\t\t\t\t\t\t<div class=\"elementor-container elementor-column-gap-default\">\n\t\t\t\t\t\t\t<div class=\"elementor-row\">\n\t\t\t\t\t<div class=\"elementor-column elementor-col-50 elementor-inner-column elementor-element elementor-element-620ecccf\" data-id=\"620ecccf\" data-element_type=\"column\">\n\t\t\t<div class=\"elementor-column-wrap elementor-element-populated\">\n\t\t\t\t\t\t\t<div class=\"elementor-widget-wrap\">\n\t\t\t\t\t\t<div class=\"elementor-element elementor-element-25c9b62f elementor-widget elementor-widget-google_maps\" data-id=\"25c9b62f\" data-element_type=\"widget\" data-widget_type=\"google_maps.default\">\n\t\t\t\t<div class=\"elementor-widget-container\">\n\t\t\t<div class=\"elementor-custom-embed\"><iframe frameborder=\"0\" scrolling=\"no\" marginheight=\"0\" marginwidth=\"0\" src=\"https:\/\/maps.google.com\/maps?q=Tartu%20Maarja%20kirik&amp;t=m&amp;z=13&amp;output=embed&amp;iwloc=near\" title=\"Tartu Maarja kirik\" aria-label=\"Tartu Maarja kirik\"><\/iframe><\/div>\t\t<\/div>\n\t\t\t\t<\/div>\n\t\t\t\t\t\t<\/div>\n\t\t\t\t\t<\/div>\n\t\t<\/div>\n\t\t\t\t<div class=\"elementor-column elementor-col-50 elementor-inner-column elementor-element elementor-element-30c2789a\" data-id=\"30c2789a\" data-element_type=\"column\">\n\t\t\t<div class=\"elementor-column-wrap elementor-element-populated\">\n\t\t\t\t\t\t\t<div class=\"elementor-widget-wrap\">\n\t\t\t\t\t\t<div class=\"elementor-element elementor-element-425806a3 elementor-widget elementor-widget-text-editor\" data-id=\"425806a3\" data-element_type=\"widget\" data-widget_type=\"text-editor.default\">\n\t\t\t\t<div class=\"elementor-widget-container\">\n\t\t\t\t\t\t\t\t<div class=\"elementor-text-editor elementor-clearfix\">\n\t\t\t\t\t<p><strong>Kirik: Pepleri 1 Tartu<br \/>Kogudusemaja: \u00d5petaja 5 Tartu<\/strong><\/p><p><a href=\"http:\/\/tartumaarja.eelk.ee\"><strong><span style=\"color: #b50048;\">http:\/\/tartumaarja.eelk.ee<\/span><\/strong><\/a><\/p>\t\t\t\t\t<\/div>\n\t\t\t\t\t\t<\/div>\n\t\t\t\t<\/div>\n\t\t\t\t\t\t<\/div>\n\t\t\t\t\t<\/div>\n\t\t<\/div>\n\t\t\t\t\t\t\t\t<\/div>\n\t\t\t\t\t<\/div>\n\t\t<\/section>\n\t\t\t\t\t\t<\/div>\n\t\t\t\t\t<\/div>\n\t\t<\/div>\n\t\t\t\t\t\t\t\t<\/div>\n\t\t\t\t\t<\/div>\n\t\t<\/section>\n\t\t\t\t<section class=\"elementor-section elementor-top-section elementor-element elementor-element-a2e1dee elementor-section-boxed elementor-section-height-default elementor-section-height-default\" data-id=\"a2e1dee\" data-element_type=\"section\">\n\t\t\t\t\t\t<div class=\"elementor-container elementor-column-gap-default\">\n\t\t\t\t\t\t\t<div class=\"elementor-row\">\n\t\t\t\t\t<div class=\"elementor-column elementor-col-100 elementor-top-column elementor-element elementor-element-c09d761\" data-id=\"c09d761\" data-element_type=\"column\">\n\t\t\t<div class=\"elementor-column-wrap elementor-element-populated\">\n\t\t\t\t\t\t\t<div class=\"elementor-widget-wrap\">\n\t\t\t\t\t\t<section class=\"elementor-section elementor-inner-section elementor-element elementor-element-b906d1b elementor-section-boxed elementor-section-height-default elementor-section-height-default\" data-id=\"b906d1b\" data-element_type=\"section\">\n\t\t\t\t\t\t<div class=\"elementor-container elementor-column-gap-default\">\n\t\t\t\t\t\t\t<div class=\"elementor-row\">\n\t\t\t\t\t<div class=\"elementor-column elementor-col-33 elementor-inner-column elementor-element elementor-element-af1b33a\" data-id=\"af1b33a\" data-element_type=\"column\">\n\t\t\t<div class=\"elementor-column-wrap elementor-element-populated\">\n\t\t\t\t\t\t\t<div class=\"elementor-widget-wrap\">\n\t\t\t\t\t\t<div class=\"elementor-element elementor-element-9e09623 elementor-widget elementor-widget-image\" data-id=\"9e09623\" data-element_type=\"widget\" data-widget_type=\"image.default\">\n\t\t\t\t<div class=\"elementor-widget-container\">\n\t\t\t\t\t\t\t\t<div class=\"elementor-image\">\n\t\t\t\t\t\t\t\t\t\t\t\t<img loading=\"lazy\" decoding=\"async\" width=\"201\" height=\"300\" src=\"https:\/\/kirikute\u00f6\u00f6.ee\/wp-content\/uploads\/2021\/05\/maarjakirik_vana-201x300.jpg\" class=\"attachment-medium size-medium\" alt=\"\" srcset=\"https:\/\/kirikute\u00f6\u00f6.ee\/wp-content\/uploads\/2021\/05\/maarjakirik_vana-201x300.jpg 201w, https:\/\/kirikute\u00f6\u00f6.ee\/wp-content\/uploads\/2021\/05\/maarjakirik_vana.jpg 300w\" sizes=\"auto, (max-width: 201px) 100vw, 201px\" \/>\t\t\t\t\t\t\t\t\t\t\t\t\t\t<\/div>\n\t\t\t\t\t\t<\/div>\n\t\t\t\t<\/div>\n\t\t\t\t\t\t<\/div>\n\t\t\t\t\t<\/div>\n\t\t<\/div>\n\t\t\t\t<div class=\"elementor-column elementor-col-33 elementor-inner-column elementor-element elementor-element-3e6ea05\" data-id=\"3e6ea05\" data-element_type=\"column\">\n\t\t\t<div class=\"elementor-column-wrap elementor-element-populated\">\n\t\t\t\t\t\t\t<div class=\"elementor-widget-wrap\">\n\t\t\t\t\t\t\t\t<\/div>\n\t\t\t\t\t<\/div>\n\t\t<\/div>\n\t\t\t\t<div class=\"elementor-column elementor-col-33 elementor-inner-column elementor-element elementor-element-61fe017\" data-id=\"61fe017\" data-element_type=\"column\">\n\t\t\t<div class=\"elementor-column-wrap elementor-element-populated\">\n\t\t\t\t\t\t\t<div class=\"elementor-widget-wrap\">\n\t\t\t\t\t\t\t\t<\/div>\n\t\t\t\t\t<\/div>\n\t\t<\/div>\n\t\t\t\t\t\t\t\t<\/div>\n\t\t\t\t\t<\/div>\n\t\t<\/section>\n\t\t\t\t\t\t<\/div>\n\t\t\t\t\t<\/div>\n\t\t<\/div>\n\t\t\t\t\t\t\t\t<\/div>\n\t\t\t\t\t<\/div>\n\t\t<\/section>\n\t\t\t\t\t\t<\/div>\n\t\t\t\t\t\t<\/div>\n\t\t\t\t\t<\/div>\n\t\t","protected":false},"excerpt":{"rendered":"<p>Tartu Maarja kirik Avatud 18.00-22.30 18.00 avapalvus (suures saalis) 18.15 kontsert tornisaalis. Musitseerivad noored t\u0161ellistid Siim Rehema, Mari Ellen Lutsar ja Maali Toots. Klaveril saadab Jorma Toots\u00a0 18.30-20.30 lastenurk (3. korrusel), samal ajal tuulekojas kohvik ja loterii\u00a0 19.00 Filmi &#8220;H\u00f5ikaja j\u00f5uab koju tagasi&#8221; vaatamine (suures saalis)\u00a0 19.15 kontsert tornisaalis. Ansambel Servimus Dominum: Helika Gustavson-R\u00e4tsep (sopran), [&hellip;]<\/p>\n","protected":false},"author":1,"featured_media":0,"parent":0,"menu_order":0,"comment_status":"closed","ping_status":"closed","template":"","meta":{"footnotes":""},"wf_page_folders":[15],"class_list":["post-302","page","type-page","status-publish","hentry","entry"],"_links":{"self":[{"href":"https:\/\/kirikute\u00f6\u00f6.ee\/index.php?rest_route=\/wp\/v2\/pages\/302","targetHints":{"allow":["GET"]}}],"collection":[{"href":"https:\/\/kirikute\u00f6\u00f6.ee\/index.php?rest_route=\/wp\/v2\/pages"}],"about":[{"href":"https:\/\/kirikute\u00f6\u00f6.ee\/index.php?rest_route=\/wp\/v2\/types\/page"}],"author":[{"embeddable":true,"href":"https:\/\/kirikute\u00f6\u00f6.ee\/index.php?rest_route=\/wp\/v2\/users\/1"}],"replies":[{"embeddable":true,"href":"https:\/\/kirikute\u00f6\u00f6.ee\/index.php?rest_route=%2Fwp%2Fv2%2Fcomments&post=302"}],"version-history":[{"count":81,"href":"https:\/\/kirikute\u00f6\u00f6.ee\/index.php?rest_route=\/wp\/v2\/pages\/302\/revisions"}],"predecessor-version":[{"id":4917,"href":"https:\/\/kirikute\u00f6\u00f6.ee\/index.php?rest_route=\/wp\/v2\/pages\/302\/revisions\/4917"}],"wp:attachment":[{"href":"https:\/\/kirikute\u00f6\u00f6.ee\/index.php?rest_route=%2Fwp%2Fv2%2Fmedia&parent=302"}],"wp:term":[{"taxonomy":"wf_page_folders","embeddable":true,"href":"https:\/\/kirikute\u00f6\u00f6.ee\/index.php?rest_route=%2Fwp%2Fv2%2Fwf_page_folders&post=302"}],"curies":[{"name":"wp","href":"https:\/\/api.w.org\/{rel}","templated":true}]}}