{"id":306,"date":"2019-04-20T15:48:39","date_gmt":"2019-04-20T12:48:39","guid":{"rendered":"https:\/\/kirikute\u00f6\u00f6.ee\/?page_id=306"},"modified":"2025-06-03T09:08:02","modified_gmt":"2025-06-03T06:08:02","slug":"kirikud","status":"publish","type":"page","link":"https:\/\/kirikute\u00f6\u00f6.ee\/?page_id=306","title":{"rendered":"KIRIKUD"},"content":{"rendered":"\t\t<div data-elementor-type=\"wp-post\" data-elementor-id=\"306\" class=\"elementor elementor-306\" data-elementor-settings=\"[]\">\n\t\t\t\t\t\t<div class=\"elementor-inner\">\n\t\t\t\t\t\t\t<div class=\"elementor-section-wrap\">\n\t\t\t\t\t\t\t<section class=\"elementor-section elementor-top-section elementor-element elementor-element-b3de27f elementor-section-boxed elementor-section-height-default elementor-section-height-default\" data-id=\"b3de27f\" data-element_type=\"section\">\n\t\t\t\t\t\t<div class=\"elementor-container elementor-column-gap-default\">\n\t\t\t\t\t\t\t<div class=\"elementor-row\">\n\t\t\t\t\t<div class=\"elementor-column elementor-col-100 elementor-top-column elementor-element elementor-element-c952d72\" data-id=\"c952d72\" data-element_type=\"column\">\n\t\t\t<div class=\"elementor-column-wrap elementor-element-populated\">\n\t\t\t\t\t\t\t<div class=\"elementor-widget-wrap\">\n\t\t\t\t\t\t<div class=\"elementor-element elementor-element-cc30db6 elementor-widget elementor-widget-heading\" data-id=\"cc30db6\" data-element_type=\"widget\" data-widget_type=\"heading.default\">\n\t\t\t\t<div class=\"elementor-widget-container\">\n\t\t\t<h2 class=\"elementor-heading-title elementor-size-default\">Kavaga tutvumiseks kliki kiriku nimele<\/h2>\t\t<\/div>\n\t\t\t\t<\/div>\n\t\t\t\t\t\t<\/div>\n\t\t\t\t\t<\/div>\n\t\t<\/div>\n\t\t\t\t\t\t\t\t<\/div>\n\t\t\t\t\t<\/div>\n\t\t<\/section>\n\t\t\t\t<section class=\"elementor-section elementor-top-section elementor-element elementor-element-9724cbd elementor-section-boxed elementor-section-height-default elementor-section-height-default\" data-id=\"9724cbd\" data-element_type=\"section\">\n\t\t\t\t\t\t<div class=\"elementor-container elementor-column-gap-default\">\n\t\t\t\t\t\t\t<div class=\"elementor-row\">\n\t\t\t\t\t<div class=\"elementor-column elementor-col-33 elementor-top-column elementor-element elementor-element-cf51567\" data-id=\"cf51567\" data-element_type=\"column\">\n\t\t\t<div class=\"elementor-column-wrap elementor-element-populated\">\n\t\t\t\t\t\t\t<div class=\"elementor-widget-wrap\">\n\t\t\t\t\t\t<div class=\"elementor-element elementor-element-4316383 elementor-widget elementor-widget-heading\" data-id=\"4316383\" data-element_type=\"widget\" data-widget_type=\"heading.default\">\n\t\t\t\t<div class=\"elementor-widget-container\">\n\t\t\t<h2 class=\"elementor-heading-title elementor-size-default\">Tartumaa<\/h2>\t\t<\/div>\n\t\t\t\t<\/div>\n\t\t\t\t<div class=\"elementor-element elementor-element-97487f8 elementor-widget elementor-widget-text-editor\" data-id=\"97487f8\" data-element_type=\"widget\" data-widget_type=\"text-editor.default\">\n\t\t\t\t<div class=\"elementor-widget-container\">\n\t\t\t\t\t\t\t\t<div class=\"elementor-text-editor elementor-clearfix\">\n\t\t\t\t\t<ul><li><a href=\"https:\/\/kirikute\u00f6\u00f6.ee\/?page_id=269\">Tartu Peetri kirik<\/a><\/li><li><a href=\"https:\/\/kirikute\u00f6\u00f6.ee\/?page_id=299\">Tartu Jaani kirik<\/a><\/li><li><a href=\"https:\/\/kirikute\u00f6\u00f6.ee\/?page_id=294\">Tartu Katoliku kirik<\/a><\/li><li><a href=\"https:\/\/kirikute\u00f6\u00f6.ee\/?page_id=461\">Tartu P\u00fcha Luuka kirik<\/a><\/li><li><a href=\"https:\/\/kirikute\u00f6\u00f6.ee\/?page_id=302\">Tartu Maarja kirik<\/a><\/li><li><a href=\"https:\/\/kirikute\u00f6\u00f6.ee\/?page_id=287\">Tartu Pauluse kirik<\/a><\/li><li><a href=\"https:\/\/kirikute\u00f6\u00f6.ee\/?page_id=449\">Tartu Salemi Baptistikogudus<\/a><\/li><li><a href=\"https:\/\/kirikute\u00f6\u00f6.ee\/?page_id=328\">Tartu Kolgata Baptistikogudus<\/a><\/li><li><a href=\"https:\/\/kirikute\u00f6\u00f6.ee\/?page_id=784\">Tartu Adventkogudus<\/a><\/li><li><a href=\"https:\/\/kirikute\u00f6\u00f6.ee\/?page_id=703\">Tartu Maranata kogudus<\/a><\/li><li><a href=\"https:\/\/kirikute\u00f6\u00f6.ee\/?page_id=3736\">Tartu Georgi kirik<\/a><\/li><li><a href=\"https:\/\/kirikute\u00f6\u00f6.ee\/?page_id=509\">Tartu P\u00fchade Aleksandrite kirik<\/a><\/li><li><a href=\"https:\/\/kirikute\u00f6\u00f6.ee\/?page_id=518\">N\u00f5o P\u00fcha Laurentsiuse kirik<\/a><\/li><li><a href=\"https:\/\/kirikute\u00f6\u00f6.ee\/?page_id=2013\">Rannu P\u00fcha Martini kirik<\/a><\/li><li><a href=\"https:\/\/kirikute\u00f6\u00f6.ee\/?page_id=2175\">Rannu Issanda Jeruusalemma Minemise kirik<\/a><\/li><li><a href=\"https:\/\/kirikute\u00f6\u00f6.ee\/?page_id=3590\">Elva Baptistikogudus<\/a><\/li><li><a href=\"https:\/\/kirikute\u00f6\u00f6.ee\/?page_id=472\">Puhja Dionysiuse kirik<\/a><\/li><li><a href=\"https:\/\/kirikute\u00f6\u00f6.ee\/?page_id=2686\">R\u00f5ngu kirik<\/a><\/li><\/ul>\t\t\t\t\t<\/div>\n\t\t\t\t\t\t<\/div>\n\t\t\t\t<\/div>\n\t\t\t\t\t\t<\/div>\n\t\t\t\t\t<\/div>\n\t\t<\/div>\n\t\t\t\t<div class=\"elementor-column elementor-col-33 elementor-top-column elementor-element elementor-element-d773f79\" data-id=\"d773f79\" data-element_type=\"column\">\n\t\t\t<div class=\"elementor-column-wrap elementor-element-populated\">\n\t\t\t\t\t\t\t<div class=\"elementor-widget-wrap\">\n\t\t\t\t\t\t<div class=\"elementor-element elementor-element-ed0ee35 elementor-widget elementor-widget-heading\" data-id=\"ed0ee35\" data-element_type=\"widget\" data-widget_type=\"heading.default\">\n\t\t\t\t<div class=\"elementor-widget-container\">\n\t\t\t<h2 class=\"elementor-heading-title elementor-size-default\">Viljandimaa<\/h2>\t\t<\/div>\n\t\t\t\t<\/div>\n\t\t\t\t<div class=\"elementor-element elementor-element-7425ea5 elementor-widget elementor-widget-text-editor\" data-id=\"7425ea5\" data-element_type=\"widget\" data-widget_type=\"text-editor.default\">\n\t\t\t\t<div class=\"elementor-widget-container\">\n\t\t\t\t\t\t\t\t<div class=\"elementor-text-editor elementor-clearfix\">\n\t\t\t\t\t<ul><li><a href=\"https:\/\/kirikute\u00f6\u00f6.ee\/?page_id=374\">Viljandi Pauluse kirik<\/a><\/li><li><a href=\"https:\/\/kirikute\u00f6\u00f6.ee\/?page_id=4125\">Paistu Maarja kirik<\/a><\/li><li><a href=\"https:\/\/kirikute\u00f6\u00f6.ee\/?page_id=819\">Kolga-Jaani kirik<\/a><\/li><\/ul>\t\t\t\t\t<\/div>\n\t\t\t\t\t\t<\/div>\n\t\t\t\t<\/div>\n\t\t\t\t\t\t<\/div>\n\t\t\t\t\t<\/div>\n\t\t<\/div>\n\t\t\t\t<div class=\"elementor-column elementor-col-33 elementor-top-column elementor-element elementor-element-5cbcad8\" data-id=\"5cbcad8\" data-element_type=\"column\">\n\t\t\t<div class=\"elementor-column-wrap elementor-element-populated\">\n\t\t\t\t\t\t\t<div class=\"elementor-widget-wrap\">\n\t\t\t\t\t\t<div class=\"elementor-element elementor-element-67dc8c9 elementor-widget elementor-widget-heading\" data-id=\"67dc8c9\" data-element_type=\"widget\" data-widget_type=\"heading.default\">\n\t\t\t\t<div class=\"elementor-widget-container\">\n\t\t\t<h2 class=\"elementor-heading-title elementor-size-default\">Valgamaa<\/h2>\t\t<\/div>\n\t\t\t\t<\/div>\n\t\t\t\t<div class=\"elementor-element elementor-element-aa5db52 elementor-widget elementor-widget-text-editor\" data-id=\"aa5db52\" data-element_type=\"widget\" data-widget_type=\"text-editor.default\">\n\t\t\t\t<div class=\"elementor-widget-container\">\n\t\t\t\t\t\t\t\t<div class=\"elementor-text-editor elementor-clearfix\">\n\t\t\t\t\t<ul><li><a href=\"https:\/\/kirikute\u00f6\u00f6.ee\/?page_id=4269\">Taagepera Jaani kirik<\/a><\/li><li><a href=\"https:\/\/kirikute\u00f6\u00f6.ee\/?page_id=2487\">Laatre kirik<\/a><\/li><li><a href=\"https:\/\/kirikute\u00f6\u00f6.ee\/?page_id=2510\">Otep\u00e4\u00e4 Maarja kirik<\/a><\/li><li><a href=\"https:\/\/kirikute\u00f6\u00f6.ee\/?page_id=631\">Valga Jaani kirik<\/a><\/li><li><a href=\"https:\/\/kirikute\u00f6\u00f6.ee\/?page_id=645\">Valga P\u00fcha Vaimu Roomakatoliku kirik<\/a><\/li><li><a href=\"https:\/\/kirikute\u00f6\u00f6.ee\/?page_id=648\">Valga Betaania kogudus<\/a><\/li><li><a href=\"https:\/\/kirikute\u00f6\u00f6.ee\/?page_id=615\">Valga Vladimiri Jumalaema Ikooni kirik<\/a><\/li><li><a href=\"https:\/\/kirikute\u00f6\u00f6.ee\/?page_id=624\">Valga Issidori peakirik<\/a><\/li><li><a href=\"https:\/\/kirikute\u00f6\u00f6.ee\/?page_id=654\">Valga Nelip\u00fchi kirik<\/a><\/li><li><a href=\"https:\/\/kirikute\u00f6\u00f6.ee\/?page_id=661\">Valga Adventkirik<\/a><\/li><li><a href=\"https:\/\/kirikute\u00f6\u00f6.ee\/?page_id=675\">Valka Luga\u017ei kirik<\/a><\/li><\/ul>\t\t\t\t\t<\/div>\n\t\t\t\t\t\t<\/div>\n\t\t\t\t<\/div>\n\t\t\t\t\t\t<\/div>\n\t\t\t\t\t<\/div>\n\t\t<\/div>\n\t\t\t\t\t\t\t\t<\/div>\n\t\t\t\t\t<\/div>\n\t\t<\/section>\n\t\t\t\t<section class=\"elementor-section elementor-top-section elementor-element elementor-element-fb5aacb elementor-section-boxed elementor-section-height-default elementor-section-height-default\" data-id=\"fb5aacb\" data-element_type=\"section\">\n\t\t\t\t\t\t<div class=\"elementor-container elementor-column-gap-default\">\n\t\t\t\t\t\t\t<div class=\"elementor-row\">\n\t\t\t\t\t<div class=\"elementor-column elementor-col-33 elementor-top-column elementor-element elementor-element-6359729\" data-id=\"6359729\" data-element_type=\"column\">\n\t\t\t<div class=\"elementor-column-wrap elementor-element-populated\">\n\t\t\t\t\t\t\t<div class=\"elementor-widget-wrap\">\n\t\t\t\t\t\t<div class=\"elementor-element elementor-element-832bea3 elementor-widget elementor-widget-heading\" data-id=\"832bea3\" data-element_type=\"widget\" data-widget_type=\"heading.default\">\n\t\t\t\t<div class=\"elementor-widget-container\">\n\t\t\t<h2 class=\"elementor-heading-title elementor-size-default\">P\u00e4rnumaa<\/h2>\t\t<\/div>\n\t\t\t\t<\/div>\n\t\t\t\t<div class=\"elementor-element elementor-element-e596380 elementor-widget elementor-widget-text-editor\" data-id=\"e596380\" data-element_type=\"widget\" data-widget_type=\"text-editor.default\">\n\t\t\t\t<div class=\"elementor-widget-container\">\n\t\t\t\t\t\t\t\t<div class=\"elementor-text-editor elementor-clearfix\">\n\t\t\t\t\t<ul><li><a href=\"https:\/\/kirikute\u00f6\u00f6.ee\/?page_id=856\">Eesti S\u00f5jameeste M\u00e4lestuskirik Toris<\/a><\/li><li><a href=\"https:\/\/kirikute\u00f6\u00f6.ee\/?page_id=3997\">Audru P\u00fcha Risti kirik<\/a><\/li><li><a href=\"https:\/\/kirikute\u00f6\u00f6.ee\/?page_id=865\">P\u00e4rnu Agape kogudus<\/a><\/li><li><a href=\"https:\/\/kirikute\u00f6\u00f6.ee\/?page_id=843\">P\u00e4rnu Eliisabeti kirik<\/a><\/li><li><a href=\"https:\/\/kirikute\u00f6\u00f6.ee\/?page_id=850\">P\u00e4rnu Adventkogudus<\/a><\/li><li><a href=\"https:\/\/kirikute\u00f6\u00f6.ee\/?page_id=3908\">P\u00e4rnu Issandamuutmise katedraal<\/a><\/li><li><a href=\"https:\/\/kirikute\u00f6\u00f6.ee\/?page_id=958\">P\u00e4rnu Saalemi palvela<\/a><\/li><\/ul>\t\t\t\t\t<\/div>\n\t\t\t\t\t\t<\/div>\n\t\t\t\t<\/div>\n\t\t\t\t\t\t<\/div>\n\t\t\t\t\t<\/div>\n\t\t<\/div>\n\t\t\t\t<div class=\"elementor-column elementor-col-33 elementor-top-column elementor-element elementor-element-5244d86\" data-id=\"5244d86\" data-element_type=\"column\">\n\t\t\t<div class=\"elementor-column-wrap elementor-element-populated\">\n\t\t\t\t\t\t\t<div class=\"elementor-widget-wrap\">\n\t\t\t\t\t\t<div class=\"elementor-element elementor-element-c3d86ee elementor-widget elementor-widget-heading\" data-id=\"c3d86ee\" data-element_type=\"widget\" data-widget_type=\"heading.default\">\n\t\t\t\t<div class=\"elementor-widget-container\">\n\t\t\t<h2 class=\"elementor-heading-title elementor-size-default\">Harjumaa<\/h2>\t\t<\/div>\n\t\t\t\t<\/div>\n\t\t\t\t<div class=\"elementor-element elementor-element-8f7b003 elementor-widget elementor-widget-text-editor\" data-id=\"8f7b003\" data-element_type=\"widget\" data-widget_type=\"text-editor.default\">\n\t\t\t\t<div class=\"elementor-widget-container\">\n\t\t\t\t\t\t\t\t<div class=\"elementor-text-editor elementor-clearfix\">\n\t\t\t\t\t<ul><li><a href=\"https:\/\/kirikute\u00f6\u00f6.ee\/?page_id=3418\">J\u00f5el\u00e4htme Maarja kirik<\/a><\/li><li><a href=\"https:\/\/kirikute\u00f6\u00f6.ee\/?page_id=4360\">Kuusalu kirik<\/a><\/li><li><a href=\"https:\/\/kirikute\u00f6\u00f6.ee\/?page_id=3707\">Mustam\u00e4e Maarja Magdaleena kirik<\/a><\/li><li><a href=\"https:\/\/kirikute\u00f6\u00f6.ee\/?page_id=334\">Harju-Madise kirik<\/a><\/li><\/ul>\t\t\t\t\t<\/div>\n\t\t\t\t\t\t<\/div>\n\t\t\t\t<\/div>\n\t\t\t\t\t\t<\/div>\n\t\t\t\t\t<\/div>\n\t\t<\/div>\n\t\t\t\t<div class=\"elementor-column elementor-col-33 elementor-top-column elementor-element elementor-element-7216aa7\" data-id=\"7216aa7\" data-element_type=\"column\">\n\t\t\t<div class=\"elementor-column-wrap elementor-element-populated\">\n\t\t\t\t\t\t\t<div class=\"elementor-widget-wrap\">\n\t\t\t\t\t\t<div class=\"elementor-element elementor-element-3a97678 elementor-widget elementor-widget-heading\" data-id=\"3a97678\" data-element_type=\"widget\" data-widget_type=\"heading.default\">\n\t\t\t\t<div class=\"elementor-widget-container\">\n\t\t\t<h2 class=\"elementor-heading-title elementor-size-default\">Virumaa<\/h2>\t\t<\/div>\n\t\t\t\t<\/div>\n\t\t\t\t<div class=\"elementor-element elementor-element-a8173bc elementor-widget elementor-widget-text-editor\" data-id=\"a8173bc\" data-element_type=\"widget\" data-widget_type=\"text-editor.default\">\n\t\t\t\t<div class=\"elementor-widget-container\">\n\t\t\t\t\t\t\t\t<div class=\"elementor-text-editor elementor-clearfix\">\n\t\t\t\t\t<ul><li><a href=\"https:\/\/kirikute\u00f6\u00f6.ee\/?page_id=4136\">Viru-Jaagupi kirik<\/a><\/li><li><a href=\"https:\/\/kirikute\u00f6\u00f6.ee\/?page_id=4821\">Tudu kirik<\/a><\/li><li><a href=\"https:\/\/kirikute\u00f6\u00f6.ee\/?page_id=3789\">Viru-Nigula kirik<\/a><\/li><li><a href=\"https:\/\/kirikute\u00f6\u00f6.ee\/?page_id=1919\">Ilum\u00e4e kirik<\/a><\/li><li><a href=\"https:\/\/kirikute\u00f6\u00f6.ee\/?page_id=735\">K\u00e4smu kirik<\/a><\/li><li><a href=\"https:\/\/kirikute\u00f6\u00f6.ee\/?page_id=394\">Narva Aleksandri kirik<\/a><\/li><\/ul>\t\t\t\t\t<\/div>\n\t\t\t\t\t\t<\/div>\n\t\t\t\t<\/div>\n\t\t\t\t\t\t<\/div>\n\t\t\t\t\t<\/div>\n\t\t<\/div>\n\t\t\t\t\t\t\t\t<\/div>\n\t\t\t\t\t<\/div>\n\t\t<\/section>\n\t\t\t\t<section class=\"elementor-section elementor-top-section elementor-element elementor-element-8df93a2 elementor-section-boxed elementor-section-height-default elementor-section-height-default\" data-id=\"8df93a2\" data-element_type=\"section\">\n\t\t\t\t\t\t<div class=\"elementor-container elementor-column-gap-default\">\n\t\t\t\t\t\t\t<div class=\"elementor-row\">\n\t\t\t\t\t<div class=\"elementor-column elementor-col-33 elementor-top-column elementor-element elementor-element-a07de7a\" data-id=\"a07de7a\" data-element_type=\"column\">\n\t\t\t<div class=\"elementor-column-wrap elementor-element-populated\">\n\t\t\t\t\t\t\t<div class=\"elementor-widget-wrap\">\n\t\t\t\t\t\t<div class=\"elementor-element elementor-element-d7dd35f elementor-widget elementor-widget-heading\" data-id=\"d7dd35f\" data-element_type=\"widget\" data-widget_type=\"heading.default\">\n\t\t\t\t<div class=\"elementor-widget-container\">\n\t\t\t<h2 class=\"elementor-heading-title elementor-size-default\">J\u00f5gevamaa<\/h2>\t\t<\/div>\n\t\t\t\t<\/div>\n\t\t\t\t<div class=\"elementor-element elementor-element-5b6bfc5 elementor-widget elementor-widget-text-editor\" data-id=\"5b6bfc5\" data-element_type=\"widget\" data-widget_type=\"text-editor.default\">\n\t\t\t\t<div class=\"elementor-widget-container\">\n\t\t\t\t\t\t\t\t<div class=\"elementor-text-editor elementor-clearfix\">\n\t\t\t\t\t<ul><li><a href=\"https:\/\/kirikute\u00f6\u00f6.ee\/?page_id=4156\">EA\u00d5K Kaarepere kirik<\/a><\/li><\/ul>\t\t\t\t\t<\/div>\n\t\t\t\t\t\t<\/div>\n\t\t\t\t<\/div>\n\t\t\t\t\t\t<\/div>\n\t\t\t\t\t<\/div>\n\t\t<\/div>\n\t\t\t\t<div class=\"elementor-column elementor-col-33 elementor-top-column elementor-element elementor-element-13bfa33\" data-id=\"13bfa33\" data-element_type=\"column\">\n\t\t\t<div class=\"elementor-column-wrap elementor-element-populated\">\n\t\t\t\t\t\t\t<div class=\"elementor-widget-wrap\">\n\t\t\t\t\t\t<div class=\"elementor-element elementor-element-4c39f40 elementor-widget elementor-widget-heading\" data-id=\"4c39f40\" data-element_type=\"widget\" data-widget_type=\"heading.default\">\n\t\t\t\t<div class=\"elementor-widget-container\">\n\t\t\t<h2 class=\"elementor-heading-title elementor-size-default\">L\u00e4\u00e4nemaa ja Saaremaa<\/h2>\t\t<\/div>\n\t\t\t\t<\/div>\n\t\t\t\t<div class=\"elementor-element elementor-element-1d7ea4d elementor-widget elementor-widget-text-editor\" data-id=\"1d7ea4d\" data-element_type=\"widget\" data-widget_type=\"text-editor.default\">\n\t\t\t\t<div class=\"elementor-widget-container\">\n\t\t\t\t\t\t\t\t<div class=\"elementor-text-editor elementor-clearfix\">\n\t\t\t\t\t<ul><li><a href=\"https:\/\/kirikute\u00f6\u00f6.ee\/?page_id=4466\">N\u00f5va kirik<\/a><\/li><li><a href=\"https:\/\/kirikute\u00f6\u00f6.ee\/?page_id=3887\">L\u00e4\u00e4ne-Nigula kirik<\/a><\/li><li><a href=\"https:\/\/kirikute\u00f6\u00f6.ee\/?page_id=3936\">Haapsalu Adventkogudus<\/a><\/li><li><a href=\"https:\/\/kirikute\u00f6\u00f6.ee\/?page_id=934\">Ridala kirik<\/a><\/li><\/ul>\t\t\t\t\t<\/div>\n\t\t\t\t\t\t<\/div>\n\t\t\t\t<\/div>\n\t\t\t\t\t\t<\/div>\n\t\t\t\t\t<\/div>\n\t\t<\/div>\n\t\t\t\t<div class=\"elementor-column elementor-col-33 elementor-top-column elementor-element elementor-element-6b6108b\" data-id=\"6b6108b\" data-element_type=\"column\">\n\t\t\t<div class=\"elementor-column-wrap elementor-element-populated\">\n\t\t\t\t\t\t\t<div class=\"elementor-widget-wrap\">\n\t\t\t\t\t\t<div class=\"elementor-element elementor-element-a915a77 elementor-widget elementor-widget-heading\" data-id=\"a915a77\" data-element_type=\"widget\" data-widget_type=\"heading.default\">\n\t\t\t\t<div class=\"elementor-widget-container\">\n\t\t\t<h2 class=\"elementor-heading-title elementor-size-default\">J\u00e4rvamaa<\/h2>\t\t<\/div>\n\t\t\t\t<\/div>\n\t\t\t\t<div class=\"elementor-element elementor-element-f905cc7 elementor-widget elementor-widget-text-editor\" data-id=\"f905cc7\" data-element_type=\"widget\" data-widget_type=\"text-editor.default\">\n\t\t\t\t<div class=\"elementor-widget-container\">\n\t\t\t\t\t\t\t\t<div class=\"elementor-text-editor elementor-clearfix\">\n\t\t\t\t\t<ul><li><a href=\"https:\/\/kirikute\u00f6\u00f6.ee\/?page_id=343\">J\u00e4rva-Madise kirik<\/a><\/li><li><a href=\"https:\/\/kirikute\u00f6\u00f6.ee\/?page_id=2368\">Ambla Maarja kirik<\/a><\/li><\/ul>\t\t\t\t\t<\/div>\n\t\t\t\t\t\t<\/div>\n\t\t\t\t<\/div>\n\t\t\t\t\t\t<\/div>\n\t\t\t\t\t<\/div>\n\t\t<\/div>\n\t\t\t\t\t\t\t\t<\/div>\n\t\t\t\t\t<\/div>\n\t\t<\/section>\n\t\t\t\t\t\t<\/div>\n\t\t\t\t\t\t<\/div>\n\t\t\t\t\t<\/div>\n\t\t","protected":false},"excerpt":{"rendered":"<p>Kavaga tutvumiseks kliki kiriku nimele Tartumaa Tartu Peetri kirik Tartu Jaani kirik Tartu Katoliku kirik Tartu P\u00fcha Luuka kirik Tartu Maarja kirik Tartu Pauluse kirik Tartu Salemi Baptistikogudus Tartu Kolgata Baptistikogudus Tartu Adventkogudus Tartu Maranata kogudus Tartu Georgi kirik Tartu P\u00fchade Aleksandrite kirik N\u00f5o P\u00fcha Laurentsiuse kirik Rannu P\u00fcha Martini kirik Rannu Issanda Jeruusalemma Minemise [&hellip;]<\/p>\n","protected":false},"author":1,"featured_media":0,"parent":0,"menu_order":0,"comment_status":"closed","ping_status":"closed","template":"","meta":{"footnotes":""},"wf_page_folders":[24],"class_list":["post-306","page","type-page","status-publish","hentry","entry"],"_links":{"self":[{"href":"https:\/\/kirikute\u00f6\u00f6.ee\/index.php?rest_route=\/wp\/v2\/pages\/306","targetHints":{"allow":["GET"]}}],"collection":[{"href":"https:\/\/kirikute\u00f6\u00f6.ee\/index.php?rest_route=\/wp\/v2\/pages"}],"about":[{"href":"https:\/\/kirikute\u00f6\u00f6.ee\/index.php?rest_route=\/wp\/v2\/types\/page"}],"author":[{"embeddable":true,"href":"https:\/\/kirikute\u00f6\u00f6.ee\/index.php?rest_route=\/wp\/v2\/users\/1"}],"replies":[{"embeddable":true,"href":"https:\/\/kirikute\u00f6\u00f6.ee\/index.php?rest_route=%2Fwp%2Fv2%2Fcomments&post=306"}],"version-history":[{"count":724,"href":"https:\/\/kirikute\u00f6\u00f6.ee\/index.php?rest_route=\/wp\/v2\/pages\/306\/revisions"}],"predecessor-version":[{"id":5013,"href":"https:\/\/kirikute\u00f6\u00f6.ee\/index.php?rest_route=\/wp\/v2\/pages\/306\/revisions\/5013"}],"wp:attachment":[{"href":"https:\/\/kirikute\u00f6\u00f6.ee\/index.php?rest_route=%2Fwp%2Fv2%2Fmedia&parent=306"}],"wp:term":[{"taxonomy":"wf_page_folders","embeddable":true,"href":"https:\/\/kirikute\u00f6\u00f6.ee\/index.php?rest_route=%2Fwp%2Fv2%2Fwf_page_folders&post=306"}],"curies":[{"name":"wp","href":"https:\/\/api.w.org\/{rel}","templated":true}]}}