{"id":328,"date":"2019-04-25T09:12:41","date_gmt":"2019-04-25T06:12:41","guid":{"rendered":"https:\/\/kirikute\u00f6\u00f6.ee\/?page_id=328"},"modified":"2026-05-07T21:04:43","modified_gmt":"2026-05-07T18:04:43","slug":"tartu-kolgata","status":"publish","type":"page","link":"https:\/\/kirikute\u00f6\u00f6.ee\/?page_id=328","title":{"rendered":"tartu-kolgata"},"content":{"rendered":"\t\t<div data-elementor-type=\"wp-post\" data-elementor-id=\"328\" class=\"elementor elementor-328\" data-elementor-settings=\"[]\">\n\t\t\t\t\t\t<div class=\"elementor-inner\">\n\t\t\t\t\t\t\t<div class=\"elementor-section-wrap\">\n\t\t\t\t\t\t\t<section class=\"elementor-section elementor-top-section elementor-element elementor-element-7a46951d elementor-section-boxed elementor-section-height-default elementor-section-height-default\" data-id=\"7a46951d\" data-element_type=\"section\">\n\t\t\t\t\t\t<div class=\"elementor-container elementor-column-gap-default\">\n\t\t\t\t\t\t\t<div class=\"elementor-row\">\n\t\t\t\t\t<div class=\"elementor-column elementor-col-100 elementor-top-column elementor-element elementor-element-4bbafcba\" data-id=\"4bbafcba\" data-element_type=\"column\">\n\t\t\t<div class=\"elementor-column-wrap elementor-element-populated\">\n\t\t\t\t\t\t\t<div class=\"elementor-widget-wrap\">\n\t\t\t\t\t\t<div class=\"elementor-element elementor-element-113659df elementor-widget elementor-widget-heading\" data-id=\"113659df\" data-element_type=\"widget\" data-widget_type=\"heading.default\">\n\t\t\t\t<div class=\"elementor-widget-container\">\n\t\t\t<h2 class=\"elementor-heading-title elementor-size-large\">Tartu Kolgata kogudus<\/h2>\t\t<\/div>\n\t\t\t\t<\/div>\n\t\t\t\t<section class=\"elementor-section elementor-inner-section elementor-element elementor-element-470debf1 elementor-section-full_width elementor-section-content-top elementor-section-height-default elementor-section-height-default\" data-id=\"470debf1\" data-element_type=\"section\">\n\t\t\t\t\t\t<div class=\"elementor-container elementor-column-gap-default\">\n\t\t\t\t\t\t\t<div class=\"elementor-row\">\n\t\t\t\t\t<div class=\"elementor-column elementor-col-100 elementor-inner-column elementor-element elementor-element-5dd9072d\" data-id=\"5dd9072d\" data-element_type=\"column\">\n\t\t\t<div class=\"elementor-column-wrap elementor-element-populated\">\n\t\t\t\t\t\t\t<div class=\"elementor-widget-wrap\">\n\t\t\t\t\t\t<div class=\"elementor-element elementor-element-2930fcba elementor-widget elementor-widget-text-editor\" data-id=\"2930fcba\" data-element_type=\"widget\" data-widget_type=\"text-editor.default\">\n\t\t\t\t<div class=\"elementor-widget-container\">\n\t\t\t\t\t\t\t\t<div class=\"elementor-text-editor elementor-clearfix\">\n\t\t\t\t\t<ul><li class=\"gmail_default\">\u00a0Tutvustav <strong>RINGK\u00c4IK<\/strong> igale sisseastujale<\/li><li class=\"gmail_default\">\u00a0<strong>ARVAMISM\u00c4NG<\/strong>: &#8220;Piiblist v\u00f5i rahvasuust?&#8221;<\/li><li class=\"gmail_default\">Jala- ja hingepuhkamise <strong>KOHVIK<\/strong><\/li><li class=\"gmail_default\">&#8211; Soovi korral <strong>PALVETAME<\/strong> k\u00fclastajate eest<\/li><li class=\"gmail_default\"><strong>Lastetegevused<\/strong><\/li><li class=\"gmail_default\">V\u00e4ikeses saalis <strong>NOORTE\u00d5HTU<\/strong> 18:30<\/li><\/ul>\t\t\t\t\t<\/div>\n\t\t\t\t\t\t<\/div>\n\t\t\t\t<\/div>\n\t\t\t\t\t\t<\/div>\n\t\t\t\t\t<\/div>\n\t\t<\/div>\n\t\t\t\t\t\t\t\t<\/div>\n\t\t\t\t\t<\/div>\n\t\t<\/section>\n\t\t\t\t<section class=\"elementor-section elementor-inner-section elementor-element elementor-element-52a03456 elementor-section-boxed elementor-section-height-default elementor-section-height-default\" data-id=\"52a03456\" data-element_type=\"section\">\n\t\t\t\t\t\t<div class=\"elementor-container elementor-column-gap-default\">\n\t\t\t\t\t\t\t<div class=\"elementor-row\">\n\t\t\t\t\t<div class=\"elementor-column elementor-col-50 elementor-inner-column elementor-element elementor-element-43af249c\" data-id=\"43af249c\" data-element_type=\"column\">\n\t\t\t<div class=\"elementor-column-wrap elementor-element-populated\">\n\t\t\t\t\t\t\t<div class=\"elementor-widget-wrap\">\n\t\t\t\t\t\t<div class=\"elementor-element elementor-element-436cf386 elementor-widget elementor-widget-image\" data-id=\"436cf386\" data-element_type=\"widget\" data-widget_type=\"image.default\">\n\t\t\t\t<div class=\"elementor-widget-container\">\n\t\t\t\t\t\t\t\t<div class=\"elementor-image\">\n\t\t\t\t\t\t\t\t\t\t\t\t<img loading=\"lazy\" decoding=\"async\" width=\"300\" height=\"300\" src=\"https:\/\/kirikute\u00f6\u00f6.ee\/wp-content\/uploads\/2019\/04\/tartukolgata400-300x300.jpg\" class=\"attachment-medium size-medium\" alt=\"\" srcset=\"https:\/\/kirikute\u00f6\u00f6.ee\/wp-content\/uploads\/2019\/04\/tartukolgata400-300x300.jpg 300w, https:\/\/kirikute\u00f6\u00f6.ee\/wp-content\/uploads\/2019\/04\/tartukolgata400-150x150.jpg 150w, https:\/\/kirikute\u00f6\u00f6.ee\/wp-content\/uploads\/2019\/04\/tartukolgata400.jpg 400w\" sizes=\"auto, (max-width: 300px) 100vw, 300px\" \/>\t\t\t\t\t\t\t\t\t\t\t\t\t\t<\/div>\n\t\t\t\t\t\t<\/div>\n\t\t\t\t<\/div>\n\t\t\t\t\t\t<\/div>\n\t\t\t\t\t<\/div>\n\t\t<\/div>\n\t\t\t\t<div class=\"elementor-column elementor-col-50 elementor-inner-column elementor-element elementor-element-833a4cd\" data-id=\"833a4cd\" data-element_type=\"column\">\n\t\t\t<div class=\"elementor-column-wrap elementor-element-populated\">\n\t\t\t\t\t\t\t<div class=\"elementor-widget-wrap\">\n\t\t\t\t\t\t<div class=\"elementor-element elementor-element-4b294be8 elementor-widget elementor-widget-text-editor\" data-id=\"4b294be8\" data-element_type=\"widget\" data-widget_type=\"text-editor.default\">\n\t\t\t\t<div class=\"elementor-widget-container\">\n\t\t\t\t\t\t\t\t<div class=\"elementor-text-editor elementor-clearfix\">\n\t\t\t\t\t<p>Tartu Kolgata baptistikoguduse jaoks oli suur ime kolida 2013. aastal kaasaegsesse kirikuhoonesse Veski t\u00e4naval.<br \/>Kolgata koguduse rikkuseks on k\u00f5igide p\u00f5lvkondade \u00fchine jumalateenimine. Oleme kogenud, et usk Jeesusesse muudab elusid ning annab rahu ja r\u00f5\u00f5mu eluks.<br \/>Vabamas vormis jumalateenistusi viivad s\u00f5nav\u00f5ttude ja eri stiilis muusikaga l\u00e4bi paljud erinevad koguduseliikmed, samal ajal on lastele tunnid neljas vanuser\u00fchmas. Teenistustele j\u00e4rgneb kohvikuosadus. N\u00e4dala sees on noorte\u00f5htud eesti ja vene keeles, mitmeid v\u00e4iksemaid osadusgruppe. Oleme valmis palvetama iga inimese vajaduste eest, kui saadad neid palve@kolgata.ee<br \/>Kolgata kogudus rajati 1901. aastal. Aastatel 1931-2013 tegutseti Karlovas asuvas puitpalvelas. Veski tn kirik valmis linnaarhitekt Raal Kivi projekti j\u00e4rgi 1994. aastal uusapostliku kiriku jaoks, kes m\u00fc\u00fcsid hoone 2013. aastal Kolgata baptistikogudusele.<\/p>\t\t\t\t\t<\/div>\n\t\t\t\t\t\t<\/div>\n\t\t\t\t<\/div>\n\t\t\t\t\t\t<\/div>\n\t\t\t\t\t<\/div>\n\t\t<\/div>\n\t\t\t\t\t\t\t\t<\/div>\n\t\t\t\t\t<\/div>\n\t\t<\/section>\n\t\t\t\t<section class=\"elementor-section elementor-inner-section elementor-element elementor-element-30c600ae elementor-section-boxed elementor-section-height-default elementor-section-height-default\" data-id=\"30c600ae\" data-element_type=\"section\">\n\t\t\t\t\t\t<div class=\"elementor-container elementor-column-gap-default\">\n\t\t\t\t\t\t\t<div class=\"elementor-row\">\n\t\t\t\t\t<div class=\"elementor-column elementor-col-50 elementor-inner-column elementor-element elementor-element-39dbf054\" data-id=\"39dbf054\" data-element_type=\"column\">\n\t\t\t<div class=\"elementor-column-wrap elementor-element-populated\">\n\t\t\t\t\t\t\t<div class=\"elementor-widget-wrap\">\n\t\t\t\t\t\t<div class=\"elementor-element elementor-element-4865192e elementor-widget elementor-widget-google_maps\" data-id=\"4865192e\" data-element_type=\"widget\" data-widget_type=\"google_maps.default\">\n\t\t\t\t<div class=\"elementor-widget-container\">\n\t\t\t<div class=\"elementor-custom-embed\"><iframe frameborder=\"0\" scrolling=\"no\" marginheight=\"0\" marginwidth=\"0\" src=\"https:\/\/maps.google.com\/maps?q=Tartu%20Kolgata&amp;t=m&amp;z=13&amp;output=embed&amp;iwloc=near\" title=\"Tartu Kolgata\" aria-label=\"Tartu Kolgata\"><\/iframe><\/div>\t\t<\/div>\n\t\t\t\t<\/div>\n\t\t\t\t\t\t<\/div>\n\t\t\t\t\t<\/div>\n\t\t<\/div>\n\t\t\t\t<div class=\"elementor-column elementor-col-50 elementor-inner-column elementor-element elementor-element-4637ce16\" data-id=\"4637ce16\" data-element_type=\"column\">\n\t\t\t<div class=\"elementor-column-wrap elementor-element-populated\">\n\t\t\t\t\t\t\t<div class=\"elementor-widget-wrap\">\n\t\t\t\t\t\t<div class=\"elementor-element elementor-element-1e33dcc elementor-widget elementor-widget-text-editor\" data-id=\"1e33dcc\" data-element_type=\"widget\" data-widget_type=\"text-editor.default\">\n\t\t\t\t<div class=\"elementor-widget-container\">\n\t\t\t\t\t\t\t\t<div class=\"elementor-text-editor elementor-clearfix\">\n\t\t\t\t\t<p><strong>Aadress: Veski t 40, Tartu<\/strong><\/p><p><a href=\"http:\/\/www.kolgata.ee\/\"><strong><span style=\"color: #b50048;\">http:\/\/www.kolgata.ee\/<\/span><\/strong><\/a><\/p>\t\t\t\t\t<\/div>\n\t\t\t\t\t\t<\/div>\n\t\t\t\t<\/div>\n\t\t\t\t\t\t<\/div>\n\t\t\t\t\t<\/div>\n\t\t<\/div>\n\t\t\t\t\t\t\t\t<\/div>\n\t\t\t\t\t<\/div>\n\t\t<\/section>\n\t\t\t\t\t\t<\/div>\n\t\t\t\t\t<\/div>\n\t\t<\/div>\n\t\t\t\t\t\t\t\t<\/div>\n\t\t\t\t\t<\/div>\n\t\t<\/section>\n\t\t\t\t\t\t<\/div>\n\t\t\t\t\t\t<\/div>\n\t\t\t\t\t<\/div>\n\t\t","protected":false},"excerpt":{"rendered":"<p>Tartu Kolgata kogudus \u00a0Tutvustav RINGK\u00c4IK igale sisseastujale \u00a0ARVAMISM\u00c4NG: &#8220;Piiblist v\u00f5i rahvasuust?&#8221; Jala- ja hingepuhkamise KOHVIK &#8211; Soovi korral PALVETAME k\u00fclastajate eest Lastetegevused V\u00e4ikeses saalis NOORTE\u00d5HTU 18:30 Tartu Kolgata baptistikoguduse jaoks oli suur ime kolida 2013. aastal kaasaegsesse kirikuhoonesse Veski t\u00e4naval.Kolgata koguduse rikkuseks on k\u00f5igide p\u00f5lvkondade \u00fchine jumalateenimine. Oleme kogenud, et usk Jeesusesse muudab elusid ning [&hellip;]<\/p>\n","protected":false},"author":1,"featured_media":0,"parent":0,"menu_order":0,"comment_status":"closed","ping_status":"closed","template":"","meta":{"footnotes":""},"wf_page_folders":[15],"class_list":["post-328","page","type-page","status-publish","hentry","entry"],"_links":{"self":[{"href":"https:\/\/kirikute\u00f6\u00f6.ee\/index.php?rest_route=\/wp\/v2\/pages\/328","targetHints":{"allow":["GET"]}}],"collection":[{"href":"https:\/\/kirikute\u00f6\u00f6.ee\/index.php?rest_route=\/wp\/v2\/pages"}],"about":[{"href":"https:\/\/kirikute\u00f6\u00f6.ee\/index.php?rest_route=\/wp\/v2\/types\/page"}],"author":[{"embeddable":true,"href":"https:\/\/kirikute\u00f6\u00f6.ee\/index.php?rest_route=\/wp\/v2\/users\/1"}],"replies":[{"embeddable":true,"href":"https:\/\/kirikute\u00f6\u00f6.ee\/index.php?rest_route=%2Fwp%2Fv2%2Fcomments&post=328"}],"version-history":[{"count":35,"href":"https:\/\/kirikute\u00f6\u00f6.ee\/index.php?rest_route=\/wp\/v2\/pages\/328\/revisions"}],"predecessor-version":[{"id":5442,"href":"https:\/\/kirikute\u00f6\u00f6.ee\/index.php?rest_route=\/wp\/v2\/pages\/328\/revisions\/5442"}],"wp:attachment":[{"href":"https:\/\/kirikute\u00f6\u00f6.ee\/index.php?rest_route=%2Fwp%2Fv2%2Fmedia&parent=328"}],"wp:term":[{"taxonomy":"wf_page_folders","embeddable":true,"href":"https:\/\/kirikute\u00f6\u00f6.ee\/index.php?rest_route=%2Fwp%2Fv2%2Fwf_page_folders&post=328"}],"curies":[{"name":"wp","href":"https:\/\/api.w.org\/{rel}","templated":true}]}}