{"id":334,"date":"2019-04-25T09:39:32","date_gmt":"2019-04-25T06:39:32","guid":{"rendered":"https:\/\/kirikute\u00f6\u00f6.ee\/?page_id=334"},"modified":"2025-06-02T13:01:12","modified_gmt":"2025-06-02T10:01:12","slug":"harju-madise","status":"publish","type":"page","link":"https:\/\/kirikute\u00f6\u00f6.ee\/?page_id=334","title":{"rendered":"harju-madise"},"content":{"rendered":"\t\t<div data-elementor-type=\"wp-post\" data-elementor-id=\"334\" class=\"elementor elementor-334\" data-elementor-settings=\"[]\">\n\t\t\t\t\t\t<div class=\"elementor-inner\">\n\t\t\t\t\t\t\t<div class=\"elementor-section-wrap\">\n\t\t\t\t\t\t\t<section class=\"elementor-section elementor-top-section elementor-element elementor-element-6c0b0df5 elementor-section-boxed elementor-section-height-default elementor-section-height-default\" data-id=\"6c0b0df5\" data-element_type=\"section\">\n\t\t\t\t\t\t<div class=\"elementor-container elementor-column-gap-default\">\n\t\t\t\t\t\t\t<div class=\"elementor-row\">\n\t\t\t\t\t<div class=\"elementor-column elementor-col-100 elementor-top-column elementor-element elementor-element-25b1c288\" data-id=\"25b1c288\" data-element_type=\"column\">\n\t\t\t<div class=\"elementor-column-wrap elementor-element-populated\">\n\t\t\t\t\t\t\t<div class=\"elementor-widget-wrap\">\n\t\t\t\t\t\t<div class=\"elementor-element elementor-element-170bdfdc elementor-widget elementor-widget-heading\" data-id=\"170bdfdc\" data-element_type=\"widget\" data-widget_type=\"heading.default\">\n\t\t\t\t<div class=\"elementor-widget-container\">\n\t\t\t<h2 class=\"elementor-heading-title elementor-size-large\">Harju-Madise kirik<\/h2>\t\t<\/div>\n\t\t\t\t<\/div>\n\t\t\t\t<section class=\"elementor-section elementor-inner-section elementor-element elementor-element-5fa0ad5f elementor-section-full_width elementor-section-content-top elementor-section-height-default elementor-section-height-default\" data-id=\"5fa0ad5f\" data-element_type=\"section\">\n\t\t\t\t\t\t<div class=\"elementor-container elementor-column-gap-default\">\n\t\t\t\t\t\t\t<div class=\"elementor-row\">\n\t\t\t\t\t<div class=\"elementor-column elementor-col-100 elementor-inner-column elementor-element elementor-element-5a2b9f54\" data-id=\"5a2b9f54\" data-element_type=\"column\">\n\t\t\t<div class=\"elementor-column-wrap elementor-element-populated\">\n\t\t\t\t\t\t\t<div class=\"elementor-widget-wrap\">\n\t\t\t\t\t\t<div class=\"elementor-element elementor-element-560d5d65 elementor-widget elementor-widget-text-editor\" data-id=\"560d5d65\" data-element_type=\"widget\" data-widget_type=\"text-editor.default\">\n\t\t\t\t<div class=\"elementor-widget-container\">\n\t\t\t\t\t\t\t\t<div class=\"elementor-text-editor elementor-clearfix\">\n\t\t\t\t\t<p><b>Kirik avatud keskp\u00e4evast s\u00fcda\u00f6\u00f6ni kell 12-24.<\/b><\/p><ul><li><strong><span style=\"color: #000000;\">13.00 Kabel-galerii avamine. Kristel Anja-Palm tekstiil ja vaibad.<\/span><\/strong><ul><li><strong>Kristel Anija Palmi tekstiilid ja vaibad, Vilja Prometi maalid, Gea-Rahel Prometi digitaalmaalid ja Elvi P\u00e4rnametsa vaibad. Avamisel Mariliis Mirjam Kurg &#8211; viiul ja Erika Kaljusaar &#8211; Ema Teresa tekstid raamatust &#8220;Minu kutsumus on armastus&#8221;. Kabeli ees v\u00e4ike kohvilaud.<\/strong><\/li><\/ul><\/li><li><strong><strong style=\"font-size: 16px;\"><span style=\"color: #000000;\">17.00 Keldi palvete ja \u00f5nnistussoovide orelimuusika pooltund<\/span><\/strong><\/strong><ul><li><strong>Orelil Maris Tammsalu. Loeb Jaan Tammsalu<\/strong><\/li><\/ul><\/li><li><strong><span style=\"color: #000000;\">18.00 Keldi palvete ja \u00f5nnistussoovide orelimuusika pooltund<\/span><\/strong><ul><li><strong>Orelil Maris Tammsalu. Loeb Jaan Tammsalu<\/strong><\/li><\/ul><\/li><li><strong><span style=\"color: #000000;\">19.00 Kontsertm\u00f5tisklus<\/span><\/strong><ul><li><strong>Oksana Lohinova klaveril ja viiulitel Evelina Vegera (MUBA) ning <br \/><\/strong><strong>L\u00e4\u00e4ne-Harju Muusika- ja Kunstide kooli \u00f5pilased Reena Trepp,\u00a0<\/strong><strong>Herte Trepp, Annett Parker<\/strong><\/li><\/ul><\/li><li><strong>\u00a0<span style=\"color: #000000;\">20.00 Kontsertm\u00f5tisklus \u201e\u2026ja suurim neist on armastus\u201c.<\/span><\/strong><ul><li><strong>Orelil Maris Tammsalu, omal h\u00e4\u00e4lel Jaan Tammsalu<\/strong><\/li><\/ul><\/li><li><span style=\"color: #000000;\"><strong>21.00 Keldi palvete ja \u00f5nnistussoovide oreli- ja fl\u00f6\u00f6dimuusika pooltund<\/strong><\/span><ul><li><strong>S\u00f5nad Jaan Tammsalu, orelil Maris Tammsalu, fl\u00f6\u00f6dil Janika Lentsius (ERSO)<\/strong><\/li><\/ul><\/li><li><span style=\"color: #000000;\"><strong>22.00 Keldi palvete ja \u00f5nnistussoovide oreli- ja fl\u00f6\u00f6dimuusika pooltund<\/strong><\/span><ul><li><strong>S\u00f5nad Jaan Tammsalu, orelil Maris Tammsalu, fl\u00f6\u00f6dil Janika Lentsius (ERSO)<\/strong><\/li><\/ul><\/li><li><span style=\"color: #000000;\"><strong>23.00 Keldi palvete ja \u00f5nnistussoovide oreli- ja fl\u00f6\u00f6dimuusika pooltund<\/strong><\/span><ul><li><strong>S\u00f5nad Jaan Tammsalu, orelil Maris Tammsalu, fl\u00f6\u00f6dil Janika Lentsius (ERSO)<\/strong><\/li><\/ul><\/li><\/ul>\t\t\t\t\t<\/div>\n\t\t\t\t\t\t<\/div>\n\t\t\t\t<\/div>\n\t\t\t\t\t\t<\/div>\n\t\t\t\t\t<\/div>\n\t\t<\/div>\n\t\t\t\t\t\t\t\t<\/div>\n\t\t\t\t\t<\/div>\n\t\t<\/section>\n\t\t\t\t<section class=\"elementor-section elementor-inner-section elementor-element elementor-element-5d951675 elementor-section-boxed elementor-section-height-default elementor-section-height-default\" data-id=\"5d951675\" data-element_type=\"section\">\n\t\t\t\t\t\t<div class=\"elementor-container elementor-column-gap-default\">\n\t\t\t\t\t\t\t<div class=\"elementor-row\">\n\t\t\t\t\t<div class=\"elementor-column elementor-col-50 elementor-inner-column elementor-element elementor-element-423c36ec\" data-id=\"423c36ec\" data-element_type=\"column\">\n\t\t\t<div class=\"elementor-column-wrap elementor-element-populated\">\n\t\t\t\t\t\t\t<div class=\"elementor-widget-wrap\">\n\t\t\t\t\t\t<div class=\"elementor-element elementor-element-62c036 elementor-widget elementor-widget-image\" data-id=\"62c036\" data-element_type=\"widget\" data-widget_type=\"image.default\">\n\t\t\t\t<div class=\"elementor-widget-container\">\n\t\t\t\t\t\t\t\t<div class=\"elementor-image\">\n\t\t\t\t\t\t\t\t\t\t\t\t<img loading=\"lazy\" decoding=\"async\" width=\"300\" height=\"300\" src=\"https:\/\/kirikute\u00f6\u00f6.ee\/wp-content\/uploads\/2025\/05\/harjumadise2-300x300.jpg\" class=\"attachment-medium size-medium\" alt=\"\" srcset=\"https:\/\/kirikute\u00f6\u00f6.ee\/wp-content\/uploads\/2025\/05\/harjumadise2-300x300.jpg 300w, https:\/\/kirikute\u00f6\u00f6.ee\/wp-content\/uploads\/2025\/05\/harjumadise2-150x150.jpg 150w, https:\/\/kirikute\u00f6\u00f6.ee\/wp-content\/uploads\/2025\/05\/harjumadise2.jpg 387w\" sizes=\"auto, (max-width: 300px) 100vw, 300px\" \/>\t\t\t\t\t\t\t\t\t\t\t\t\t\t<\/div>\n\t\t\t\t\t\t<\/div>\n\t\t\t\t<\/div>\n\t\t\t\t\t\t<\/div>\n\t\t\t\t\t<\/div>\n\t\t<\/div>\n\t\t\t\t<div class=\"elementor-column elementor-col-50 elementor-inner-column elementor-element elementor-element-26639a\" data-id=\"26639a\" data-element_type=\"column\">\n\t\t\t<div class=\"elementor-column-wrap elementor-element-populated\">\n\t\t\t\t\t\t\t<div class=\"elementor-widget-wrap\">\n\t\t\t\t\t\t<div class=\"elementor-element elementor-element-3391fff elementor-widget elementor-widget-text-editor\" data-id=\"3391fff\" data-element_type=\"widget\" data-widget_type=\"text-editor.default\">\n\t\t\t\t<div class=\"elementor-widget-container\">\n\t\t\t\t\t\t\t\t<div class=\"elementor-text-editor elementor-clearfix\">\n\t\t\t\t\t<p style=\"font-size: 12px; line-height: 18px; margin-bottom: 0px; padding: 3px 1px; color: #000000; font-family: Verdana, Arial, Helvetica, 'sans serif'; font-style: normal; font-variant-ligatures: normal; font-variant-caps: normal; font-weight: 400;\"><span style=\"font-family: Verdana, Arial, Helvetica, 'sans serif'; font-size: 12px; font-style: normal; font-variant-ligatures: normal; font-variant-caps: normal; font-weight: 400;\">Harju-Madise kirikum\u00e4el ootab sind 1296.aastal asutatud Mattiase kirik. Leiad siit keskaegse kappaltari ja\u00a0<\/span><span style=\"font-family: Verdana, Arial, Helvetica, 'sans serif'; font-size: 12px; font-style: normal; font-variant-ligatures: normal; font-variant-caps: normal; font-weight: 400;\">kantsli, mille k\u00f5lar\u00e4\u00e4sta tipus on p\u00e4ikeseratas ja seda on peetud ka laeva t\u00fc\u00fcrirattaks.\u00a0<\/span><\/p><p style=\"font-size: 12px; line-height: 18px; margin-bottom: 0px; padding: 3px 1px; color: #000000; font-family: Verdana, Arial, Helvetica, 'sans serif'; font-style: normal; font-variant-ligatures: normal; font-variant-caps: normal; font-weight: 400;\">Majakatuli s\u00fcttib p\u00e4evavalguse h\u00e4mardudes Mattiase kiriku tornis ning heidab valgust \u00fcle maa ja mere. Hea\u00a0k\u00fclastaja, pane t\u00e4hele, et Harju-Madisel on t\u00e4nases Eestis teadaolevalt ainus t\u00f6\u00f6tava majakaga kirik.<\/p><p style=\"font-size: 12px; line-height: 18px; margin-bottom: 0px; padding: 3px 1px; color: #000000; font-family: Verdana, Arial, Helvetica, 'sans serif'; font-style: normal; font-variant-ligatures: normal; font-variant-caps: normal; font-weight: 400;\">Imelise merevaatega kiriku k\u00f5rval vuliseb Madise juga. Kirikuaias on m\u00e4lestuspink \u00f5petaja Juta Siirakule\u00a0ning parun von Rammi kabel.<br \/>Kirikaia l\u00e4histel leiad m\u00e4lestuskivi Harju- Madise pastori pojale Bengt Gottfried Forseliusele, kes 1684. aastal asutas Tartus Piiskopi m\u00f5isas uudse kooli eesti poistele. Hiljem Forseliuse seminarina tuntuks saanud \u00f5ppeasutuses hakati ette valmistama k\u00f6streid ja koolmeistreid. Kirikum\u00e4est alla laskudes n\u00e4ed kirikum\u00f5isa varemeid ja ait-t\u00f5llakuuri, mis meenutavad pastoraadi \u00f5itseaegu.<\/p>\t\t\t\t\t<\/div>\n\t\t\t\t\t\t<\/div>\n\t\t\t\t<\/div>\n\t\t\t\t\t\t<\/div>\n\t\t\t\t\t<\/div>\n\t\t<\/div>\n\t\t\t\t\t\t\t\t<\/div>\n\t\t\t\t\t<\/div>\n\t\t<\/section>\n\t\t\t\t<section class=\"elementor-section elementor-inner-section elementor-element elementor-element-6f640e3e elementor-section-boxed elementor-section-height-default elementor-section-height-default\" data-id=\"6f640e3e\" data-element_type=\"section\">\n\t\t\t\t\t\t<div class=\"elementor-container elementor-column-gap-default\">\n\t\t\t\t\t\t\t<div class=\"elementor-row\">\n\t\t\t\t\t<div class=\"elementor-column elementor-col-50 elementor-inner-column elementor-element elementor-element-7a1d5b44\" data-id=\"7a1d5b44\" data-element_type=\"column\">\n\t\t\t<div class=\"elementor-column-wrap elementor-element-populated\">\n\t\t\t\t\t\t\t<div class=\"elementor-widget-wrap\">\n\t\t\t\t\t\t<div class=\"elementor-element elementor-element-44fa21b4 elementor-widget elementor-widget-google_maps\" data-id=\"44fa21b4\" data-element_type=\"widget\" data-widget_type=\"google_maps.default\">\n\t\t\t\t<div class=\"elementor-widget-container\">\n\t\t\t<div class=\"elementor-custom-embed\"><iframe frameborder=\"0\" scrolling=\"no\" marginheight=\"0\" marginwidth=\"0\" src=\"https:\/\/maps.google.com\/maps?q=harju-madise%20kirik&amp;t=m&amp;z=13&amp;output=embed&amp;iwloc=near\" title=\"harju-madise kirik\" aria-label=\"harju-madise kirik\"><\/iframe><\/div>\t\t<\/div>\n\t\t\t\t<\/div>\n\t\t\t\t\t\t<\/div>\n\t\t\t\t\t<\/div>\n\t\t<\/div>\n\t\t\t\t<div class=\"elementor-column elementor-col-50 elementor-inner-column elementor-element elementor-element-235e992\" data-id=\"235e992\" data-element_type=\"column\">\n\t\t\t<div class=\"elementor-column-wrap elementor-element-populated\">\n\t\t\t\t\t\t\t<div class=\"elementor-widget-wrap\">\n\t\t\t\t\t\t<div class=\"elementor-element elementor-element-2183f4c1 elementor-widget elementor-widget-text-editor\" data-id=\"2183f4c1\" data-element_type=\"widget\" data-widget_type=\"text-editor.default\">\n\t\t\t\t<div class=\"elementor-widget-container\">\n\t\t\t\t\t\t\t\t<div class=\"elementor-text-editor elementor-clearfix\">\n\t\t\t\t\t<p><span style=\"color: #cf1153;\"><strong>\u00a0<a style=\"color: #cf1153;\" href=\"http:\/\/facebook.com\/harjumadisekogudus\" target=\"_blank\" rel=\"noopener\" data-saferedirecturl=\"https:\/\/www.google.com\/url?q=http:\/\/facebook.com\/harjumadisekogudus&amp;source=gmail&amp;ust=1713873856892000&amp;usg=AOvVaw37VxZRSsZmII5Pn4LOoINu\">facebook.com\/<wbr \/>harjumadisekogudus<\/a><\/strong><\/span><\/p>\t\t\t\t\t<\/div>\n\t\t\t\t\t\t<\/div>\n\t\t\t\t<\/div>\n\t\t\t\t\t\t<\/div>\n\t\t\t\t\t<\/div>\n\t\t<\/div>\n\t\t\t\t\t\t\t\t<\/div>\n\t\t\t\t\t<\/div>\n\t\t<\/section>\n\t\t\t\t\t\t<\/div>\n\t\t\t\t\t<\/div>\n\t\t<\/div>\n\t\t\t\t\t\t\t\t<\/div>\n\t\t\t\t\t<\/div>\n\t\t<\/section>\n\t\t\t\t\t\t<\/div>\n\t\t\t\t\t\t<\/div>\n\t\t\t\t\t<\/div>\n\t\t","protected":false},"excerpt":{"rendered":"<p>Harju-Madise kirik Kirik avatud keskp\u00e4evast s\u00fcda\u00f6\u00f6ni kell 12-24. 13.00 Kabel-galerii avamine. Kristel Anja-Palm tekstiil ja vaibad. Kristel Anija Palmi tekstiilid ja vaibad, Vilja Prometi maalid, Gea-Rahel Prometi digitaalmaalid ja Elvi P\u00e4rnametsa vaibad. Avamisel Mariliis Mirjam Kurg &#8211; viiul ja Erika Kaljusaar &#8211; Ema Teresa tekstid raamatust &#8220;Minu kutsumus on armastus&#8221;. Kabeli ees v\u00e4ike kohvilaud. 17.00 [&hellip;]<\/p>\n","protected":false},"author":1,"featured_media":0,"parent":0,"menu_order":0,"comment_status":"closed","ping_status":"closed","template":"","meta":{"footnotes":""},"wf_page_folders":[21],"class_list":["post-334","page","type-page","status-publish","hentry","entry"],"_links":{"self":[{"href":"https:\/\/kirikute\u00f6\u00f6.ee\/index.php?rest_route=\/wp\/v2\/pages\/334","targetHints":{"allow":["GET"]}}],"collection":[{"href":"https:\/\/kirikute\u00f6\u00f6.ee\/index.php?rest_route=\/wp\/v2\/pages"}],"about":[{"href":"https:\/\/kirikute\u00f6\u00f6.ee\/index.php?rest_route=\/wp\/v2\/types\/page"}],"author":[{"embeddable":true,"href":"https:\/\/kirikute\u00f6\u00f6.ee\/index.php?rest_route=\/wp\/v2\/users\/1"}],"replies":[{"embeddable":true,"href":"https:\/\/kirikute\u00f6\u00f6.ee\/index.php?rest_route=%2Fwp%2Fv2%2Fcomments&post=334"}],"version-history":[{"count":59,"href":"https:\/\/kirikute\u00f6\u00f6.ee\/index.php?rest_route=\/wp\/v2\/pages\/334\/revisions"}],"predecessor-version":[{"id":4966,"href":"https:\/\/kirikute\u00f6\u00f6.ee\/index.php?rest_route=\/wp\/v2\/pages\/334\/revisions\/4966"}],"wp:attachment":[{"href":"https:\/\/kirikute\u00f6\u00f6.ee\/index.php?rest_route=%2Fwp%2Fv2%2Fmedia&parent=334"}],"wp:term":[{"taxonomy":"wf_page_folders","embeddable":true,"href":"https:\/\/kirikute\u00f6\u00f6.ee\/index.php?rest_route=%2Fwp%2Fv2%2Fwf_page_folders&post=334"}],"curies":[{"name":"wp","href":"https:\/\/api.w.org\/{rel}","templated":true}]}}