{"id":3418,"date":"2024-04-03T22:06:19","date_gmt":"2024-04-03T19:06:19","guid":{"rendered":"https:\/\/kirikute\u00f6\u00f6.ee\/?page_id=3418"},"modified":"2025-05-29T13:01:38","modified_gmt":"2025-05-29T10:01:38","slug":"joelahtme","status":"publish","type":"page","link":"https:\/\/kirikute\u00f6\u00f6.ee\/?page_id=3418","title":{"rendered":"J\u00f5el\u00e4htme"},"content":{"rendered":"\t\t<div data-elementor-type=\"wp-page\" data-elementor-id=\"3418\" class=\"elementor elementor-3418\" data-elementor-settings=\"[]\">\n\t\t\t\t\t\t<div class=\"elementor-inner\">\n\t\t\t\t\t\t\t<div class=\"elementor-section-wrap\">\n\t\t\t\t\t\t\t<section class=\"elementor-section elementor-top-section elementor-element elementor-element-3e9f7dd4 elementor-section-boxed elementor-section-height-default elementor-section-height-default\" data-id=\"3e9f7dd4\" data-element_type=\"section\">\n\t\t\t\t\t\t<div class=\"elementor-container elementor-column-gap-default\">\n\t\t\t\t\t\t\t<div class=\"elementor-row\">\n\t\t\t\t\t<div class=\"elementor-column elementor-col-100 elementor-top-column elementor-element elementor-element-1c93c91e\" data-id=\"1c93c91e\" data-element_type=\"column\">\n\t\t\t<div class=\"elementor-column-wrap elementor-element-populated\">\n\t\t\t\t\t\t\t<div class=\"elementor-widget-wrap\">\n\t\t\t\t\t\t<div class=\"elementor-element elementor-element-2846e313 elementor-widget elementor-widget-heading\" data-id=\"2846e313\" data-element_type=\"widget\" data-widget_type=\"heading.default\">\n\t\t\t\t<div class=\"elementor-widget-container\">\n\t\t\t<h2 class=\"elementor-heading-title elementor-size-large\">J\u00f5el\u00e4htme P\u00fcha Neitsi Maarja kirik<\/h2>\t\t<\/div>\n\t\t\t\t<\/div>\n\t\t\t\t<section class=\"elementor-section elementor-inner-section elementor-element elementor-element-6f7926b5 elementor-section-full_width elementor-section-content-top elementor-section-height-default elementor-section-height-default\" data-id=\"6f7926b5\" data-element_type=\"section\">\n\t\t\t\t\t\t<div class=\"elementor-container elementor-column-gap-default\">\n\t\t\t\t\t\t\t<div class=\"elementor-row\">\n\t\t\t\t\t<div class=\"elementor-column elementor-col-100 elementor-inner-column elementor-element elementor-element-4cf2b466\" data-id=\"4cf2b466\" data-element_type=\"column\">\n\t\t\t<div class=\"elementor-column-wrap elementor-element-populated\">\n\t\t\t\t\t\t\t<div class=\"elementor-widget-wrap\">\n\t\t\t\t\t\t<div class=\"elementor-element elementor-element-5a525e6 elementor-widget elementor-widget-text-editor\" data-id=\"5a525e6\" data-element_type=\"widget\" data-widget_type=\"text-editor.default\">\n\t\t\t\t<div class=\"elementor-widget-container\">\n\t\t\t\t\t\t\t\t<div class=\"elementor-text-editor elementor-clearfix\">\n\t\t\t\t\t<div><strong>Uksed on avatud kell 18.00-22.30<br \/><\/strong><span style=\"font-variant-ligatures: normal; font-variant-caps: normal; font-family: Roboto, sans-serif; font-size: 16px; font-style: normal; font-weight: 600;\">Huvilistel on v\u00f5imalus vaadata, kuidas on edenenud renoveerimist\u00f6\u00f6d kirikus, s\u00fc\u00fcdata palvek\u00fc\u00fcnal ja imetleda vaadet kiriku tornist<\/span><span style=\"font-variant-ligatures: normal; font-variant-caps: normal; font-family: Roboto, sans-serif; font-size: 16px; font-style: normal; font-weight: 600;\">\u00a0<\/span><\/div><ul><li><div><strong>18.30 ringk\u00e4ik kirikaias: juttu tuleb siinsetest haruldastest taimedest ning meie kultuuri- ja kirikuloos oluliste isikute hauat\u00e4histest<\/strong><\/div><\/li><li><div><strong style=\"font-size: 16px;\">19.30 vaimulikke rahvaviise ja omaloomingut esitavad Margarita Anstal &#8211; t\u0161ello, Aleksandra Kremenetski &#8211; vibrafon, laul, klaver<\/strong><\/div><\/li><li><strong>21.00 Taize palvus<\/strong><\/li><\/ul>\t\t\t\t\t<\/div>\n\t\t\t\t\t\t<\/div>\n\t\t\t\t<\/div>\n\t\t\t\t\t\t<\/div>\n\t\t\t\t\t<\/div>\n\t\t<\/div>\n\t\t\t\t\t\t\t\t<\/div>\n\t\t\t\t\t<\/div>\n\t\t<\/section>\n\t\t\t\t<section class=\"elementor-section elementor-inner-section elementor-element elementor-element-24792ad5 elementor-section-boxed elementor-section-height-default elementor-section-height-default\" data-id=\"24792ad5\" data-element_type=\"section\">\n\t\t\t\t\t\t<div class=\"elementor-container elementor-column-gap-default\">\n\t\t\t\t\t\t\t<div class=\"elementor-row\">\n\t\t\t\t\t<div class=\"elementor-column elementor-col-50 elementor-inner-column elementor-element elementor-element-1d53a03c\" data-id=\"1d53a03c\" data-element_type=\"column\">\n\t\t\t<div class=\"elementor-column-wrap elementor-element-populated\">\n\t\t\t\t\t\t\t<div class=\"elementor-widget-wrap\">\n\t\t\t\t\t\t<div class=\"elementor-element elementor-element-4837ad9 elementor-widget elementor-widget-image\" data-id=\"4837ad9\" data-element_type=\"widget\" data-widget_type=\"image.default\">\n\t\t\t\t<div class=\"elementor-widget-container\">\n\t\t\t\t\t\t\t\t<div class=\"elementor-image\">\n\t\t\t\t\t\t\t\t\t\t\t\t<img loading=\"lazy\" decoding=\"async\" width=\"300\" height=\"300\" src=\"https:\/\/kirikute\u00f6\u00f6.ee\/wp-content\/uploads\/2024\/04\/joelahtme2-300x300.jpg\" class=\"attachment-medium size-medium\" alt=\"\" srcset=\"https:\/\/kirikute\u00f6\u00f6.ee\/wp-content\/uploads\/2024\/04\/joelahtme2-300x300.jpg 300w, https:\/\/kirikute\u00f6\u00f6.ee\/wp-content\/uploads\/2024\/04\/joelahtme2-150x150.jpg 150w, https:\/\/kirikute\u00f6\u00f6.ee\/wp-content\/uploads\/2024\/04\/joelahtme2.jpg 500w\" sizes=\"auto, (max-width: 300px) 100vw, 300px\" \/>\t\t\t\t\t\t\t\t\t\t\t\t\t\t<\/div>\n\t\t\t\t\t\t<\/div>\n\t\t\t\t<\/div>\n\t\t\t\t\t\t<\/div>\n\t\t\t\t\t<\/div>\n\t\t<\/div>\n\t\t\t\t<div class=\"elementor-column elementor-col-50 elementor-inner-column elementor-element elementor-element-2424d05b\" data-id=\"2424d05b\" data-element_type=\"column\">\n\t\t\t<div class=\"elementor-column-wrap elementor-element-populated\">\n\t\t\t\t\t\t\t<div class=\"elementor-widget-wrap\">\n\t\t\t\t\t\t<div class=\"elementor-element elementor-element-417a3528 elementor-widget elementor-widget-text-editor\" data-id=\"417a3528\" data-element_type=\"widget\" data-widget_type=\"text-editor.default\">\n\t\t\t\t<div class=\"elementor-widget-container\">\n\t\t\t\t\t\t\t\t<div class=\"elementor-text-editor elementor-clearfix\">\n\t\t\t\t\t<p>J\u00f5el\u00e4htme P\u00fcha Neitsi Maarja kirik on \u00fcks Eesti vanemaid kirikuid. Puust algkirik oli J\u00f5el\u00e4htmel juba 1220. aastatel ja arvatavasti ehitatud esimeste seas Harju- ja Virumaal. Taani kuninga k\u00e4sul l\u00e4\u00e4nistati J\u00f5el\u00e4htme kirik keskajal Tallinna Toomile ning on t\u00e4itnud alul ka kindluse ja kaubakiriku \u00fclesandeid. 14. sajandi teisest poolest alates v\u00f5iks r\u00e4\u00e4kida kihelkonnakirikust kogudusekiriku m\u00f5istes. Sellesse aega on dateeritud ka arvatavasti kolmetornilise kivikiriku ehitus. Praeguse, neogooti stiilis v\u00e4ljan\u00e4gemise on kirik saanud mitme suurema \u00fcmberehituse k\u00e4igus, omandades l\u00f5puks traditsioonilise \u00fche torniga &#8220;kolmikh\u00fcppelise&#8221; silueti.<\/p><p>J\u00f5el\u00e4htme kirikus on s\u00e4ilinud 1639. a annetatud renessanss-stiilis kantsel, mille autoriks\u00a0on arvatavasti Tobias Heintze. 1670.aastast Riia meistri, Mikael Brinckmanni valmistatud barokkaltar, mille praeguse altarimaali \u201eKristus ristil (1890) autoriks on Theodor Albert Sprengel. Esialgset altarimaali \u201eKolgata\u201c on v\u00f5imalik vaadata eraldiseisvana pikihoone seinal.<br \/>Kiriku eeskojas on eksponeeritud vana, haruldane 1596. aastal Tallinna pronksivalaja Hartmanni meistrim\u00e4rkidega kell. Tornis kasutusel olev uus kell on valmistatud 1912. aastal Riias. 2005. aastast kaunistavad kirikut Andrei Lobanovi loomis- ja lunastusloolised vitraa\u017eaknad.<\/p><p>Eraldi tasub v\u00e4lja toomist J\u00f5el\u00e4htme kiriku orel ja oreli prospekt. Orelimeister Normannilt tellitud orel \u00f5nnistati pidulikult sisse 1858.aastal, kuid II maailmas\u00f5ja ajal see l\u00f5huti. Et v\u00e4\u00e4rikas pill saaks oma helidega kirikulisi taas r\u00f5\u00f5mustada, tegi J\u00f5el\u00e4htme Kirikum\u00f5isa Sihtasutus 2022. aastal algust oreli restaureerimisega. <br \/>J\u00f5el\u00e4htme kirikaias saab vaadata oreli omaaegset tellimist korraldanud koguduse pastori: tunnustatud estofiili, piiblit\u00f5lkija, kalendritoimetaja ja Kalevipoja-lugude koguja, Gustav Heinrich Sch\u00fcdl\u00f6ffeli (1798- 1859) ja tema perekonna renoveeritud hauaplaate.<\/p>\t\t\t\t\t<\/div>\n\t\t\t\t\t\t<\/div>\n\t\t\t\t<\/div>\n\t\t\t\t\t\t<\/div>\n\t\t\t\t\t<\/div>\n\t\t<\/div>\n\t\t\t\t\t\t\t\t<\/div>\n\t\t\t\t\t<\/div>\n\t\t<\/section>\n\t\t\t\t<section class=\"elementor-section elementor-inner-section elementor-element elementor-element-3f507775 elementor-section-boxed elementor-section-height-default elementor-section-height-default\" data-id=\"3f507775\" data-element_type=\"section\">\n\t\t\t\t\t\t<div class=\"elementor-container elementor-column-gap-default\">\n\t\t\t\t\t\t\t<div class=\"elementor-row\">\n\t\t\t\t\t<div class=\"elementor-column elementor-col-50 elementor-inner-column elementor-element elementor-element-42c4d1ee\" data-id=\"42c4d1ee\" data-element_type=\"column\">\n\t\t\t<div class=\"elementor-column-wrap elementor-element-populated\">\n\t\t\t\t\t\t\t<div class=\"elementor-widget-wrap\">\n\t\t\t\t\t\t<div class=\"elementor-element elementor-element-313d6ef6 elementor-widget elementor-widget-google_maps\" data-id=\"313d6ef6\" data-element_type=\"widget\" data-widget_type=\"google_maps.default\">\n\t\t\t\t<div class=\"elementor-widget-container\">\n\t\t\t<div class=\"elementor-custom-embed\"><iframe frameborder=\"0\" scrolling=\"no\" marginheight=\"0\" marginwidth=\"0\" src=\"https:\/\/maps.google.com\/maps?q=J%C3%B5el%C3%A4htme%20kirik&amp;t=m&amp;z=13&amp;output=embed&amp;iwloc=near\" title=\"J\u00f5el\u00e4htme kirik\" aria-label=\"J\u00f5el\u00e4htme kirik\"><\/iframe><\/div>\t\t<\/div>\n\t\t\t\t<\/div>\n\t\t\t\t\t\t<\/div>\n\t\t\t\t\t<\/div>\n\t\t<\/div>\n\t\t\t\t<div class=\"elementor-column elementor-col-50 elementor-inner-column elementor-element elementor-element-2405301d\" data-id=\"2405301d\" data-element_type=\"column\">\n\t\t\t<div class=\"elementor-column-wrap elementor-element-populated\">\n\t\t\t\t\t\t\t<div class=\"elementor-widget-wrap\">\n\t\t\t\t\t\t<div class=\"elementor-element elementor-element-3efee7d9 elementor-widget elementor-widget-text-editor\" data-id=\"3efee7d9\" data-element_type=\"widget\" data-widget_type=\"text-editor.default\">\n\t\t\t\t<div class=\"elementor-widget-container\">\n\t\t\t\t\t\t\t\t<div class=\"elementor-text-editor elementor-clearfix\">\n\t\t\t\t\t<p><strong>Aadress: Kiriku tee 6, J\u00f5el\u00e4htme, Harjumaa<\/strong><\/p><p><a href=\"https:\/\/www.facebook.com\/maarjakogudus\"><strong><span style=\"color: #b50048;\">https:\/\/www.facebook.com\/maarjakogudus<\/span><\/strong><\/a><\/p>\t\t\t\t\t<\/div>\n\t\t\t\t\t\t<\/div>\n\t\t\t\t<\/div>\n\t\t\t\t\t\t<\/div>\n\t\t\t\t\t<\/div>\n\t\t<\/div>\n\t\t\t\t\t\t\t\t<\/div>\n\t\t\t\t\t<\/div>\n\t\t<\/section>\n\t\t\t\t\t\t<\/div>\n\t\t\t\t\t<\/div>\n\t\t<\/div>\n\t\t\t\t\t\t\t\t<\/div>\n\t\t\t\t\t<\/div>\n\t\t<\/section>\n\t\t\t\t\t\t<\/div>\n\t\t\t\t\t\t<\/div>\n\t\t\t\t\t<\/div>\n\t\t","protected":false},"excerpt":{"rendered":"<p>J\u00f5el\u00e4htme P\u00fcha Neitsi Maarja kirik Uksed on avatud kell 18.00-22.30Huvilistel on v\u00f5imalus vaadata, kuidas on edenenud renoveerimist\u00f6\u00f6d kirikus, s\u00fc\u00fcdata palvek\u00fc\u00fcnal ja imetleda vaadet kiriku tornist\u00a0 18.30 ringk\u00e4ik kirikaias: juttu tuleb siinsetest haruldastest taimedest ning meie kultuuri- ja kirikuloos oluliste isikute hauat\u00e4histest 19.30 vaimulikke rahvaviise ja omaloomingut esitavad Margarita Anstal &#8211; t\u0161ello, Aleksandra Kremenetski &#8211; vibrafon, [&hellip;]<\/p>\n","protected":false},"author":1,"featured_media":0,"parent":0,"menu_order":0,"comment_status":"closed","ping_status":"closed","template":"","meta":{"footnotes":""},"wf_page_folders":[21],"class_list":["post-3418","page","type-page","status-publish","hentry","entry"],"_links":{"self":[{"href":"https:\/\/kirikute\u00f6\u00f6.ee\/index.php?rest_route=\/wp\/v2\/pages\/3418","targetHints":{"allow":["GET"]}}],"collection":[{"href":"https:\/\/kirikute\u00f6\u00f6.ee\/index.php?rest_route=\/wp\/v2\/pages"}],"about":[{"href":"https:\/\/kirikute\u00f6\u00f6.ee\/index.php?rest_route=\/wp\/v2\/types\/page"}],"author":[{"embeddable":true,"href":"https:\/\/kirikute\u00f6\u00f6.ee\/index.php?rest_route=\/wp\/v2\/users\/1"}],"replies":[{"embeddable":true,"href":"https:\/\/kirikute\u00f6\u00f6.ee\/index.php?rest_route=%2Fwp%2Fv2%2Fcomments&post=3418"}],"version-history":[{"count":37,"href":"https:\/\/kirikute\u00f6\u00f6.ee\/index.php?rest_route=\/wp\/v2\/pages\/3418\/revisions"}],"predecessor-version":[{"id":4907,"href":"https:\/\/kirikute\u00f6\u00f6.ee\/index.php?rest_route=\/wp\/v2\/pages\/3418\/revisions\/4907"}],"wp:attachment":[{"href":"https:\/\/kirikute\u00f6\u00f6.ee\/index.php?rest_route=%2Fwp%2Fv2%2Fmedia&parent=3418"}],"wp:term":[{"taxonomy":"wf_page_folders","embeddable":true,"href":"https:\/\/kirikute\u00f6\u00f6.ee\/index.php?rest_route=%2Fwp%2Fv2%2Fwf_page_folders&post=3418"}],"curies":[{"name":"wp","href":"https:\/\/api.w.org\/{rel}","templated":true}]}}