{"id":343,"date":"2019-04-25T10:07:14","date_gmt":"2019-04-25T07:07:14","guid":{"rendered":"https:\/\/kirikute\u00f6\u00f6.ee\/?page_id=343"},"modified":"2025-05-03T18:22:29","modified_gmt":"2025-05-03T15:22:29","slug":"jarva-madise","status":"publish","type":"page","link":"https:\/\/kirikute\u00f6\u00f6.ee\/?page_id=343","title":{"rendered":"jarva-madise"},"content":{"rendered":"\t\t<div data-elementor-type=\"wp-post\" data-elementor-id=\"343\" class=\"elementor elementor-343\" data-elementor-settings=\"[]\">\n\t\t\t\t\t\t<div class=\"elementor-inner\">\n\t\t\t\t\t\t\t<div class=\"elementor-section-wrap\">\n\t\t\t\t\t\t\t<section class=\"elementor-section elementor-top-section elementor-element elementor-element-481b838f elementor-section-boxed elementor-section-height-default elementor-section-height-default\" data-id=\"481b838f\" data-element_type=\"section\">\n\t\t\t\t\t\t<div class=\"elementor-container elementor-column-gap-default\">\n\t\t\t\t\t\t\t<div class=\"elementor-row\">\n\t\t\t\t\t<div class=\"elementor-column elementor-col-100 elementor-top-column elementor-element elementor-element-2f980906\" data-id=\"2f980906\" data-element_type=\"column\">\n\t\t\t<div class=\"elementor-column-wrap elementor-element-populated\">\n\t\t\t\t\t\t\t<div class=\"elementor-widget-wrap\">\n\t\t\t\t\t\t<div class=\"elementor-element elementor-element-14f58062 elementor-widget elementor-widget-heading\" data-id=\"14f58062\" data-element_type=\"widget\" data-widget_type=\"heading.default\">\n\t\t\t\t<div class=\"elementor-widget-container\">\n\t\t\t<h2 class=\"elementor-heading-title elementor-size-large\">J\u00e4rva-Madise kirik<\/h2>\t\t<\/div>\n\t\t\t\t<\/div>\n\t\t\t\t<section class=\"elementor-section elementor-inner-section elementor-element elementor-element-78ef1a1a elementor-section-full_width elementor-section-content-top elementor-section-height-default elementor-section-height-default\" data-id=\"78ef1a1a\" data-element_type=\"section\">\n\t\t\t\t\t\t<div class=\"elementor-container elementor-column-gap-default\">\n\t\t\t\t\t\t\t<div class=\"elementor-row\">\n\t\t\t\t\t<div class=\"elementor-column elementor-col-100 elementor-inner-column elementor-element elementor-element-5158857b\" data-id=\"5158857b\" data-element_type=\"column\">\n\t\t\t<div class=\"elementor-column-wrap elementor-element-populated\">\n\t\t\t\t\t\t\t<div class=\"elementor-widget-wrap\">\n\t\t\t\t\t\t<div class=\"elementor-element elementor-element-6d362765 elementor-widget elementor-widget-text-editor\" data-id=\"6d362765\" data-element_type=\"widget\" data-widget_type=\"text-editor.default\">\n\t\t\t\t<div class=\"elementor-widget-container\">\n\t\t\t\t\t\t\t\t<div class=\"elementor-text-editor elementor-clearfix\">\n\t\t\t\t\t<ul><li>\u00a0<\/li><\/ul>\t\t\t\t\t<\/div>\n\t\t\t\t\t\t<\/div>\n\t\t\t\t<\/div>\n\t\t\t\t\t\t<\/div>\n\t\t\t\t\t<\/div>\n\t\t<\/div>\n\t\t\t\t\t\t\t\t<\/div>\n\t\t\t\t\t<\/div>\n\t\t<\/section>\n\t\t\t\t<section class=\"elementor-section elementor-inner-section elementor-element elementor-element-650a6878 elementor-section-boxed elementor-section-height-default elementor-section-height-default\" data-id=\"650a6878\" data-element_type=\"section\">\n\t\t\t\t\t\t<div class=\"elementor-container elementor-column-gap-default\">\n\t\t\t\t\t\t\t<div class=\"elementor-row\">\n\t\t\t\t\t<div class=\"elementor-column elementor-col-50 elementor-inner-column elementor-element elementor-element-269679b0\" data-id=\"269679b0\" data-element_type=\"column\">\n\t\t\t<div class=\"elementor-column-wrap elementor-element-populated\">\n\t\t\t\t\t\t\t<div class=\"elementor-widget-wrap\">\n\t\t\t\t\t\t<div class=\"elementor-element elementor-element-11ca868f elementor-widget elementor-widget-image\" data-id=\"11ca868f\" data-element_type=\"widget\" data-widget_type=\"image.default\">\n\t\t\t\t<div class=\"elementor-widget-container\">\n\t\t\t\t\t\t\t\t<div class=\"elementor-image\">\n\t\t\t\t\t\t\t\t\t\t\t\t<img loading=\"lazy\" decoding=\"async\" width=\"300\" height=\"287\" src=\"https:\/\/kirikute\u00f6\u00f6.ee\/wp-content\/uploads\/2019\/04\/jarva-madise400-300x287.jpg\" class=\"attachment-medium size-medium\" alt=\"\" srcset=\"https:\/\/kirikute\u00f6\u00f6.ee\/wp-content\/uploads\/2019\/04\/jarva-madise400-300x287.jpg 300w, https:\/\/kirikute\u00f6\u00f6.ee\/wp-content\/uploads\/2019\/04\/jarva-madise400.jpg 400w\" sizes=\"auto, (max-width: 300px) 100vw, 300px\" \/>\t\t\t\t\t\t\t\t\t\t\t\t\t\t<\/div>\n\t\t\t\t\t\t<\/div>\n\t\t\t\t<\/div>\n\t\t\t\t\t\t<\/div>\n\t\t\t\t\t<\/div>\n\t\t<\/div>\n\t\t\t\t<div class=\"elementor-column elementor-col-50 elementor-inner-column elementor-element elementor-element-64273270\" data-id=\"64273270\" data-element_type=\"column\">\n\t\t\t<div class=\"elementor-column-wrap elementor-element-populated\">\n\t\t\t\t\t\t\t<div class=\"elementor-widget-wrap\">\n\t\t\t\t\t\t<div class=\"elementor-element elementor-element-22af0ace elementor-widget elementor-widget-text-editor\" data-id=\"22af0ace\" data-element_type=\"widget\" data-widget_type=\"text-editor.default\">\n\t\t\t\t<div class=\"elementor-widget-container\">\n\t\t\t\t\t\t\t\t<div class=\"elementor-text-editor elementor-clearfix\">\n\t\t\t\t\t<div id=\"slide2\" dir=\"LTR\"><p>K\u00f5rvemaa s\u00fcdames J\u00e4rva vallas soode ja rabade keskel seisab P\u00fcha Matteuse nimele p\u00fchitsetud J\u00e4rva-Madise kirik, mis on \u00fcks v\u00e4iksemaid \u00fchel\u00f6\u00f6vilisi kirikuid Eestis. J\u00e4rva-Madise kirik on koduks EELK J\u00e4rva-Madise kogudusele. Just selle kiriku torniga v\u00f5rdles sulane Juss \u201eT\u00f5es ja \u00f5iguses\u201c laka redeli pikkust ja just selle kiriku kellad helisesid \u00fcle soo V\u00e4ljam\u00e4ele ja andsid teada jumalateenistuse toimumisest Vargam\u00e4e elanikele.<\/p><\/div><div id=\"slide3\" dir=\"LTR\"><p><b>KIRIK<\/b><\/p><p>Kiriku ehitust\u00f6\u00f6d on alanud ilmselt 14. saj algusveerandil. T\u00f6id on juhendanud mitu erinevat meistrit ning neid arvatakse olevat p\u00e4rit Ojamaalt. Just seet\u00f5ttu eristub J\u00e4rva-Madise kirik oma arhitektuuriga J\u00e4rvamaa kolmel\u00f6\u00f6viliste kodakirikute Ambla, Koeru, T\u00fcri ja Peetri kiriku arhitektuurist. Kiriku v\u00f5lvimine arvatakse j\u00e4\u00e4vat 14. saj teise poolde. Kalasaba taoliselt laotud ristv\u00f5lvid toetuvad viisk\u00fclgsetele v\u00f6\u00f6ndkaartele ja roietele, mis l\u00f5pevad konsoolidega seintel. Konsoolid \u00e4ratavad huvi just selle poolest, et on viietahulise p\u00fcramiidi kujuliseks tahutud ning meenutavad teravat pliiatsit. Roided lukustavad v\u00f5lvikute laes asuvad reljeefitud p\u00e4iskivid. Nii konsoolid kui p\u00e4iskivid ei esine sellisena \u00fcheski teises Mandri-Eesti kirikus. 14. saj l\u00f5pu poole j\u00e4\u00e4b ka l\u00f5unaportaali ja l\u00e4\u00e4nes asuva peaportaali ehitamiseni. Peaportaal ei sarnane \u00fchegi teise Eesti kiriku portaaliga, \u00fcksnes Tallinna Toomkiriku raidportaalid n\u00e4ivad olevat n\u00e4panud elemente J\u00e4rva-Madise kiriku peaportaalilt. Kiriku interj\u00f6\u00f6rist moodustavad kunstiv\u00e4\u00e4rtuslikema osa Christian Ackermanni meisterdatud altar ning kantsel Elert Thiele tehtud Kristuse ja evangelistide kujudega ning triumfigrupp kiriku kooriruumi kohal.<\/p><\/div><div id=\"slide4\" dir=\"LTR\"><p><b>KOGUDUSE T\u00d6\u00d6<\/b><\/p><p>Kogudust teenib \u00f5petaja Jane Vain. Koguduse organist on Eve Sisask. Koguduse hingekirjas on liikmeid umbes saja inimese ringis. \u00dchiselt s\u00fcnnivad p\u00fchap\u00e4evased jumalateenistused, kohvijoomised ja talgup\u00e4evad. Lauluj\u00e4nused saavad laulda segakooris \u201eSink sale pro\u201c dirigent Kaja Kraavi k\u00e4e all.\u00a0<\/p><p><b>VISIOON<\/b><\/p><p>Kirik on \u00fchiskonna usuliste ja k\u00f5lbeliste v\u00e4\u00e4rtuste kujundaja ja kandja, hoides ning edendades piirkonnas kultuurilist ja rahvuslikku j\u00e4rjepidevust ning kristlikku kasvatust.<\/p><\/div>\t\t\t\t\t<\/div>\n\t\t\t\t\t\t<\/div>\n\t\t\t\t<\/div>\n\t\t\t\t\t\t<\/div>\n\t\t\t\t\t<\/div>\n\t\t<\/div>\n\t\t\t\t\t\t\t\t<\/div>\n\t\t\t\t\t<\/div>\n\t\t<\/section>\n\t\t\t\t<section class=\"elementor-section elementor-inner-section elementor-element elementor-element-5561c53a elementor-section-boxed elementor-section-height-default elementor-section-height-default\" data-id=\"5561c53a\" data-element_type=\"section\">\n\t\t\t\t\t\t<div class=\"elementor-container elementor-column-gap-default\">\n\t\t\t\t\t\t\t<div class=\"elementor-row\">\n\t\t\t\t\t<div class=\"elementor-column elementor-col-50 elementor-inner-column elementor-element elementor-element-2a33c229\" data-id=\"2a33c229\" data-element_type=\"column\">\n\t\t\t<div class=\"elementor-column-wrap elementor-element-populated\">\n\t\t\t\t\t\t\t<div class=\"elementor-widget-wrap\">\n\t\t\t\t\t\t<div class=\"elementor-element elementor-element-35377a51 elementor-widget elementor-widget-google_maps\" data-id=\"35377a51\" data-element_type=\"widget\" data-widget_type=\"google_maps.default\">\n\t\t\t\t<div class=\"elementor-widget-container\">\n\t\t\t<div class=\"elementor-custom-embed\"><iframe frameborder=\"0\" scrolling=\"no\" marginheight=\"0\" marginwidth=\"0\" src=\"https:\/\/maps.google.com\/maps?q=J%C3%A4rva-Madise%20kirik&amp;t=m&amp;z=13&amp;output=embed&amp;iwloc=near\" title=\"J\u00e4rva-Madise kirik\" aria-label=\"J\u00e4rva-Madise kirik\"><\/iframe><\/div>\t\t<\/div>\n\t\t\t\t<\/div>\n\t\t\t\t\t\t<\/div>\n\t\t\t\t\t<\/div>\n\t\t<\/div>\n\t\t\t\t<div class=\"elementor-column elementor-col-50 elementor-inner-column elementor-element elementor-element-3ec035b4\" data-id=\"3ec035b4\" data-element_type=\"column\">\n\t\t\t<div class=\"elementor-column-wrap elementor-element-populated\">\n\t\t\t\t\t\t\t<div class=\"elementor-widget-wrap\">\n\t\t\t\t\t\t<div class=\"elementor-element elementor-element-632f8ada elementor-widget elementor-widget-text-editor\" data-id=\"632f8ada\" data-element_type=\"widget\" data-widget_type=\"text-editor.default\">\n\t\t\t\t<div class=\"elementor-widget-container\">\n\t\t\t\t\t\t\t\t<div class=\"elementor-text-editor elementor-clearfix\">\n\t\t\t\t\t<p>\u00a0<\/p><p><a href=\"http:\/\/jarvamadise.eelk.ee\"><strong><span style=\"color: #b50048;\">http:\/\/jarvamadise.eelk.ee<\/span><\/strong><\/a><\/p>\t\t\t\t\t<\/div>\n\t\t\t\t\t\t<\/div>\n\t\t\t\t<\/div>\n\t\t\t\t\t\t<\/div>\n\t\t\t\t\t<\/div>\n\t\t<\/div>\n\t\t\t\t\t\t\t\t<\/div>\n\t\t\t\t\t<\/div>\n\t\t<\/section>\n\t\t\t\t\t\t<\/div>\n\t\t\t\t\t<\/div>\n\t\t<\/div>\n\t\t\t\t\t\t\t\t<\/div>\n\t\t\t\t\t<\/div>\n\t\t<\/section>\n\t\t\t\t\t\t<\/div>\n\t\t\t\t\t\t<\/div>\n\t\t\t\t\t<\/div>\n\t\t","protected":false},"excerpt":{"rendered":"<p>J\u00e4rva-Madise kirik \u00a0 K\u00f5rvemaa s\u00fcdames J\u00e4rva vallas soode ja rabade keskel seisab P\u00fcha Matteuse nimele p\u00fchitsetud J\u00e4rva-Madise kirik, mis on \u00fcks v\u00e4iksemaid \u00fchel\u00f6\u00f6vilisi kirikuid Eestis. J\u00e4rva-Madise kirik on koduks EELK J\u00e4rva-Madise kogudusele. Just selle kiriku torniga v\u00f5rdles sulane Juss \u201eT\u00f5es ja \u00f5iguses\u201c laka redeli pikkust ja just selle kiriku kellad helisesid \u00fcle soo V\u00e4ljam\u00e4ele ja [&hellip;]<\/p>\n","protected":false},"author":1,"featured_media":0,"parent":0,"menu_order":0,"comment_status":"closed","ping_status":"closed","template":"","meta":{"footnotes":""},"wf_page_folders":[20],"class_list":["post-343","page","type-page","status-publish","hentry","entry"],"_links":{"self":[{"href":"https:\/\/kirikute\u00f6\u00f6.ee\/index.php?rest_route=\/wp\/v2\/pages\/343","targetHints":{"allow":["GET"]}}],"collection":[{"href":"https:\/\/kirikute\u00f6\u00f6.ee\/index.php?rest_route=\/wp\/v2\/pages"}],"about":[{"href":"https:\/\/kirikute\u00f6\u00f6.ee\/index.php?rest_route=\/wp\/v2\/types\/page"}],"author":[{"embeddable":true,"href":"https:\/\/kirikute\u00f6\u00f6.ee\/index.php?rest_route=\/wp\/v2\/users\/1"}],"replies":[{"embeddable":true,"href":"https:\/\/kirikute\u00f6\u00f6.ee\/index.php?rest_route=%2Fwp%2Fv2%2Fcomments&post=343"}],"version-history":[{"count":6,"href":"https:\/\/kirikute\u00f6\u00f6.ee\/index.php?rest_route=\/wp\/v2\/pages\/343\/revisions"}],"predecessor-version":[{"id":4165,"href":"https:\/\/kirikute\u00f6\u00f6.ee\/index.php?rest_route=\/wp\/v2\/pages\/343\/revisions\/4165"}],"wp:attachment":[{"href":"https:\/\/kirikute\u00f6\u00f6.ee\/index.php?rest_route=%2Fwp%2Fv2%2Fmedia&parent=343"}],"wp:term":[{"taxonomy":"wf_page_folders","embeddable":true,"href":"https:\/\/kirikute\u00f6\u00f6.ee\/index.php?rest_route=%2Fwp%2Fv2%2Fwf_page_folders&post=343"}],"curies":[{"name":"wp","href":"https:\/\/api.w.org\/{rel}","templated":true}]}}