{"id":3707,"date":"2024-05-25T20:47:46","date_gmt":"2024-05-25T17:47:46","guid":{"rendered":"https:\/\/kirikute\u00f6\u00f6.ee\/?page_id=3707"},"modified":"2025-06-01T21:56:23","modified_gmt":"2025-06-01T18:56:23","slug":"mustamae-maarja-magdaleena-kirik","status":"publish","type":"page","link":"https:\/\/kirikute\u00f6\u00f6.ee\/?page_id=3707","title":{"rendered":"Mustam\u00e4e Maarja Magdaleena kirik"},"content":{"rendered":"\t\t<div data-elementor-type=\"wp-page\" data-elementor-id=\"3707\" class=\"elementor elementor-3707\" data-elementor-settings=\"[]\">\n\t\t\t\t\t\t<div class=\"elementor-inner\">\n\t\t\t\t\t\t\t<div class=\"elementor-section-wrap\">\n\t\t\t\t\t\t\t<section class=\"elementor-section elementor-top-section elementor-element elementor-element-3313a423 elementor-section-boxed elementor-section-height-default elementor-section-height-default\" data-id=\"3313a423\" data-element_type=\"section\">\n\t\t\t\t\t\t<div class=\"elementor-container elementor-column-gap-default\">\n\t\t\t\t\t\t\t<div class=\"elementor-row\">\n\t\t\t\t\t<div class=\"elementor-column elementor-col-100 elementor-top-column elementor-element elementor-element-5aaa80f5\" data-id=\"5aaa80f5\" data-element_type=\"column\">\n\t\t\t<div class=\"elementor-column-wrap elementor-element-populated\">\n\t\t\t\t\t\t\t<div class=\"elementor-widget-wrap\">\n\t\t\t\t\t\t<div class=\"elementor-element elementor-element-1819aeba elementor-widget elementor-widget-heading\" data-id=\"1819aeba\" data-element_type=\"widget\" data-widget_type=\"heading.default\">\n\t\t\t\t<div class=\"elementor-widget-container\">\n\t\t\t<h2 class=\"elementor-heading-title elementor-size-large\">Mustam\u00e4e Maarja Magdaleena kirik<\/h2>\t\t<\/div>\n\t\t\t\t<\/div>\n\t\t\t\t<section class=\"elementor-section elementor-inner-section elementor-element elementor-element-59dac5e2 elementor-section-full_width elementor-section-content-top elementor-section-height-default elementor-section-height-default\" data-id=\"59dac5e2\" data-element_type=\"section\">\n\t\t\t\t\t\t<div class=\"elementor-container elementor-column-gap-default\">\n\t\t\t\t\t\t\t<div class=\"elementor-row\">\n\t\t\t\t\t<div class=\"elementor-column elementor-col-100 elementor-inner-column elementor-element elementor-element-6e422868\" data-id=\"6e422868\" data-element_type=\"column\">\n\t\t\t<div class=\"elementor-column-wrap elementor-element-populated\">\n\t\t\t\t\t\t\t<div class=\"elementor-widget-wrap\">\n\t\t\t\t\t\t<div class=\"elementor-element elementor-element-4802d2de elementor-widget elementor-widget-text-editor\" data-id=\"4802d2de\" data-element_type=\"widget\" data-widget_type=\"text-editor.default\">\n\t\t\t\t<div class=\"elementor-widget-container\">\n\t\t\t\t\t\t\t\t<div class=\"elementor-text-editor elementor-clearfix\">\n\t\t\t\t\t<p><b>Avatud 19.00-23.00<\/b><\/p><ul><li><b>19.00 Palvus Taiz\u00e9 lauludega.<\/b><\/li><li><strong>20.30 Eesti Piibliseltsi peasekret\u00e4r Jaan B\u00e4renson avab teema ja n\u00e4ituse &#8220;Emakeelsest Piiblist raamatuaastal&#8221;.<\/strong><\/li><li><strong>21.30 Muusika ja s\u00f5na. Tallinna Jaani koguduse abi\u00f5petaja ja Lasnam\u00e4e Markuse koguduse \u00f5petaja Jaan Nagel.<\/strong><\/li><li><strong>19.00-23.00 \u00dcrituste vaheaegadel tee- ja kohvilaud. V\u00f5imalus tutvuda uue Mustam\u00e4e kirikuga.<\/strong><\/li><\/ul>\t\t\t\t\t<\/div>\n\t\t\t\t\t\t<\/div>\n\t\t\t\t<\/div>\n\t\t\t\t\t\t<\/div>\n\t\t\t\t\t<\/div>\n\t\t<\/div>\n\t\t\t\t\t\t\t\t<\/div>\n\t\t\t\t\t<\/div>\n\t\t<\/section>\n\t\t\t\t<section class=\"elementor-section elementor-inner-section elementor-element elementor-element-67e13ff2 elementor-section-boxed elementor-section-height-default elementor-section-height-default\" data-id=\"67e13ff2\" data-element_type=\"section\">\n\t\t\t\t\t\t<div class=\"elementor-container elementor-column-gap-default\">\n\t\t\t\t\t\t\t<div class=\"elementor-row\">\n\t\t\t\t\t<div class=\"elementor-column elementor-col-50 elementor-inner-column elementor-element elementor-element-346a3f46\" data-id=\"346a3f46\" data-element_type=\"column\">\n\t\t\t<div class=\"elementor-column-wrap elementor-element-populated\">\n\t\t\t\t\t\t\t<div class=\"elementor-widget-wrap\">\n\t\t\t\t\t\t<div class=\"elementor-element elementor-element-4b07d18a elementor-widget elementor-widget-image\" data-id=\"4b07d18a\" data-element_type=\"widget\" data-widget_type=\"image.default\">\n\t\t\t\t<div class=\"elementor-widget-container\">\n\t\t\t\t\t\t\t\t<div class=\"elementor-image\">\n\t\t\t\t\t\t\t\t\t\t\t\t<img loading=\"lazy\" decoding=\"async\" width=\"300\" height=\"300\" src=\"https:\/\/kirikute\u00f6\u00f6.ee\/wp-content\/uploads\/2024\/05\/mustamae-300x300.jpg\" class=\"attachment-medium size-medium\" alt=\"\" srcset=\"https:\/\/kirikute\u00f6\u00f6.ee\/wp-content\/uploads\/2024\/05\/mustamae-300x300.jpg 300w, https:\/\/kirikute\u00f6\u00f6.ee\/wp-content\/uploads\/2024\/05\/mustamae-150x150.jpg 150w, https:\/\/kirikute\u00f6\u00f6.ee\/wp-content\/uploads\/2024\/05\/mustamae.jpg 500w\" sizes=\"auto, (max-width: 300px) 100vw, 300px\" \/>\t\t\t\t\t\t\t\t\t\t\t\t\t\t<\/div>\n\t\t\t\t\t\t<\/div>\n\t\t\t\t<\/div>\n\t\t\t\t\t\t<\/div>\n\t\t\t\t\t<\/div>\n\t\t<\/div>\n\t\t\t\t<div class=\"elementor-column elementor-col-50 elementor-inner-column elementor-element elementor-element-6bebe115\" data-id=\"6bebe115\" data-element_type=\"column\">\n\t\t\t<div class=\"elementor-column-wrap elementor-element-populated\">\n\t\t\t\t\t\t\t<div class=\"elementor-widget-wrap\">\n\t\t\t\t\t\t<div class=\"elementor-element elementor-element-58fbd576 elementor-widget elementor-widget-text-editor\" data-id=\"58fbd576\" data-element_type=\"widget\" data-widget_type=\"text-editor.default\">\n\t\t\t\t<div class=\"elementor-widget-container\">\n\t\t\t\t\t\t\t\t<div class=\"elementor-text-editor elementor-clearfix\">\n\t\t\t\t\t<div>EELK Mustam\u00e4e Maarja Magdaleena kogudus on asutatud 23.novembril 2010.<\/div><div>Uue kiriku ehitust alustati aastal 2017 ja 25.augustil 2019 kolis kogudus \u00fchte v\u00e4iksesse ruumi. J\u00e4rgmiste aastate jooksul toimusid sealsamas k\u00f5ik koguduse tegevused: laste- ja noortet\u00f6\u00f6, eakate kohtumised, piiblitunnid, kohtumis\u00f5htud, koolitused, koosolekud, palvused ja igap\u00fchap\u00e4evased jumalateenistused. <br \/>2023. aasta suvel j\u00e4tkusid ehitust\u00f6\u00f6d kiriku sees ning 2.juunil 2024 p\u00fchitsetakse kirik p\u00fchakojaks.<\/div><div>Aastatel 2021 ja 2022 toimusid detsembrikuus kirikusaali ruumis j\u00f5ululoo muusikali &#8220;Valgus valguses&#8221; ettekanded, kuhu olid kaasatud koguduse lapsed, koguduse liikmed ja s\u00f5brad, k\u00fclalisesinejad ning Misjonikoor Maarja Vardja juhatusel.<\/div><div>2024. aastal on suur r\u00f5hk Taiz\u00e9 Tallinn aastavahetuse Euroopa noortekohtumise ettevalmistamisel ja korralduse abistamisel.<\/div>\t\t\t\t\t<\/div>\n\t\t\t\t\t\t<\/div>\n\t\t\t\t<\/div>\n\t\t\t\t\t\t<\/div>\n\t\t\t\t\t<\/div>\n\t\t<\/div>\n\t\t\t\t\t\t\t\t<\/div>\n\t\t\t\t\t<\/div>\n\t\t<\/section>\n\t\t\t\t<section class=\"elementor-section elementor-inner-section elementor-element elementor-element-59fe7f50 elementor-section-boxed elementor-section-height-default elementor-section-height-default\" data-id=\"59fe7f50\" data-element_type=\"section\">\n\t\t\t\t\t\t<div class=\"elementor-container elementor-column-gap-default\">\n\t\t\t\t\t\t\t<div class=\"elementor-row\">\n\t\t\t\t\t<div class=\"elementor-column elementor-col-50 elementor-inner-column elementor-element elementor-element-4b38b1fc\" data-id=\"4b38b1fc\" data-element_type=\"column\">\n\t\t\t<div class=\"elementor-column-wrap elementor-element-populated\">\n\t\t\t\t\t\t\t<div class=\"elementor-widget-wrap\">\n\t\t\t\t\t\t<div class=\"elementor-element elementor-element-33395781 elementor-widget elementor-widget-google_maps\" data-id=\"33395781\" data-element_type=\"widget\" data-widget_type=\"google_maps.default\">\n\t\t\t\t<div class=\"elementor-widget-container\">\n\t\t\t<div class=\"elementor-custom-embed\"><iframe frameborder=\"0\" scrolling=\"no\" marginheight=\"0\" marginwidth=\"0\" src=\"https:\/\/maps.google.com\/maps?q=EELK%20Mustam%C3%A4e%20Maarja%20Magdaleena&amp;t=m&amp;z=13&amp;output=embed&amp;iwloc=near\" title=\"EELK Mustam\u00e4e Maarja Magdaleena\" aria-label=\"EELK Mustam\u00e4e Maarja Magdaleena\"><\/iframe><\/div>\t\t<\/div>\n\t\t\t\t<\/div>\n\t\t\t\t\t\t<\/div>\n\t\t\t\t\t<\/div>\n\t\t<\/div>\n\t\t\t\t<div class=\"elementor-column elementor-col-50 elementor-inner-column elementor-element elementor-element-6328854a\" data-id=\"6328854a\" data-element_type=\"column\">\n\t\t\t<div class=\"elementor-column-wrap elementor-element-populated\">\n\t\t\t\t\t\t\t<div class=\"elementor-widget-wrap\">\n\t\t\t\t\t\t<div class=\"elementor-element elementor-element-5caaaca0 elementor-widget elementor-widget-text-editor\" data-id=\"5caaaca0\" data-element_type=\"widget\" data-widget_type=\"text-editor.default\">\n\t\t\t\t<div class=\"elementor-widget-container\">\n\t\t\t\t\t\t\t\t<div class=\"elementor-text-editor elementor-clearfix\">\n\t\t\t\t\t<p><strong>Aadress: Kiili 9, Tallinn<\/strong><\/p><p><a href=\"https:\/\/mustamae.eelk.ee\/\"><strong><span style=\"color: #b50048;\">https:\/\/mustamae.eelk.ee<\/span><\/strong><\/a><\/p><p><a href=\"https:\/\/www.facebook.com\/EELKMustamaeMaarjaMagdaleenaKogudus\"><strong><span style=\"color: #b50048;\">Facebook: EELK Mustam\u00e4e Maarja Magdaleena kogudus<\/span><\/strong><\/a><\/p>\t\t\t\t\t<\/div>\n\t\t\t\t\t\t<\/div>\n\t\t\t\t<\/div>\n\t\t\t\t\t\t<\/div>\n\t\t\t\t\t<\/div>\n\t\t<\/div>\n\t\t\t\t\t\t\t\t<\/div>\n\t\t\t\t\t<\/div>\n\t\t<\/section>\n\t\t\t\t\t\t<\/div>\n\t\t\t\t\t<\/div>\n\t\t<\/div>\n\t\t\t\t\t\t\t\t<\/div>\n\t\t\t\t\t<\/div>\n\t\t<\/section>\n\t\t\t\t\t\t<\/div>\n\t\t\t\t\t\t<\/div>\n\t\t\t\t\t<\/div>\n\t\t","protected":false},"excerpt":{"rendered":"<p>Mustam\u00e4e Maarja Magdaleena kirik Avatud 19.00-23.00 19.00 Palvus Taiz\u00e9 lauludega. 20.30 Eesti Piibliseltsi peasekret\u00e4r Jaan B\u00e4renson avab teema ja n\u00e4ituse &#8220;Emakeelsest Piiblist raamatuaastal&#8221;. 21.30 Muusika ja s\u00f5na. Tallinna Jaani koguduse abi\u00f5petaja ja Lasnam\u00e4e Markuse koguduse \u00f5petaja Jaan Nagel. 19.00-23.00 \u00dcrituste vaheaegadel tee- ja kohvilaud. V\u00f5imalus tutvuda uue Mustam\u00e4e kirikuga. EELK Mustam\u00e4e Maarja Magdaleena kogudus on [&hellip;]<\/p>\n","protected":false},"author":1,"featured_media":0,"parent":0,"menu_order":0,"comment_status":"closed","ping_status":"closed","template":"","meta":{"footnotes":""},"wf_page_folders":[21],"class_list":["post-3707","page","type-page","status-publish","hentry","entry"],"_links":{"self":[{"href":"https:\/\/kirikute\u00f6\u00f6.ee\/index.php?rest_route=\/wp\/v2\/pages\/3707","targetHints":{"allow":["GET"]}}],"collection":[{"href":"https:\/\/kirikute\u00f6\u00f6.ee\/index.php?rest_route=\/wp\/v2\/pages"}],"about":[{"href":"https:\/\/kirikute\u00f6\u00f6.ee\/index.php?rest_route=\/wp\/v2\/types\/page"}],"author":[{"embeddable":true,"href":"https:\/\/kirikute\u00f6\u00f6.ee\/index.php?rest_route=\/wp\/v2\/users\/1"}],"replies":[{"embeddable":true,"href":"https:\/\/kirikute\u00f6\u00f6.ee\/index.php?rest_route=%2Fwp%2Fv2%2Fcomments&post=3707"}],"version-history":[{"count":31,"href":"https:\/\/kirikute\u00f6\u00f6.ee\/index.php?rest_route=\/wp\/v2\/pages\/3707\/revisions"}],"predecessor-version":[{"id":4941,"href":"https:\/\/kirikute\u00f6\u00f6.ee\/index.php?rest_route=\/wp\/v2\/pages\/3707\/revisions\/4941"}],"wp:attachment":[{"href":"https:\/\/kirikute\u00f6\u00f6.ee\/index.php?rest_route=%2Fwp%2Fv2%2Fmedia&parent=3707"}],"wp:term":[{"taxonomy":"wf_page_folders","embeddable":true,"href":"https:\/\/kirikute\u00f6\u00f6.ee\/index.php?rest_route=%2Fwp%2Fv2%2Fwf_page_folders&post=3707"}],"curies":[{"name":"wp","href":"https:\/\/api.w.org\/{rel}","templated":true}]}}