{"id":3887,"date":"2024-05-29T10:05:07","date_gmt":"2024-05-29T07:05:07","guid":{"rendered":"https:\/\/kirikute\u00f6\u00f6.ee\/?page_id=3887"},"modified":"2025-05-08T11:43:34","modified_gmt":"2025-05-08T08:43:34","slug":"laane-nigula","status":"publish","type":"page","link":"https:\/\/kirikute\u00f6\u00f6.ee\/?page_id=3887","title":{"rendered":"L\u00e4\u00e4ne-Nigula"},"content":{"rendered":"\t\t<div data-elementor-type=\"wp-page\" data-elementor-id=\"3887\" class=\"elementor elementor-3887\" data-elementor-settings=\"[]\">\n\t\t\t\t\t\t<div class=\"elementor-inner\">\n\t\t\t\t\t\t\t<div class=\"elementor-section-wrap\">\n\t\t\t\t\t\t\t<section class=\"elementor-section elementor-top-section elementor-element elementor-element-f316629 elementor-section-boxed elementor-section-height-default elementor-section-height-default\" data-id=\"f316629\" data-element_type=\"section\">\n\t\t\t\t\t\t<div class=\"elementor-container elementor-column-gap-default\">\n\t\t\t\t\t\t\t<div class=\"elementor-row\">\n\t\t\t\t\t<div class=\"elementor-column elementor-col-100 elementor-top-column elementor-element elementor-element-394e66e3\" data-id=\"394e66e3\" data-element_type=\"column\">\n\t\t\t<div class=\"elementor-column-wrap elementor-element-populated\">\n\t\t\t\t\t\t\t<div class=\"elementor-widget-wrap\">\n\t\t\t\t\t\t<div class=\"elementor-element elementor-element-5841f65b elementor-widget elementor-widget-heading\" data-id=\"5841f65b\" data-element_type=\"widget\" data-widget_type=\"heading.default\">\n\t\t\t\t<div class=\"elementor-widget-container\">\n\t\t\t<h2 class=\"elementor-heading-title elementor-size-large\">EELK L\u00e4\u00e4ne-Nigula P\u00fcha Nikolause kirik<\/h2>\t\t<\/div>\n\t\t\t\t<\/div>\n\t\t\t\t<section class=\"elementor-section elementor-inner-section elementor-element elementor-element-34f2e50c elementor-section-full_width elementor-section-content-top elementor-section-height-default elementor-section-height-default\" data-id=\"34f2e50c\" data-element_type=\"section\">\n\t\t\t\t\t\t<div class=\"elementor-container elementor-column-gap-default\">\n\t\t\t\t\t\t\t<div class=\"elementor-row\">\n\t\t\t\t\t<div class=\"elementor-column elementor-col-100 elementor-inner-column elementor-element elementor-element-282bbbce\" data-id=\"282bbbce\" data-element_type=\"column\">\n\t\t\t<div class=\"elementor-column-wrap elementor-element-populated\">\n\t\t\t\t\t\t\t<div class=\"elementor-widget-wrap\">\n\t\t\t\t\t\t<div class=\"elementor-element elementor-element-30d1e5f0 elementor-widget elementor-widget-text-editor\" data-id=\"30d1e5f0\" data-element_type=\"widget\" data-widget_type=\"text-editor.default\">\n\t\t\t\t<div class=\"elementor-widget-container\">\n\t\t\t\t\t\t\t\t<div class=\"elementor-text-editor elementor-clearfix\">\n\t\t\t\t\t<ul><li><b>\u00a0<\/b><\/li><\/ul>\t\t\t\t\t<\/div>\n\t\t\t\t\t\t<\/div>\n\t\t\t\t<\/div>\n\t\t\t\t\t\t<\/div>\n\t\t\t\t\t<\/div>\n\t\t<\/div>\n\t\t\t\t\t\t\t\t<\/div>\n\t\t\t\t\t<\/div>\n\t\t<\/section>\n\t\t\t\t<section class=\"elementor-section elementor-inner-section elementor-element elementor-element-3f65073c elementor-section-boxed elementor-section-height-default elementor-section-height-default\" data-id=\"3f65073c\" data-element_type=\"section\">\n\t\t\t\t\t\t<div class=\"elementor-container elementor-column-gap-default\">\n\t\t\t\t\t\t\t<div class=\"elementor-row\">\n\t\t\t\t\t<div class=\"elementor-column elementor-col-50 elementor-inner-column elementor-element elementor-element-7e13936c\" data-id=\"7e13936c\" data-element_type=\"column\">\n\t\t\t<div class=\"elementor-column-wrap elementor-element-populated\">\n\t\t\t\t\t\t\t<div class=\"elementor-widget-wrap\">\n\t\t\t\t\t\t<div class=\"elementor-element elementor-element-20962bc4 elementor-widget elementor-widget-image\" data-id=\"20962bc4\" data-element_type=\"widget\" data-widget_type=\"image.default\">\n\t\t\t\t<div class=\"elementor-widget-container\">\n\t\t\t\t\t\t\t\t<div class=\"elementor-image\">\n\t\t\t\t\t\t\t\t\t\t\t\t<img loading=\"lazy\" decoding=\"async\" width=\"300\" height=\"300\" src=\"https:\/\/kirikute\u00f6\u00f6.ee\/wp-content\/uploads\/2024\/05\/laane_nigula-300x300.jpg\" class=\"attachment-medium size-medium\" alt=\"\" srcset=\"https:\/\/kirikute\u00f6\u00f6.ee\/wp-content\/uploads\/2024\/05\/laane_nigula-300x300.jpg 300w, https:\/\/kirikute\u00f6\u00f6.ee\/wp-content\/uploads\/2024\/05\/laane_nigula-150x150.jpg 150w, https:\/\/kirikute\u00f6\u00f6.ee\/wp-content\/uploads\/2024\/05\/laane_nigula.jpg 500w\" sizes=\"auto, (max-width: 300px) 100vw, 300px\" \/>\t\t\t\t\t\t\t\t\t\t\t\t\t\t<\/div>\n\t\t\t\t\t\t<\/div>\n\t\t\t\t<\/div>\n\t\t\t\t\t\t<\/div>\n\t\t\t\t\t<\/div>\n\t\t<\/div>\n\t\t\t\t<div class=\"elementor-column elementor-col-50 elementor-inner-column elementor-element elementor-element-152d5ca0\" data-id=\"152d5ca0\" data-element_type=\"column\">\n\t\t\t<div class=\"elementor-column-wrap elementor-element-populated\">\n\t\t\t\t\t\t\t<div class=\"elementor-widget-wrap\">\n\t\t\t\t\t\t<div class=\"elementor-element elementor-element-b1f4d4 elementor-widget elementor-widget-text-editor\" data-id=\"b1f4d4\" data-element_type=\"widget\" data-widget_type=\"text-editor.default\">\n\t\t\t\t<div class=\"elementor-widget-container\">\n\t\t\t\t\t\t\t\t<div class=\"elementor-text-editor elementor-clearfix\">\n\t\t\t\t\t<p>L\u00e4\u00e4ne-Nigula kihelkond iseseisvus t\u00f5en\u00e4oliselt 13. sajandil. Kiriku kaitsep\u00fchaku P\u00fcha Nikolause nimest kujunenud L\u00e4\u00e4ne-Nigula, tuleb ametlikult kasutusele 20. sajandi alguses.<\/p><p>Kivikirik ehitati 13. sajandi teisel poolel Saare-L\u00e4\u00e4ne piiskopkonna arhitektuuri tavade kohaselt. Kirikul oli \u00fchel\u00f6\u00f6viline kahe v\u00f5lvikuga pikihoone ja v\u00e4iksem nelinurkne kooriruum. Torn ja k\u00e4\u00e4rkamber esialgu puudusid. Esialgse v\u00e4lisilme aktsendiks olid kitsad k\u00f5rged paarisaknad nii pikihoones kui kiriku idaseinas. Viimased on kinnim\u00fc\u00fcritud ja pikihoone paarisaknad on \u00fcmberehitatud.\u00a0<br \/>Algne ruumipilt on paremini s\u00e4ilinud altariruumis, mida katab Eestis harvaesinev kaheksaroideline v\u00f5lv. Pikihoone v\u00f5lvistikust on s\u00e4ilinud vaid v\u00f5lvitugede alaosad. Kiriku keskaegsest sisustusest s\u00e4ilitatakse Tallinnas Niguliste kirikus kolme altarifiguuri: Nikolaus, Maarja ja evangelist Johannes. Tegemist on osaga hilisgooti altarist. Altar on ilmselt valmistatud L\u00fc\u00fcbeki meistri Hennig von der Heyde t\u00f6\u00f6kojas. 1930-ndatel aastatel Tartusse viidud.<\/p><p>Alates 18. sajandist on kirikut tavatult palju ja kapitaalselt \u00fcmber ehitatud. 1760. aastal valmis barokkportaaliga nelinurkne l\u00e4\u00e4netorn. 1809. aastal sai kirik r\u00e4ngalt tulekahjus kannatada. H\u00e4visid tornikiiver, katus, pikihoone v\u00f5lvid, kannatada said k\u00e4\u00e4rkamber ja sisustus. 1816. aastani kestis vaheaegadega ehituslik taastamine. Torni kiviosa kaasajastati nelja kolmnurkfrontooniga. 1815. aastal madaldati pikihoone seinu ja kaeti peegelv\u00f5lvlaega, raiuti maha v\u00f5lvtoed ja lammutati k\u00e4\u00e4rkambri m\u00fc\u00fcrid. Koos sisustusega taastati kirik 1824. aastal. 1872. aastal avati idaseina \u00f5petajauks ja rajati omap\u00e4rane k\u00f6etav k\u00e4\u00e4rkamber altariseina taha. 1882. aastaks valmis kullatud ristiga sihvakas tornikiiver. Torni k\u00f5rgus on 52,2 meetrit sellest kiiver on 26,7 meetrit. 19. sajandil likvideeriti pikihoone paarisaknad ja kujundati avaraiks \u00fcmarkaarseiks.<\/p><ul><li>Kiriku praegune sisustus p\u00e4rineb 19. sajandist.<\/li><li>V\u00f5imsa ampiirstiilis altariseina valmistas meister Sigismund Peterburist.<\/li><li>Altarimaalid \u201cP\u00fcha \u00d5htus\u00f6\u00f6maaeg\u201d ja \u201c\u00dclest\u00f5usmine\u201d on koopiad Leonardo da Vinci samanimelistest maalidest.\u00a0Maalid annetas m\u00f5isnik H. V. Aderkas.<\/li><li>Kantsli autor on Tallinna meister Sch\u00f6nfeldt.<\/li><li>Esimene teadaolev orel osteti 1855. aastal. Praeguse oreli ehitas 1926. aastal G. Terkmann.<\/li><\/ul>\t\t\t\t\t<\/div>\n\t\t\t\t\t\t<\/div>\n\t\t\t\t<\/div>\n\t\t\t\t\t\t<\/div>\n\t\t\t\t\t<\/div>\n\t\t<\/div>\n\t\t\t\t\t\t\t\t<\/div>\n\t\t\t\t\t<\/div>\n\t\t<\/section>\n\t\t\t\t<section class=\"elementor-section elementor-inner-section elementor-element elementor-element-546ea29b elementor-section-boxed elementor-section-height-default elementor-section-height-default\" data-id=\"546ea29b\" data-element_type=\"section\">\n\t\t\t\t\t\t<div class=\"elementor-container elementor-column-gap-default\">\n\t\t\t\t\t\t\t<div class=\"elementor-row\">\n\t\t\t\t\t<div class=\"elementor-column elementor-col-50 elementor-inner-column elementor-element elementor-element-3ae4eea4\" data-id=\"3ae4eea4\" data-element_type=\"column\">\n\t\t\t<div class=\"elementor-column-wrap elementor-element-populated\">\n\t\t\t\t\t\t\t<div class=\"elementor-widget-wrap\">\n\t\t\t\t\t\t<div class=\"elementor-element elementor-element-7f8e4147 elementor-widget elementor-widget-google_maps\" data-id=\"7f8e4147\" data-element_type=\"widget\" data-widget_type=\"google_maps.default\">\n\t\t\t\t<div class=\"elementor-widget-container\">\n\t\t\t<div class=\"elementor-custom-embed\"><iframe frameborder=\"0\" scrolling=\"no\" marginheight=\"0\" marginwidth=\"0\" src=\"https:\/\/maps.google.com\/maps?q=L%C3%A4%C3%A4ne-Nigula%20Nikolause%20kirik&amp;t=m&amp;z=13&amp;output=embed&amp;iwloc=near\" title=\"L\u00e4\u00e4ne-Nigula Nikolause kirik\" aria-label=\"L\u00e4\u00e4ne-Nigula Nikolause kirik\"><\/iframe><\/div>\t\t<\/div>\n\t\t\t\t<\/div>\n\t\t\t\t\t\t<\/div>\n\t\t\t\t\t<\/div>\n\t\t<\/div>\n\t\t\t\t<div class=\"elementor-column elementor-col-50 elementor-inner-column elementor-element elementor-element-62ca376c\" data-id=\"62ca376c\" data-element_type=\"column\">\n\t\t\t<div class=\"elementor-column-wrap elementor-element-populated\">\n\t\t\t\t\t\t\t<div class=\"elementor-widget-wrap\">\n\t\t\t\t\t\t<div class=\"elementor-element elementor-element-6ab5b58c elementor-widget elementor-widget-text-editor\" data-id=\"6ab5b58c\" data-element_type=\"widget\" data-widget_type=\"text-editor.default\">\n\t\t\t\t<div class=\"elementor-widget-container\">\n\t\t\t\t\t\t\t\t<div class=\"elementor-text-editor elementor-clearfix\">\n\t\t\t\t\t<p>\u00a0<\/p><p><a href=\"https:\/\/laane-nigula.eelk.ee\/\"><strong><span style=\"color: #b50048;\">http:\/\/laane-nigula.eelk.ee\/<\/span><\/strong><\/a><\/p>\t\t\t\t\t<\/div>\n\t\t\t\t\t\t<\/div>\n\t\t\t\t<\/div>\n\t\t\t\t\t\t<\/div>\n\t\t\t\t\t<\/div>\n\t\t<\/div>\n\t\t\t\t\t\t\t\t<\/div>\n\t\t\t\t\t<\/div>\n\t\t<\/section>\n\t\t\t\t\t\t<\/div>\n\t\t\t\t\t<\/div>\n\t\t<\/div>\n\t\t\t\t\t\t\t\t<\/div>\n\t\t\t\t\t<\/div>\n\t\t<\/section>\n\t\t\t\t\t\t<\/div>\n\t\t\t\t\t\t<\/div>\n\t\t\t\t\t<\/div>\n\t\t","protected":false},"excerpt":{"rendered":"<p>EELK L\u00e4\u00e4ne-Nigula P\u00fcha Nikolause kirik \u00a0 L\u00e4\u00e4ne-Nigula kihelkond iseseisvus t\u00f5en\u00e4oliselt 13. sajandil. Kiriku kaitsep\u00fchaku P\u00fcha Nikolause nimest kujunenud L\u00e4\u00e4ne-Nigula, tuleb ametlikult kasutusele 20. sajandi alguses. Kivikirik ehitati 13. sajandi teisel poolel Saare-L\u00e4\u00e4ne piiskopkonna arhitektuuri tavade kohaselt. Kirikul oli \u00fchel\u00f6\u00f6viline kahe v\u00f5lvikuga pikihoone ja v\u00e4iksem nelinurkne kooriruum. Torn ja k\u00e4\u00e4rkamber esialgu puudusid. Esialgse v\u00e4lisilme aktsendiks olid [&hellip;]<\/p>\n","protected":false},"author":1,"featured_media":0,"parent":0,"menu_order":0,"comment_status":"closed","ping_status":"closed","template":"","meta":{"footnotes":""},"wf_page_folders":[29],"class_list":["post-3887","page","type-page","status-publish","hentry","entry"],"_links":{"self":[{"href":"https:\/\/kirikute\u00f6\u00f6.ee\/index.php?rest_route=\/wp\/v2\/pages\/3887","targetHints":{"allow":["GET"]}}],"collection":[{"href":"https:\/\/kirikute\u00f6\u00f6.ee\/index.php?rest_route=\/wp\/v2\/pages"}],"about":[{"href":"https:\/\/kirikute\u00f6\u00f6.ee\/index.php?rest_route=\/wp\/v2\/types\/page"}],"author":[{"embeddable":true,"href":"https:\/\/kirikute\u00f6\u00f6.ee\/index.php?rest_route=\/wp\/v2\/users\/1"}],"replies":[{"embeddable":true,"href":"https:\/\/kirikute\u00f6\u00f6.ee\/index.php?rest_route=%2Fwp%2Fv2%2Fcomments&post=3887"}],"version-history":[{"count":7,"href":"https:\/\/kirikute\u00f6\u00f6.ee\/index.php?rest_route=\/wp\/v2\/pages\/3887\/revisions"}],"predecessor-version":[{"id":4497,"href":"https:\/\/kirikute\u00f6\u00f6.ee\/index.php?rest_route=\/wp\/v2\/pages\/3887\/revisions\/4497"}],"wp:attachment":[{"href":"https:\/\/kirikute\u00f6\u00f6.ee\/index.php?rest_route=%2Fwp%2Fv2%2Fmedia&parent=3887"}],"wp:term":[{"taxonomy":"wf_page_folders","embeddable":true,"href":"https:\/\/kirikute\u00f6\u00f6.ee\/index.php?rest_route=%2Fwp%2Fv2%2Fwf_page_folders&post=3887"}],"curies":[{"name":"wp","href":"https:\/\/api.w.org\/{rel}","templated":true}]}}