{"id":3908,"date":"2024-06-03T07:06:32","date_gmt":"2024-06-03T04:06:32","guid":{"rendered":"https:\/\/kirikute\u00f6\u00f6.ee\/?page_id=3908"},"modified":"2025-06-03T08:38:51","modified_gmt":"2025-06-03T05:38:51","slug":"parnu-issandamuutmise-katedraalkirik","status":"publish","type":"page","link":"https:\/\/kirikute\u00f6\u00f6.ee\/?page_id=3908","title":{"rendered":"Parnu Issandamuutmise katedraalkirik"},"content":{"rendered":"\t\t<div data-elementor-type=\"wp-page\" data-elementor-id=\"3908\" class=\"elementor elementor-3908\" data-elementor-settings=\"[]\">\n\t\t\t\t\t\t<div class=\"elementor-inner\">\n\t\t\t\t\t\t\t<div class=\"elementor-section-wrap\">\n\t\t\t\t\t\t\t<section class=\"elementor-section elementor-top-section elementor-element elementor-element-7418b614 elementor-section-boxed elementor-section-height-default elementor-section-height-default\" data-id=\"7418b614\" data-element_type=\"section\">\n\t\t\t\t\t\t<div class=\"elementor-container elementor-column-gap-default\">\n\t\t\t\t\t\t\t<div class=\"elementor-row\">\n\t\t\t\t\t<div class=\"elementor-column elementor-col-100 elementor-top-column elementor-element elementor-element-5ac9130f\" data-id=\"5ac9130f\" data-element_type=\"column\">\n\t\t\t<div class=\"elementor-column-wrap elementor-element-populated\">\n\t\t\t\t\t\t\t<div class=\"elementor-widget-wrap\">\n\t\t\t\t\t\t<div class=\"elementor-element elementor-element-4e3f21de elementor-widget elementor-widget-heading\" data-id=\"4e3f21de\" data-element_type=\"widget\" data-widget_type=\"heading.default\">\n\t\t\t\t<div class=\"elementor-widget-container\">\n\t\t\t<h2 class=\"elementor-heading-title elementor-size-large\">EA\u00d5K P\u00e4rnu Issandamuutmise katedraalkirik<\/h2>\t\t<\/div>\n\t\t\t\t<\/div>\n\t\t\t\t<section class=\"elementor-section elementor-inner-section elementor-element elementor-element-6bca6080 elementor-section-full_width elementor-section-content-top elementor-section-height-default elementor-section-height-default\" data-id=\"6bca6080\" data-element_type=\"section\">\n\t\t\t\t\t\t<div class=\"elementor-container elementor-column-gap-default\">\n\t\t\t\t\t\t\t<div class=\"elementor-row\">\n\t\t\t\t\t<div class=\"elementor-column elementor-col-100 elementor-inner-column elementor-element elementor-element-7d1824d0\" data-id=\"7d1824d0\" data-element_type=\"column\">\n\t\t\t<div class=\"elementor-column-wrap elementor-element-populated\">\n\t\t\t\t\t\t\t<div class=\"elementor-widget-wrap\">\n\t\t\t\t\t\t<div class=\"elementor-element elementor-element-295b0af elementor-widget elementor-widget-text-editor\" data-id=\"295b0af\" data-element_type=\"widget\" data-widget_type=\"text-editor.default\">\n\t\t\t\t<div class=\"elementor-widget-container\">\n\t\t\t\t\t\t\t\t<div class=\"elementor-text-editor elementor-clearfix\">\n\t\t\t\t\t<ul><li><strong>Avatud kell 18.00-20.00<\/strong><\/li><\/ul>\t\t\t\t\t<\/div>\n\t\t\t\t\t\t<\/div>\n\t\t\t\t<\/div>\n\t\t\t\t\t\t<\/div>\n\t\t\t\t\t<\/div>\n\t\t<\/div>\n\t\t\t\t\t\t\t\t<\/div>\n\t\t\t\t\t<\/div>\n\t\t<\/section>\n\t\t\t\t<section class=\"elementor-section elementor-inner-section elementor-element elementor-element-5eff100 elementor-section-boxed elementor-section-height-default elementor-section-height-default\" data-id=\"5eff100\" data-element_type=\"section\">\n\t\t\t\t\t\t<div class=\"elementor-container elementor-column-gap-default\">\n\t\t\t\t\t\t\t<div class=\"elementor-row\">\n\t\t\t\t\t<div class=\"elementor-column elementor-col-50 elementor-inner-column elementor-element elementor-element-50c3473c\" data-id=\"50c3473c\" data-element_type=\"column\">\n\t\t\t<div class=\"elementor-column-wrap elementor-element-populated\">\n\t\t\t\t\t\t\t<div class=\"elementor-widget-wrap\">\n\t\t\t\t\t\t<div class=\"elementor-element elementor-element-24070874 elementor-widget elementor-widget-image\" data-id=\"24070874\" data-element_type=\"widget\" data-widget_type=\"image.default\">\n\t\t\t\t<div class=\"elementor-widget-container\">\n\t\t\t\t\t\t\t\t<div class=\"elementor-image\">\n\t\t\t\t\t\t\t\t\t\t\t\t<img loading=\"lazy\" decoding=\"async\" width=\"300\" height=\"300\" src=\"https:\/\/kirikute\u00f6\u00f6.ee\/wp-content\/uploads\/2024\/06\/parnu_issandamuutmise-300x300.jpg\" class=\"attachment-medium size-medium\" alt=\"\" srcset=\"https:\/\/kirikute\u00f6\u00f6.ee\/wp-content\/uploads\/2024\/06\/parnu_issandamuutmise-300x300.jpg 300w, https:\/\/kirikute\u00f6\u00f6.ee\/wp-content\/uploads\/2024\/06\/parnu_issandamuutmise-150x150.jpg 150w, https:\/\/kirikute\u00f6\u00f6.ee\/wp-content\/uploads\/2024\/06\/parnu_issandamuutmise.jpg 450w\" sizes=\"auto, (max-width: 300px) 100vw, 300px\" \/>\t\t\t\t\t\t\t\t\t\t\t\t\t\t<\/div>\n\t\t\t\t\t\t<\/div>\n\t\t\t\t<\/div>\n\t\t\t\t\t\t<\/div>\n\t\t\t\t\t<\/div>\n\t\t<\/div>\n\t\t\t\t<div class=\"elementor-column elementor-col-50 elementor-inner-column elementor-element elementor-element-60967772\" data-id=\"60967772\" data-element_type=\"column\">\n\t\t\t<div class=\"elementor-column-wrap elementor-element-populated\">\n\t\t\t\t\t\t\t<div class=\"elementor-widget-wrap\">\n\t\t\t\t\t\t<div class=\"elementor-element elementor-element-48728ae5 elementor-widget elementor-widget-text-editor\" data-id=\"48728ae5\" data-element_type=\"widget\" data-widget_type=\"text-editor.default\">\n\t\t\t\t<div class=\"elementor-widget-container\">\n\t\t\t\t\t\t\t\t<div class=\"elementor-text-editor elementor-clearfix\">\n\t\t\t\t\t<p>Historistlik P\u00e4rnu Issandamuutmise kirik valmis 1904. aastal ja sai kodukirikuks kohaliku \u00f5igeusu koguduse eesti keelt k\u00f5nelevatele liikmetele.<\/p>\t\t\t\t\t<\/div>\n\t\t\t\t\t\t<\/div>\n\t\t\t\t<\/div>\n\t\t\t\t\t\t<\/div>\n\t\t\t\t\t<\/div>\n\t\t<\/div>\n\t\t\t\t\t\t\t\t<\/div>\n\t\t\t\t\t<\/div>\n\t\t<\/section>\n\t\t\t\t<section class=\"elementor-section elementor-inner-section elementor-element elementor-element-cc19846 elementor-section-boxed elementor-section-height-default elementor-section-height-default\" data-id=\"cc19846\" data-element_type=\"section\">\n\t\t\t\t\t\t<div class=\"elementor-container elementor-column-gap-default\">\n\t\t\t\t\t\t\t<div class=\"elementor-row\">\n\t\t\t\t\t<div class=\"elementor-column elementor-col-50 elementor-inner-column elementor-element elementor-element-642c335a\" data-id=\"642c335a\" data-element_type=\"column\">\n\t\t\t<div class=\"elementor-column-wrap elementor-element-populated\">\n\t\t\t\t\t\t\t<div class=\"elementor-widget-wrap\">\n\t\t\t\t\t\t<div class=\"elementor-element elementor-element-1fe3c303 elementor-widget elementor-widget-google_maps\" data-id=\"1fe3c303\" data-element_type=\"widget\" data-widget_type=\"google_maps.default\">\n\t\t\t\t<div class=\"elementor-widget-container\">\n\t\t\t<div class=\"elementor-custom-embed\"><iframe frameborder=\"0\" scrolling=\"no\" marginheight=\"0\" marginwidth=\"0\" src=\"https:\/\/maps.google.com\/maps?q=P%C3%A4rnu%20Issandamuutmise%20katedraalkirik&amp;t=m&amp;z=13&amp;output=embed&amp;iwloc=near\" title=\"P\u00e4rnu Issandamuutmise katedraalkirik\" aria-label=\"P\u00e4rnu Issandamuutmise katedraalkirik\"><\/iframe><\/div>\t\t<\/div>\n\t\t\t\t<\/div>\n\t\t\t\t\t\t<\/div>\n\t\t\t\t\t<\/div>\n\t\t<\/div>\n\t\t\t\t<div class=\"elementor-column elementor-col-50 elementor-inner-column elementor-element elementor-element-57c3ea6f\" data-id=\"57c3ea6f\" data-element_type=\"column\">\n\t\t\t<div class=\"elementor-column-wrap elementor-element-populated\">\n\t\t\t\t\t\t\t<div class=\"elementor-widget-wrap\">\n\t\t\t\t\t\t<div class=\"elementor-element elementor-element-cbf50ad elementor-widget elementor-widget-text-editor\" data-id=\"cbf50ad\" data-element_type=\"widget\" data-widget_type=\"text-editor.default\">\n\t\t\t\t<div class=\"elementor-widget-container\">\n\t\t\t\t\t\t\t\t<div class=\"elementor-text-editor elementor-clearfix\">\n\t\t\t\t\t<p><strong>Aadress: Aia 5, P\u00e4rnu<\/strong><\/p><p><a href=\"https:\/\/www.eoc.ee\/kogudus\/parnu-issandamuutmise-kogudus\/?v=a57b8491d1d8\"><strong><span style=\"color: #b50048;\">https:\/\/www.eoc.ee\/kogudus\/parnu-issandamuutmise-kogudus\/<\/span><\/strong><\/a><\/p>\t\t\t\t\t<\/div>\n\t\t\t\t\t\t<\/div>\n\t\t\t\t<\/div>\n\t\t\t\t\t\t<\/div>\n\t\t\t\t\t<\/div>\n\t\t<\/div>\n\t\t\t\t\t\t\t\t<\/div>\n\t\t\t\t\t<\/div>\n\t\t<\/section>\n\t\t\t\t\t\t<\/div>\n\t\t\t\t\t<\/div>\n\t\t<\/div>\n\t\t\t\t\t\t\t\t<\/div>\n\t\t\t\t\t<\/div>\n\t\t<\/section>\n\t\t\t\t\t\t<\/div>\n\t\t\t\t\t\t<\/div>\n\t\t\t\t\t<\/div>\n\t\t","protected":false},"excerpt":{"rendered":"<p>EA\u00d5K P\u00e4rnu Issandamuutmise katedraalkirik Avatud kell 18.00-20.00 Historistlik P\u00e4rnu Issandamuutmise kirik valmis 1904. aastal ja sai kodukirikuks kohaliku \u00f5igeusu koguduse eesti keelt k\u00f5nelevatele liikmetele. Aadress: Aia 5, P\u00e4rnu https:\/\/www.eoc.ee\/kogudus\/parnu-issandamuutmise-kogudus\/<\/p>\n","protected":false},"author":1,"featured_media":0,"parent":0,"menu_order":0,"comment_status":"closed","ping_status":"closed","template":"","meta":{"footnotes":""},"wf_page_folders":[16],"class_list":["post-3908","page","type-page","status-publish","hentry","entry"],"_links":{"self":[{"href":"https:\/\/kirikute\u00f6\u00f6.ee\/index.php?rest_route=\/wp\/v2\/pages\/3908","targetHints":{"allow":["GET"]}}],"collection":[{"href":"https:\/\/kirikute\u00f6\u00f6.ee\/index.php?rest_route=\/wp\/v2\/pages"}],"about":[{"href":"https:\/\/kirikute\u00f6\u00f6.ee\/index.php?rest_route=\/wp\/v2\/types\/page"}],"author":[{"embeddable":true,"href":"https:\/\/kirikute\u00f6\u00f6.ee\/index.php?rest_route=\/wp\/v2\/users\/1"}],"replies":[{"embeddable":true,"href":"https:\/\/kirikute\u00f6\u00f6.ee\/index.php?rest_route=%2Fwp%2Fv2%2Fcomments&post=3908"}],"version-history":[{"count":10,"href":"https:\/\/kirikute\u00f6\u00f6.ee\/index.php?rest_route=\/wp\/v2\/pages\/3908\/revisions"}],"predecessor-version":[{"id":4990,"href":"https:\/\/kirikute\u00f6\u00f6.ee\/index.php?rest_route=\/wp\/v2\/pages\/3908\/revisions\/4990"}],"wp:attachment":[{"href":"https:\/\/kirikute\u00f6\u00f6.ee\/index.php?rest_route=%2Fwp%2Fv2%2Fmedia&parent=3908"}],"wp:term":[{"taxonomy":"wf_page_folders","embeddable":true,"href":"https:\/\/kirikute\u00f6\u00f6.ee\/index.php?rest_route=%2Fwp%2Fv2%2Fwf_page_folders&post=3908"}],"curies":[{"name":"wp","href":"https:\/\/api.w.org\/{rel}","templated":true}]}}