{"id":4156,"date":"2025-05-03T18:03:40","date_gmt":"2025-05-03T15:03:40","guid":{"rendered":"https:\/\/kirikute\u00f6\u00f6.ee\/?page_id=4156"},"modified":"2025-05-30T05:15:57","modified_gmt":"2025-05-30T02:15:57","slug":"kaarepere","status":"publish","type":"page","link":"https:\/\/kirikute\u00f6\u00f6.ee\/?page_id=4156","title":{"rendered":"Kaarepere"},"content":{"rendered":"\t\t<div data-elementor-type=\"wp-page\" data-elementor-id=\"4156\" class=\"elementor elementor-4156\" data-elementor-settings=\"[]\">\n\t\t\t\t\t\t<div class=\"elementor-inner\">\n\t\t\t\t\t\t\t<div class=\"elementor-section-wrap\">\n\t\t\t\t\t\t\t<section class=\"elementor-section elementor-top-section elementor-element elementor-element-6688c42f elementor-section-boxed elementor-section-height-default elementor-section-height-default\" data-id=\"6688c42f\" data-element_type=\"section\">\n\t\t\t\t\t\t<div class=\"elementor-container elementor-column-gap-default\">\n\t\t\t\t\t\t\t<div class=\"elementor-row\">\n\t\t\t\t\t<div class=\"elementor-column elementor-col-100 elementor-top-column elementor-element elementor-element-5703377a\" data-id=\"5703377a\" data-element_type=\"column\">\n\t\t\t<div class=\"elementor-column-wrap elementor-element-populated\">\n\t\t\t\t\t\t\t<div class=\"elementor-widget-wrap\">\n\t\t\t\t\t\t<div class=\"elementor-element elementor-element-527e45b3 elementor-widget elementor-widget-heading\" data-id=\"527e45b3\" data-element_type=\"widget\" data-widget_type=\"heading.default\">\n\t\t\t\t<div class=\"elementor-widget-container\">\n\t\t\t<h2 class=\"elementor-heading-title elementor-size-large\">EA\u00d5K Kaarepere kirik<\/h2>\t\t<\/div>\n\t\t\t\t<\/div>\n\t\t\t\t<section class=\"elementor-section elementor-inner-section elementor-element elementor-element-29bdb56d elementor-section-full_width elementor-section-content-top elementor-section-height-default elementor-section-height-default\" data-id=\"29bdb56d\" data-element_type=\"section\">\n\t\t\t\t\t\t<div class=\"elementor-container elementor-column-gap-default\">\n\t\t\t\t\t\t\t<div class=\"elementor-row\">\n\t\t\t\t\t<div class=\"elementor-column elementor-col-100 elementor-inner-column elementor-element elementor-element-59713000\" data-id=\"59713000\" data-element_type=\"column\">\n\t\t\t<div class=\"elementor-column-wrap elementor-element-populated\">\n\t\t\t\t\t\t\t<div class=\"elementor-widget-wrap\">\n\t\t\t\t\t\t<div class=\"elementor-element elementor-element-4ee9cb3 elementor-widget elementor-widget-text-editor\" data-id=\"4ee9cb3\" data-element_type=\"widget\" data-widget_type=\"text-editor.default\">\n\t\t\t\t<div class=\"elementor-widget-container\">\n\t\t\t\t\t\t\t\t<div class=\"elementor-text-editor elementor-clearfix\">\n\t\t\t\t\t<ul><li><b>kirik avatud 17.00-01.00\u00a0<\/b><\/li><li><strong>esitame \u00f5igeusu muusikat<\/strong><\/li><li><strong>vestlusring \u201epaganlikud suvisted vs \u00f5igeusu kolmainup\u00fcha\u201d<\/strong><\/li><li><strong>r\u00e4\u00e4gime meie kiriku ajaloost ja p\u00fchast p\u00e4rimusest<\/strong><\/li><li><strong>v\u00f5imalus vaimulikuks vestluseks<\/strong><\/li><li><strong>t\u00e4istundidel saavad soovijad musitseerida kelladel<\/strong><\/li><li><strong style=\"font-size: 16px;\">20.00 Tiina Seppa loeng \u201eM\u00f5tisklusi palver\u00e4nnakust ja p\u00fchadusest\u201d<\/strong><\/li><\/ul><p><strong style=\"font-size: 16px;\">* * *<\/strong><\/p><p><strong>kellatornis avatud kiriku ajalugu tutvustav foton\u00e4itus<br \/>suguv\u00f5sauurimise telk, k\u00fclas Geni kuraatorid Anne Kukermann, Tarmo Tohver ja Jaak Tulp<br \/>17.00-01.00 avatud kohvik\u00a0<\/strong><\/p>\t\t\t\t\t<\/div>\n\t\t\t\t\t\t<\/div>\n\t\t\t\t<\/div>\n\t\t\t\t\t\t<\/div>\n\t\t\t\t\t<\/div>\n\t\t<\/div>\n\t\t\t\t\t\t\t\t<\/div>\n\t\t\t\t\t<\/div>\n\t\t<\/section>\n\t\t\t\t<section class=\"elementor-section elementor-inner-section elementor-element elementor-element-4c9ef0a4 elementor-section-boxed elementor-section-height-default elementor-section-height-default\" data-id=\"4c9ef0a4\" data-element_type=\"section\">\n\t\t\t\t\t\t<div class=\"elementor-container elementor-column-gap-default\">\n\t\t\t\t\t\t\t<div class=\"elementor-row\">\n\t\t\t\t\t<div class=\"elementor-column elementor-col-50 elementor-inner-column elementor-element elementor-element-2b47e08\" data-id=\"2b47e08\" data-element_type=\"column\">\n\t\t\t<div class=\"elementor-column-wrap elementor-element-populated\">\n\t\t\t\t\t\t\t<div class=\"elementor-widget-wrap\">\n\t\t\t\t\t\t<div class=\"elementor-element elementor-element-364880e2 elementor-widget elementor-widget-image\" data-id=\"364880e2\" data-element_type=\"widget\" data-widget_type=\"image.default\">\n\t\t\t\t<div class=\"elementor-widget-container\">\n\t\t\t\t\t\t\t\t<div class=\"elementor-image\">\n\t\t\t\t\t\t\t\t\t\t\t\t<img loading=\"lazy\" decoding=\"async\" width=\"300\" height=\"300\" src=\"https:\/\/kirikute\u00f6\u00f6.ee\/wp-content\/uploads\/2025\/05\/Kaareperekirik-300x300.jpg\" class=\"attachment-medium size-medium\" alt=\"\" srcset=\"https:\/\/kirikute\u00f6\u00f6.ee\/wp-content\/uploads\/2025\/05\/Kaareperekirik-300x300.jpg 300w, https:\/\/kirikute\u00f6\u00f6.ee\/wp-content\/uploads\/2025\/05\/Kaareperekirik-150x150.jpg 150w, https:\/\/kirikute\u00f6\u00f6.ee\/wp-content\/uploads\/2025\/05\/Kaareperekirik.jpg 500w\" sizes=\"auto, (max-width: 300px) 100vw, 300px\" \/>\t\t\t\t\t\t\t\t\t\t\t\t\t\t<\/div>\n\t\t\t\t\t\t<\/div>\n\t\t\t\t<\/div>\n\t\t\t\t\t\t<\/div>\n\t\t\t\t\t<\/div>\n\t\t<\/div>\n\t\t\t\t<div class=\"elementor-column elementor-col-50 elementor-inner-column elementor-element elementor-element-6c4f769e\" data-id=\"6c4f769e\" data-element_type=\"column\">\n\t\t\t<div class=\"elementor-column-wrap elementor-element-populated\">\n\t\t\t\t\t\t\t<div class=\"elementor-widget-wrap\">\n\t\t\t\t\t\t<div class=\"elementor-element elementor-element-6d27b3b9 elementor-widget elementor-widget-text-editor\" data-id=\"6d27b3b9\" data-element_type=\"widget\" data-widget_type=\"text-editor.default\">\n\t\t\t\t<div class=\"elementor-widget-container\">\n\t\t\t\t\t\t\t\t<div class=\"elementor-text-editor elementor-clearfix\">\n\t\t\t\t\t<p>Kaarepere Vaga Suzdali Eufimi ja Vaga Egiptuse Maria kogudus alustas 1892 teenistuste pidamist \u00f5igeusu koolimajas. <br \/>Krohvitud tellisseintega ja ladina risti kujulise p\u00f5hiplaaniga kirik valmis 1896 (teistel andmetel 1898). Kirikuhoones on lihtne interj\u00f6\u00f6r historitsistliku ikonostaasiga. Kiriku \u00fcmber asub kalmistu.<\/p>\t\t\t\t\t<\/div>\n\t\t\t\t\t\t<\/div>\n\t\t\t\t<\/div>\n\t\t\t\t\t\t<\/div>\n\t\t\t\t\t<\/div>\n\t\t<\/div>\n\t\t\t\t\t\t\t\t<\/div>\n\t\t\t\t\t<\/div>\n\t\t<\/section>\n\t\t\t\t<section class=\"elementor-section elementor-inner-section elementor-element elementor-element-64065b2e elementor-section-boxed elementor-section-height-default elementor-section-height-default\" data-id=\"64065b2e\" data-element_type=\"section\">\n\t\t\t\t\t\t<div class=\"elementor-container elementor-column-gap-default\">\n\t\t\t\t\t\t\t<div class=\"elementor-row\">\n\t\t\t\t\t<div class=\"elementor-column elementor-col-50 elementor-inner-column elementor-element elementor-element-7ea418b2\" data-id=\"7ea418b2\" data-element_type=\"column\">\n\t\t\t<div class=\"elementor-column-wrap elementor-element-populated\">\n\t\t\t\t\t\t\t<div class=\"elementor-widget-wrap\">\n\t\t\t\t\t\t<div class=\"elementor-element elementor-element-71c38534 elementor-widget elementor-widget-google_maps\" data-id=\"71c38534\" data-element_type=\"widget\" data-widget_type=\"google_maps.default\">\n\t\t\t\t<div class=\"elementor-widget-container\">\n\t\t\t<div class=\"elementor-custom-embed\"><iframe frameborder=\"0\" scrolling=\"no\" marginheight=\"0\" marginwidth=\"0\" src=\"https:\/\/maps.google.com\/maps?q=kaarepere%20kirik&amp;t=m&amp;z=13&amp;output=embed&amp;iwloc=near\" title=\"kaarepere kirik\" aria-label=\"kaarepere kirik\"><\/iframe><\/div>\t\t<\/div>\n\t\t\t\t<\/div>\n\t\t\t\t\t\t<\/div>\n\t\t\t\t\t<\/div>\n\t\t<\/div>\n\t\t\t\t<div class=\"elementor-column elementor-col-50 elementor-inner-column elementor-element elementor-element-41104de9\" data-id=\"41104de9\" data-element_type=\"column\">\n\t\t\t<div class=\"elementor-column-wrap elementor-element-populated\">\n\t\t\t\t\t\t\t<div class=\"elementor-widget-wrap\">\n\t\t\t\t\t\t<div class=\"elementor-element elementor-element-399b7db7 elementor-widget elementor-widget-text-editor\" data-id=\"399b7db7\" data-element_type=\"widget\" data-widget_type=\"text-editor.default\">\n\t\t\t\t<div class=\"elementor-widget-container\">\n\t\t\t\t\t\t\t\t<div class=\"elementor-text-editor elementor-clearfix\">\n\t\t\t\t\t<p><span style=\"color: #b50048;\"><strong><a style=\"color: #b50048;\" href=\"https:\/\/www.eoc.ee\/kogudus\/kaarepere-vaga-suzdali-eufimi-ja-vaga-egiptuse-maria-kogudus\/\">Kirikust ja kogudusest t\u00e4psemalt \u00bb\u00bb<\/a><br \/><a style=\"color: #b50048;\" href=\"https:\/\/www.facebook.com\/groups\/676690733965991\/?locale=et_EE\">Facebook \u00bb\u00bb<\/a><\/strong><\/span><\/p>\t\t\t\t\t<\/div>\n\t\t\t\t\t\t<\/div>\n\t\t\t\t<\/div>\n\t\t\t\t\t\t<\/div>\n\t\t\t\t\t<\/div>\n\t\t<\/div>\n\t\t\t\t\t\t\t\t<\/div>\n\t\t\t\t\t<\/div>\n\t\t<\/section>\n\t\t\t\t\t\t<\/div>\n\t\t\t\t\t<\/div>\n\t\t<\/div>\n\t\t\t\t\t\t\t\t<\/div>\n\t\t\t\t\t<\/div>\n\t\t<\/section>\n\t\t\t\t\t\t<\/div>\n\t\t\t\t\t\t<\/div>\n\t\t\t\t\t<\/div>\n\t\t","protected":false},"excerpt":{"rendered":"<p>EA\u00d5K Kaarepere kirik kirik avatud 17.00-01.00\u00a0 esitame \u00f5igeusu muusikat vestlusring \u201epaganlikud suvisted vs \u00f5igeusu kolmainup\u00fcha\u201d r\u00e4\u00e4gime meie kiriku ajaloost ja p\u00fchast p\u00e4rimusest v\u00f5imalus vaimulikuks vestluseks t\u00e4istundidel saavad soovijad musitseerida kelladel 20.00 Tiina Seppa loeng \u201eM\u00f5tisklusi palver\u00e4nnakust ja p\u00fchadusest\u201d * * * kellatornis avatud kiriku ajalugu tutvustav foton\u00e4itussuguv\u00f5sauurimise telk, k\u00fclas Geni kuraatorid Anne Kukermann, Tarmo Tohver [&hellip;]<\/p>\n","protected":false},"author":1,"featured_media":0,"parent":0,"menu_order":0,"comment_status":"closed","ping_status":"closed","template":"","meta":{"footnotes":""},"wf_page_folders":[15],"class_list":["post-4156","page","type-page","status-publish","hentry","entry"],"_links":{"self":[{"href":"https:\/\/kirikute\u00f6\u00f6.ee\/index.php?rest_route=\/wp\/v2\/pages\/4156","targetHints":{"allow":["GET"]}}],"collection":[{"href":"https:\/\/kirikute\u00f6\u00f6.ee\/index.php?rest_route=\/wp\/v2\/pages"}],"about":[{"href":"https:\/\/kirikute\u00f6\u00f6.ee\/index.php?rest_route=\/wp\/v2\/types\/page"}],"author":[{"embeddable":true,"href":"https:\/\/kirikute\u00f6\u00f6.ee\/index.php?rest_route=\/wp\/v2\/users\/1"}],"replies":[{"embeddable":true,"href":"https:\/\/kirikute\u00f6\u00f6.ee\/index.php?rest_route=%2Fwp%2Fv2%2Fcomments&post=4156"}],"version-history":[{"count":19,"href":"https:\/\/kirikute\u00f6\u00f6.ee\/index.php?rest_route=\/wp\/v2\/pages\/4156\/revisions"}],"predecessor-version":[{"id":4913,"href":"https:\/\/kirikute\u00f6\u00f6.ee\/index.php?rest_route=\/wp\/v2\/pages\/4156\/revisions\/4913"}],"wp:attachment":[{"href":"https:\/\/kirikute\u00f6\u00f6.ee\/index.php?rest_route=%2Fwp%2Fv2%2Fmedia&parent=4156"}],"wp:term":[{"taxonomy":"wf_page_folders","embeddable":true,"href":"https:\/\/kirikute\u00f6\u00f6.ee\/index.php?rest_route=%2Fwp%2Fv2%2Fwf_page_folders&post=4156"}],"curies":[{"name":"wp","href":"https:\/\/api.w.org\/{rel}","templated":true}]}}