{"id":4360,"date":"2025-05-05T21:08:51","date_gmt":"2025-05-05T18:08:51","guid":{"rendered":"https:\/\/kirikute\u00f6\u00f6.ee\/?page_id=4360"},"modified":"2025-05-28T18:08:34","modified_gmt":"2025-05-28T15:08:34","slug":"kuusalu","status":"publish","type":"page","link":"https:\/\/kirikute\u00f6\u00f6.ee\/?page_id=4360","title":{"rendered":"Kuusalu"},"content":{"rendered":"\t\t<div data-elementor-type=\"wp-page\" data-elementor-id=\"4360\" class=\"elementor elementor-4360\" data-elementor-settings=\"[]\">\n\t\t\t\t\t\t<div class=\"elementor-inner\">\n\t\t\t\t\t\t\t<div class=\"elementor-section-wrap\">\n\t\t\t\t\t\t\t<section class=\"elementor-section elementor-top-section elementor-element elementor-element-11e45981 elementor-section-boxed elementor-section-height-default elementor-section-height-default\" data-id=\"11e45981\" data-element_type=\"section\">\n\t\t\t\t\t\t<div class=\"elementor-container elementor-column-gap-default\">\n\t\t\t\t\t\t\t<div class=\"elementor-row\">\n\t\t\t\t\t<div class=\"elementor-column elementor-col-100 elementor-top-column elementor-element elementor-element-96068cc\" data-id=\"96068cc\" data-element_type=\"column\">\n\t\t\t<div class=\"elementor-column-wrap elementor-element-populated\">\n\t\t\t\t\t\t\t<div class=\"elementor-widget-wrap\">\n\t\t\t\t\t\t<div class=\"elementor-element elementor-element-25162e61 elementor-widget elementor-widget-heading\" data-id=\"25162e61\" data-element_type=\"widget\" data-widget_type=\"heading.default\">\n\t\t\t\t<div class=\"elementor-widget-container\">\n\t\t\t<h2 class=\"elementor-heading-title elementor-size-large\">Kuusalu  kirik<\/h2>\t\t<\/div>\n\t\t\t\t<\/div>\n\t\t\t\t<section class=\"elementor-section elementor-inner-section elementor-element elementor-element-d3f255a elementor-section-full_width elementor-section-content-top elementor-section-height-default elementor-section-height-default\" data-id=\"d3f255a\" data-element_type=\"section\">\n\t\t\t\t\t\t<div class=\"elementor-container elementor-column-gap-default\">\n\t\t\t\t\t\t\t<div class=\"elementor-row\">\n\t\t\t\t\t<div class=\"elementor-column elementor-col-100 elementor-inner-column elementor-element elementor-element-437c1ee\" data-id=\"437c1ee\" data-element_type=\"column\">\n\t\t\t<div class=\"elementor-column-wrap elementor-element-populated\">\n\t\t\t\t\t\t\t<div class=\"elementor-widget-wrap\">\n\t\t\t\t\t\t<div class=\"elementor-element elementor-element-fa1d65d elementor-widget elementor-widget-text-editor\" data-id=\"fa1d65d\" data-element_type=\"widget\" data-widget_type=\"text-editor.default\">\n\t\t\t\t<div class=\"elementor-widget-container\">\n\t\t\t\t\t\t\t\t<div class=\"elementor-text-editor elementor-clearfix\">\n\t\t\t\t\t<p><strong>Kuusalu Laurita kirik on avatud kell 18.00-22.00<\/strong><\/p><ul><li><strong>18.00 LASTE TUND &#8211; pildijaht suurematele ja v\u00e4iksematele lastele (auhind!), oreli sisse vaatamine ja muud p\u00f5nevat tegevust lastele ja lastega.<\/strong><\/li><li><strong>19.00 ORELI TUND &#8211; Kuusalu Normanni-Terkmanni oreli k\u00e4ek\u00e4igu ja tuleviku tutvustus, vaatame, kuidas orel t\u00f6\u00f6tab ja kuulame v\u00e4ikest kontserti.<\/strong><\/li><li><strong>20.00 TORNI TUND &#8211; v\u00f5i\u00admalik ronida kiriku torni ja tutvuda kiriku kolme tornikellaga.<\/strong><\/li><li><strong>21.00 HINGERAHU TUND &#8211; palvus Taiz\u00e9 laulu\u00addega, v\u00f5imalus olla vaikselt kirikus.<\/strong><\/li><li><strong>Kell 18-22<\/strong><br \/><strong>avatud on kiriku\u00adraamatute n\u00e4itus<\/strong><br \/><strong>saab tutvuda kiriku ajalooga, n\u00e4ha saab keskaegset Kuusalu altarireliikviat<\/strong><br \/><strong>vaimuliku kirjanduse soo\u00addus\u00adm\u00fc\u00fck<\/strong><br \/><strong>jagatakse infot ristimise, leeri, laulatuse jm talituste ja koguduse tegevuse kohta<\/strong><br \/><strong>saab s\u00fc\u00fcdata palvek\u00fc\u00fcnalt<\/strong><br \/><strong>v\u00f5imalik kohtuda koguduse \u00f5pe\u00adtaja ja t\u00f6\u00f6tegijatega.<\/strong><\/li><\/ul>\t\t\t\t\t<\/div>\n\t\t\t\t\t\t<\/div>\n\t\t\t\t<\/div>\n\t\t\t\t\t\t<\/div>\n\t\t\t\t\t<\/div>\n\t\t<\/div>\n\t\t\t\t\t\t\t\t<\/div>\n\t\t\t\t\t<\/div>\n\t\t<\/section>\n\t\t\t\t<section class=\"elementor-section elementor-inner-section elementor-element elementor-element-5d21f768 elementor-section-boxed elementor-section-height-default elementor-section-height-default\" data-id=\"5d21f768\" data-element_type=\"section\">\n\t\t\t\t\t\t<div class=\"elementor-container elementor-column-gap-default\">\n\t\t\t\t\t\t\t<div class=\"elementor-row\">\n\t\t\t\t\t<div class=\"elementor-column elementor-col-50 elementor-inner-column elementor-element elementor-element-2180d8df\" data-id=\"2180d8df\" data-element_type=\"column\">\n\t\t\t<div class=\"elementor-column-wrap elementor-element-populated\">\n\t\t\t\t\t\t\t<div class=\"elementor-widget-wrap\">\n\t\t\t\t\t\t<div class=\"elementor-element elementor-element-218d09f3 elementor-widget elementor-widget-image\" data-id=\"218d09f3\" data-element_type=\"widget\" data-widget_type=\"image.default\">\n\t\t\t\t<div class=\"elementor-widget-container\">\n\t\t\t\t\t\t\t\t<div class=\"elementor-image\">\n\t\t\t\t\t\t\t\t\t\t\t\t<img loading=\"lazy\" decoding=\"async\" width=\"300\" height=\"300\" src=\"https:\/\/kirikute\u00f6\u00f6.ee\/wp-content\/uploads\/2025\/05\/kuusalu1-300x300.jpg\" class=\"attachment-medium size-medium\" alt=\"\" srcset=\"https:\/\/kirikute\u00f6\u00f6.ee\/wp-content\/uploads\/2025\/05\/kuusalu1-300x300.jpg 300w, https:\/\/kirikute\u00f6\u00f6.ee\/wp-content\/uploads\/2025\/05\/kuusalu1-150x150.jpg 150w, https:\/\/kirikute\u00f6\u00f6.ee\/wp-content\/uploads\/2025\/05\/kuusalu1.jpg 500w\" sizes=\"auto, (max-width: 300px) 100vw, 300px\" \/>\t\t\t\t\t\t\t\t\t\t\t\t\t\t<\/div>\n\t\t\t\t\t\t<\/div>\n\t\t\t\t<\/div>\n\t\t\t\t\t\t<\/div>\n\t\t\t\t\t<\/div>\n\t\t<\/div>\n\t\t\t\t<div class=\"elementor-column elementor-col-50 elementor-inner-column elementor-element elementor-element-144fab1\" data-id=\"144fab1\" data-element_type=\"column\">\n\t\t\t<div class=\"elementor-column-wrap elementor-element-populated\">\n\t\t\t\t\t\t\t<div class=\"elementor-widget-wrap\">\n\t\t\t\t\t\t<div class=\"elementor-element elementor-element-109286af elementor-widget elementor-widget-text-editor\" data-id=\"109286af\" data-element_type=\"widget\" data-widget_type=\"text-editor.default\">\n\t\t\t\t<div class=\"elementor-widget-container\">\n\t\t\t\t\t\t\t\t<div class=\"elementor-text-editor elementor-clearfix\">\n\t\t\t\t\t<p>Esidiakon m\u00e4rter Laurentiusele p\u00fchendatud Kuusalu kirik on arvatavasti \u00fcks vanemaid kivist p\u00fchakojahooneid P\u00f5hja-Eestis.<\/p>\t\t\t\t\t<\/div>\n\t\t\t\t\t\t<\/div>\n\t\t\t\t<\/div>\n\t\t\t\t\t\t<\/div>\n\t\t\t\t\t<\/div>\n\t\t<\/div>\n\t\t\t\t\t\t\t\t<\/div>\n\t\t\t\t\t<\/div>\n\t\t<\/section>\n\t\t\t\t<section class=\"elementor-section elementor-inner-section elementor-element elementor-element-5933f775 elementor-section-boxed elementor-section-height-default elementor-section-height-default\" data-id=\"5933f775\" data-element_type=\"section\">\n\t\t\t\t\t\t<div class=\"elementor-container elementor-column-gap-default\">\n\t\t\t\t\t\t\t<div class=\"elementor-row\">\n\t\t\t\t\t<div class=\"elementor-column elementor-col-50 elementor-inner-column elementor-element elementor-element-51b38b26\" data-id=\"51b38b26\" data-element_type=\"column\">\n\t\t\t<div class=\"elementor-column-wrap elementor-element-populated\">\n\t\t\t\t\t\t\t<div class=\"elementor-widget-wrap\">\n\t\t\t\t\t\t<div class=\"elementor-element elementor-element-1087c2f3 elementor-widget elementor-widget-google_maps\" data-id=\"1087c2f3\" data-element_type=\"widget\" data-widget_type=\"google_maps.default\">\n\t\t\t\t<div class=\"elementor-widget-container\">\n\t\t\t<div class=\"elementor-custom-embed\"><iframe frameborder=\"0\" scrolling=\"no\" marginheight=\"0\" marginwidth=\"0\" src=\"https:\/\/maps.google.com\/maps?q=Kuusalu%20kirik&amp;t=m&amp;z=13&amp;output=embed&amp;iwloc=near\" title=\"Kuusalu kirik\" aria-label=\"Kuusalu kirik\"><\/iframe><\/div>\t\t<\/div>\n\t\t\t\t<\/div>\n\t\t\t\t\t\t<\/div>\n\t\t\t\t\t<\/div>\n\t\t<\/div>\n\t\t\t\t<div class=\"elementor-column elementor-col-50 elementor-inner-column elementor-element elementor-element-2a199e54\" data-id=\"2a199e54\" data-element_type=\"column\">\n\t\t\t<div class=\"elementor-column-wrap elementor-element-populated\">\n\t\t\t\t\t\t\t<div class=\"elementor-widget-wrap\">\n\t\t\t\t\t\t<div class=\"elementor-element elementor-element-299d7204 elementor-widget elementor-widget-text-editor\" data-id=\"299d7204\" data-element_type=\"widget\" data-widget_type=\"text-editor.default\">\n\t\t\t\t<div class=\"elementor-widget-container\">\n\t\t\t\t\t\t\t\t<div class=\"elementor-text-editor elementor-clearfix\">\n\t\t\t\t\t<p><strong>Aadress: Kuusalu tee 29, Kuusalu<\/strong><\/p><p><a href=\"https:\/\/www.kuusalukirik.eu\/kirik\"><span style=\"color: #b50048;\"><b>Kiriku koduleht \u00bb<\/b><\/span><\/a><br \/><a href=\"https:\/\/www.facebook.com\/profile.php?id=100064595293519\"><span style=\"color: #b50048;\"><b>Kogudus Facebookis \u00bb<\/b><\/span><\/a><br \/><br \/><\/p>\t\t\t\t\t<\/div>\n\t\t\t\t\t\t<\/div>\n\t\t\t\t<\/div>\n\t\t\t\t\t\t<\/div>\n\t\t\t\t\t<\/div>\n\t\t<\/div>\n\t\t\t\t\t\t\t\t<\/div>\n\t\t\t\t\t<\/div>\n\t\t<\/section>\n\t\t\t\t\t\t<\/div>\n\t\t\t\t\t<\/div>\n\t\t<\/div>\n\t\t\t\t\t\t\t\t<\/div>\n\t\t\t\t\t<\/div>\n\t\t<\/section>\n\t\t\t\t\t\t<\/div>\n\t\t\t\t\t\t<\/div>\n\t\t\t\t\t<\/div>\n\t\t","protected":false},"excerpt":{"rendered":"<p>Kuusalu kirik Kuusalu Laurita kirik on avatud kell 18.00-22.00 18.00 LASTE TUND &#8211; pildijaht suurematele ja v\u00e4iksematele lastele (auhind!), oreli sisse vaatamine ja muud p\u00f5nevat tegevust lastele ja lastega. 19.00 ORELI TUND &#8211; Kuusalu Normanni-Terkmanni oreli k\u00e4ek\u00e4igu ja tuleviku tutvustus, vaatame, kuidas orel t\u00f6\u00f6tab ja kuulame v\u00e4ikest kontserti. 20.00 TORNI TUND &#8211; v\u00f5i\u00admalik ronida kiriku [&hellip;]<\/p>\n","protected":false},"author":1,"featured_media":0,"parent":0,"menu_order":0,"comment_status":"closed","ping_status":"closed","template":"","meta":{"footnotes":""},"wf_page_folders":[21],"class_list":["post-4360","page","type-page","status-publish","hentry","entry"],"_links":{"self":[{"href":"https:\/\/kirikute\u00f6\u00f6.ee\/index.php?rest_route=\/wp\/v2\/pages\/4360","targetHints":{"allow":["GET"]}}],"collection":[{"href":"https:\/\/kirikute\u00f6\u00f6.ee\/index.php?rest_route=\/wp\/v2\/pages"}],"about":[{"href":"https:\/\/kirikute\u00f6\u00f6.ee\/index.php?rest_route=\/wp\/v2\/types\/page"}],"author":[{"embeddable":true,"href":"https:\/\/kirikute\u00f6\u00f6.ee\/index.php?rest_route=\/wp\/v2\/users\/1"}],"replies":[{"embeddable":true,"href":"https:\/\/kirikute\u00f6\u00f6.ee\/index.php?rest_route=%2Fwp%2Fv2%2Fcomments&post=4360"}],"version-history":[{"count":7,"href":"https:\/\/kirikute\u00f6\u00f6.ee\/index.php?rest_route=\/wp\/v2\/pages\/4360\/revisions"}],"predecessor-version":[{"id":4878,"href":"https:\/\/kirikute\u00f6\u00f6.ee\/index.php?rest_route=\/wp\/v2\/pages\/4360\/revisions\/4878"}],"wp:attachment":[{"href":"https:\/\/kirikute\u00f6\u00f6.ee\/index.php?rest_route=%2Fwp%2Fv2%2Fmedia&parent=4360"}],"wp:term":[{"taxonomy":"wf_page_folders","embeddable":true,"href":"https:\/\/kirikute\u00f6\u00f6.ee\/index.php?rest_route=%2Fwp%2Fv2%2Fwf_page_folders&post=4360"}],"curies":[{"name":"wp","href":"https:\/\/api.w.org\/{rel}","templated":true}]}}