{"id":472,"date":"2019-05-03T11:25:28","date_gmt":"2019-05-03T08:25:28","guid":{"rendered":"https:\/\/kirikute\u00f6\u00f6.ee\/?page_id=472"},"modified":"2025-06-02T15:22:31","modified_gmt":"2025-06-02T12:22:31","slug":"puhja","status":"publish","type":"page","link":"https:\/\/kirikute\u00f6\u00f6.ee\/?page_id=472","title":{"rendered":"puhja"},"content":{"rendered":"\t\t<div data-elementor-type=\"wp-post\" data-elementor-id=\"472\" class=\"elementor elementor-472\" data-elementor-settings=\"[]\">\n\t\t\t\t\t\t<div class=\"elementor-inner\">\n\t\t\t\t\t\t\t<div class=\"elementor-section-wrap\">\n\t\t\t\t\t\t\t<section class=\"elementor-section elementor-top-section elementor-element elementor-element-4f5cf155 elementor-section-boxed elementor-section-height-default elementor-section-height-default\" data-id=\"4f5cf155\" data-element_type=\"section\">\n\t\t\t\t\t\t<div class=\"elementor-container elementor-column-gap-default\">\n\t\t\t\t\t\t\t<div class=\"elementor-row\">\n\t\t\t\t\t<div class=\"elementor-column elementor-col-100 elementor-top-column elementor-element elementor-element-14eed84f\" data-id=\"14eed84f\" data-element_type=\"column\">\n\t\t\t<div class=\"elementor-column-wrap elementor-element-populated\">\n\t\t\t\t\t\t\t<div class=\"elementor-widget-wrap\">\n\t\t\t\t\t\t<div class=\"elementor-element elementor-element-1c03ad4f elementor-widget elementor-widget-heading\" data-id=\"1c03ad4f\" data-element_type=\"widget\" data-widget_type=\"heading.default\">\n\t\t\t\t<div class=\"elementor-widget-container\">\n\t\t\t<h2 class=\"elementor-heading-title elementor-size-large\">Puhja Dionysiuse kirik<\/h2>\t\t<\/div>\n\t\t\t\t<\/div>\n\t\t\t\t<section class=\"elementor-section elementor-inner-section elementor-element elementor-element-437c2ff4 elementor-section-full_width elementor-section-content-top elementor-section-height-default elementor-section-height-default\" data-id=\"437c2ff4\" data-element_type=\"section\">\n\t\t\t\t\t\t<div class=\"elementor-container elementor-column-gap-default\">\n\t\t\t\t\t\t\t<div class=\"elementor-row\">\n\t\t\t\t\t<div class=\"elementor-column elementor-col-100 elementor-inner-column elementor-element elementor-element-5c5f5996\" data-id=\"5c5f5996\" data-element_type=\"column\">\n\t\t\t<div class=\"elementor-column-wrap elementor-element-populated\">\n\t\t\t\t\t\t\t<div class=\"elementor-widget-wrap\">\n\t\t\t\t\t\t<div class=\"elementor-element elementor-element-58a3774c elementor-widget elementor-widget-text-editor\" data-id=\"58a3774c\" data-element_type=\"widget\" data-widget_type=\"text-editor.default\">\n\t\t\t\t<div class=\"elementor-widget-container\">\n\t\t\t\t\t\t\t\t<div class=\"elementor-text-editor elementor-clearfix\">\n\t\t\t\t\t<div><strong>Avatud 17.00-24.00<\/strong>\u00a0<\/div><ul><li><div><b>\u00a017.00-21.00 Aidakohvik<\/b><\/div><\/li><li><strong>18.00 P\u00e4rnu K\u00e4sikellastuudio ansamblite kontser<\/strong><\/li><li><strong>23.00 \u00d6\u00f6palvus orelimuusikaga<\/strong><\/li><\/ul>\t\t\t\t\t<\/div>\n\t\t\t\t\t\t<\/div>\n\t\t\t\t<\/div>\n\t\t\t\t\t\t<\/div>\n\t\t\t\t\t<\/div>\n\t\t<\/div>\n\t\t\t\t\t\t\t\t<\/div>\n\t\t\t\t\t<\/div>\n\t\t<\/section>\n\t\t\t\t<section class=\"elementor-section elementor-inner-section elementor-element elementor-element-8030aee elementor-section-boxed elementor-section-height-default elementor-section-height-default\" data-id=\"8030aee\" data-element_type=\"section\">\n\t\t\t\t\t\t<div class=\"elementor-container elementor-column-gap-default\">\n\t\t\t\t\t\t\t<div class=\"elementor-row\">\n\t\t\t\t\t<div class=\"elementor-column elementor-col-50 elementor-inner-column elementor-element elementor-element-169a0ef\" data-id=\"169a0ef\" data-element_type=\"column\">\n\t\t\t<div class=\"elementor-column-wrap elementor-element-populated\">\n\t\t\t\t\t\t\t<div class=\"elementor-widget-wrap\">\n\t\t\t\t\t\t<div class=\"elementor-element elementor-element-1e4b5e73 elementor-widget elementor-widget-image\" data-id=\"1e4b5e73\" data-element_type=\"widget\" data-widget_type=\"image.default\">\n\t\t\t\t<div class=\"elementor-widget-container\">\n\t\t\t\t\t\t\t\t<div class=\"elementor-image\">\n\t\t\t\t\t\t\t\t\t\t\t\t<img loading=\"lazy\" decoding=\"async\" width=\"300\" height=\"300\" src=\"https:\/\/kirikute\u00f6\u00f6.ee\/wp-content\/uploads\/2019\/05\/puhja-300x300.jpg\" class=\"attachment-medium size-medium\" alt=\"\" srcset=\"https:\/\/kirikute\u00f6\u00f6.ee\/wp-content\/uploads\/2019\/05\/puhja-300x300.jpg 300w, https:\/\/kirikute\u00f6\u00f6.ee\/wp-content\/uploads\/2019\/05\/puhja-150x150.jpg 150w, https:\/\/kirikute\u00f6\u00f6.ee\/wp-content\/uploads\/2019\/05\/puhja.jpg 400w\" sizes=\"auto, (max-width: 300px) 100vw, 300px\" \/>\t\t\t\t\t\t\t\t\t\t\t\t\t\t<\/div>\n\t\t\t\t\t\t<\/div>\n\t\t\t\t<\/div>\n\t\t\t\t\t\t<\/div>\n\t\t\t\t\t<\/div>\n\t\t<\/div>\n\t\t\t\t<div class=\"elementor-column elementor-col-50 elementor-inner-column elementor-element elementor-element-287a5809\" data-id=\"287a5809\" data-element_type=\"column\">\n\t\t\t<div class=\"elementor-column-wrap elementor-element-populated\">\n\t\t\t\t\t\t\t<div class=\"elementor-widget-wrap\">\n\t\t\t\t\t\t<div class=\"elementor-element elementor-element-aa68ea1 elementor-widget elementor-widget-text-editor\" data-id=\"aa68ea1\" data-element_type=\"widget\" data-widget_type=\"text-editor.default\">\n\t\t\t\t<div class=\"elementor-widget-container\">\n\t\t\t\t\t\t\t\t<div class=\"elementor-text-editor elementor-clearfix\">\n\t\t\t\t\t<p>Puhja p\u00fcha Dionysiuse kirikut on esmamainitud 1397.a.<br \/>Keskaegne tellistest maakirik, mis koosnes kolmel\u00f6\u00f6vilisest pikihoonest ja kooriruumist. Arvatavasti sai kirik tugevasti kannatada 15.saj. II poolel, kui h\u00e4visid v\u00f5lvid ja otsaviilud. Ehitis taastati 1495-1499, mil ehitati ka viiulutorn ja kooriruumi t\u00e4hev\u00f5lv. Kirik purustati uuesti Poola-Rootsi s\u00f5dades 1620.aastatel ning taastati seej\u00e4rel. Praegune barokne tornikiiver p\u00e4rineb t\u00f5en\u00e4oliselt 18.saj. l\u00f5pust.<br \/>Sisustus neogooti vormides, 19.sajandi II poolest. Altarisein(1868, Johann Gottfried M\u00fchlenhausen). Altarimaal ,,Kristus ristil\u201d on ostetud M\u00fcnchenist 1859, kunstnik Anton Bauer. Kantsel (1872). Orel W. M\u00fcllverstedti t\u00f6\u00f6kojast (1881).<br \/>Pastoraadi elumaja p\u00e4rineb juugendperioodist, rajatud 1910.a. aasta paiku.<br \/><em>\/ Ivar Sakk, Eesti kirikud, 2014.\/<\/em><\/p><p>Allj\u00e4rgnevast lingist on v\u00f5imalik vaadata suurep\u00e4rast panoraamfotot meie kiriku interj\u00f6\u00f6rist: <span style=\"color: #b50048;\"><strong><a style=\"color: #b50048;\" href=\"http:\/\/www.foto360.ee\/panorama\/2015_08_puhjakirik\/\">http:\/\/www.foto360.ee\/panorama\/2015_08_puhjakirik\/<\/a><\/strong><\/span><\/p>\t\t\t\t\t<\/div>\n\t\t\t\t\t\t<\/div>\n\t\t\t\t<\/div>\n\t\t\t\t\t\t<\/div>\n\t\t\t\t\t<\/div>\n\t\t<\/div>\n\t\t\t\t\t\t\t\t<\/div>\n\t\t\t\t\t<\/div>\n\t\t<\/section>\n\t\t\t\t<section class=\"elementor-section elementor-inner-section elementor-element elementor-element-a7632e0 elementor-section-boxed elementor-section-height-default elementor-section-height-default\" data-id=\"a7632e0\" data-element_type=\"section\">\n\t\t\t\t\t\t<div class=\"elementor-container elementor-column-gap-default\">\n\t\t\t\t\t\t\t<div class=\"elementor-row\">\n\t\t\t\t\t<div class=\"elementor-column elementor-col-50 elementor-inner-column elementor-element elementor-element-717cccf3\" data-id=\"717cccf3\" data-element_type=\"column\">\n\t\t\t<div class=\"elementor-column-wrap elementor-element-populated\">\n\t\t\t\t\t\t\t<div class=\"elementor-widget-wrap\">\n\t\t\t\t\t\t<div class=\"elementor-element elementor-element-193dadc6 elementor-widget elementor-widget-google_maps\" data-id=\"193dadc6\" data-element_type=\"widget\" data-widget_type=\"google_maps.default\">\n\t\t\t\t<div class=\"elementor-widget-container\">\n\t\t\t<div class=\"elementor-custom-embed\"><iframe frameborder=\"0\" scrolling=\"no\" marginheight=\"0\" marginwidth=\"0\" src=\"https:\/\/maps.google.com\/maps?q=Puhja%20kirik&amp;t=m&amp;z=13&amp;output=embed&amp;iwloc=near\" title=\"Puhja kirik\" aria-label=\"Puhja kirik\"><\/iframe><\/div>\t\t<\/div>\n\t\t\t\t<\/div>\n\t\t\t\t\t\t<\/div>\n\t\t\t\t\t<\/div>\n\t\t<\/div>\n\t\t\t\t<div class=\"elementor-column elementor-col-50 elementor-inner-column elementor-element elementor-element-4d6e6597\" data-id=\"4d6e6597\" data-element_type=\"column\">\n\t\t\t<div class=\"elementor-column-wrap elementor-element-populated\">\n\t\t\t\t\t\t\t<div class=\"elementor-widget-wrap\">\n\t\t\t\t\t\t<div class=\"elementor-element elementor-element-3474882a elementor-widget elementor-widget-text-editor\" data-id=\"3474882a\" data-element_type=\"widget\" data-widget_type=\"text-editor.default\">\n\t\t\t\t<div class=\"elementor-widget-container\">\n\t\t\t\t\t\t\t\t<div class=\"elementor-text-editor elementor-clearfix\">\n\t\t\t\t\t<p><strong style=\"font-size: 14px;\">Puhja koguduse koduleht:<\/strong> <span style=\"font-size: 14px; color: #b50048;\"><strong><a style=\"color: #b50048;\" href=\"https:\/\/puhja.eelk.ee\/\" target=\"_blank\" rel=\"noopener\" data-saferedirecturl=\"https:\/\/www.google.com\/url?q=https:\/\/puhja.eelk.ee\/&amp;source=gmail&amp;ust=1556957455551000&amp;usg=AFQjCNFqHDDBbng_fOZgqgSeJPKfQZsm7A\">https:\/\/puhja.eelk.<wbr \/>ee\/<\/a><\/strong><\/span><\/p>\t\t\t\t\t<\/div>\n\t\t\t\t\t\t<\/div>\n\t\t\t\t<\/div>\n\t\t\t\t\t\t<\/div>\n\t\t\t\t\t<\/div>\n\t\t<\/div>\n\t\t\t\t\t\t\t\t<\/div>\n\t\t\t\t\t<\/div>\n\t\t<\/section>\n\t\t\t\t\t\t<\/div>\n\t\t\t\t\t<\/div>\n\t\t<\/div>\n\t\t\t\t\t\t\t\t<\/div>\n\t\t\t\t\t<\/div>\n\t\t<\/section>\n\t\t\t\t\t\t<\/div>\n\t\t\t\t\t\t<\/div>\n\t\t\t\t\t<\/div>\n\t\t","protected":false},"excerpt":{"rendered":"<p>Puhja Dionysiuse kirik Avatud 17.00-24.00\u00a0 \u00a017.00-21.00 Aidakohvik 18.00 P\u00e4rnu K\u00e4sikellastuudio ansamblite kontser 23.00 \u00d6\u00f6palvus orelimuusikaga Puhja p\u00fcha Dionysiuse kirikut on esmamainitud 1397.a.Keskaegne tellistest maakirik, mis koosnes kolmel\u00f6\u00f6vilisest pikihoonest ja kooriruumist. Arvatavasti sai kirik tugevasti kannatada 15.saj. II poolel, kui h\u00e4visid v\u00f5lvid ja otsaviilud. Ehitis taastati 1495-1499, mil ehitati ka viiulutorn ja kooriruumi t\u00e4hev\u00f5lv. Kirik purustati [&hellip;]<\/p>\n","protected":false},"author":1,"featured_media":0,"parent":0,"menu_order":0,"comment_status":"closed","ping_status":"closed","template":"","meta":{"footnotes":""},"wf_page_folders":[15],"class_list":["post-472","page","type-page","status-publish","hentry","entry"],"_links":{"self":[{"href":"https:\/\/kirikute\u00f6\u00f6.ee\/index.php?rest_route=\/wp\/v2\/pages\/472","targetHints":{"allow":["GET"]}}],"collection":[{"href":"https:\/\/kirikute\u00f6\u00f6.ee\/index.php?rest_route=\/wp\/v2\/pages"}],"about":[{"href":"https:\/\/kirikute\u00f6\u00f6.ee\/index.php?rest_route=\/wp\/v2\/types\/page"}],"author":[{"embeddable":true,"href":"https:\/\/kirikute\u00f6\u00f6.ee\/index.php?rest_route=\/wp\/v2\/users\/1"}],"replies":[{"embeddable":true,"href":"https:\/\/kirikute\u00f6\u00f6.ee\/index.php?rest_route=%2Fwp%2Fv2%2Fcomments&post=472"}],"version-history":[{"count":42,"href":"https:\/\/kirikute\u00f6\u00f6.ee\/index.php?rest_route=\/wp\/v2\/pages\/472\/revisions"}],"predecessor-version":[{"id":4978,"href":"https:\/\/kirikute\u00f6\u00f6.ee\/index.php?rest_route=\/wp\/v2\/pages\/472\/revisions\/4978"}],"wp:attachment":[{"href":"https:\/\/kirikute\u00f6\u00f6.ee\/index.php?rest_route=%2Fwp%2Fv2%2Fmedia&parent=472"}],"wp:term":[{"taxonomy":"wf_page_folders","embeddable":true,"href":"https:\/\/kirikute\u00f6\u00f6.ee\/index.php?rest_route=%2Fwp%2Fv2%2Fwf_page_folders&post=472"}],"curies":[{"name":"wp","href":"https:\/\/api.w.org\/{rel}","templated":true}]}}