{"id":518,"date":"2019-05-06T08:38:20","date_gmt":"2019-05-06T05:38:20","guid":{"rendered":"https:\/\/kirikute\u00f6\u00f6.ee\/?page_id=518"},"modified":"2025-05-26T11:38:40","modified_gmt":"2025-05-26T08:38:40","slug":"noo","status":"publish","type":"page","link":"https:\/\/kirikute\u00f6\u00f6.ee\/?page_id=518","title":{"rendered":"noo"},"content":{"rendered":"\t\t<div data-elementor-type=\"wp-post\" data-elementor-id=\"518\" class=\"elementor elementor-518\" data-elementor-settings=\"[]\">\n\t\t\t\t\t\t<div class=\"elementor-inner\">\n\t\t\t\t\t\t\t<div class=\"elementor-section-wrap\">\n\t\t\t\t\t\t\t<section class=\"elementor-section elementor-top-section elementor-element elementor-element-4de9a75f elementor-section-boxed elementor-section-height-default elementor-section-height-default\" data-id=\"4de9a75f\" data-element_type=\"section\">\n\t\t\t\t\t\t<div class=\"elementor-container elementor-column-gap-default\">\n\t\t\t\t\t\t\t<div class=\"elementor-row\">\n\t\t\t\t\t<div class=\"elementor-column elementor-col-100 elementor-top-column elementor-element elementor-element-58d7cd32\" data-id=\"58d7cd32\" data-element_type=\"column\">\n\t\t\t<div class=\"elementor-column-wrap elementor-element-populated\">\n\t\t\t\t\t\t\t<div class=\"elementor-widget-wrap\">\n\t\t\t\t\t\t<div class=\"elementor-element elementor-element-48e90134 elementor-widget elementor-widget-heading\" data-id=\"48e90134\" data-element_type=\"widget\" data-widget_type=\"heading.default\">\n\t\t\t\t<div class=\"elementor-widget-container\">\n\t\t\t<h2 class=\"elementor-heading-title elementor-size-large\">N\u00f5o P\u00fcha Laurentsiuse kirik<\/h2>\t\t<\/div>\n\t\t\t\t<\/div>\n\t\t\t\t<section class=\"elementor-section elementor-inner-section elementor-element elementor-element-53385b81 elementor-section-full_width elementor-section-content-top elementor-section-height-default elementor-section-height-default\" data-id=\"53385b81\" data-element_type=\"section\">\n\t\t\t\t\t\t<div class=\"elementor-container elementor-column-gap-default\">\n\t\t\t\t\t\t\t<div class=\"elementor-row\">\n\t\t\t\t\t<div class=\"elementor-column elementor-col-100 elementor-inner-column elementor-element elementor-element-2bdf79b1\" data-id=\"2bdf79b1\" data-element_type=\"column\">\n\t\t\t<div class=\"elementor-column-wrap elementor-element-populated\">\n\t\t\t\t\t\t\t<div class=\"elementor-widget-wrap\">\n\t\t\t\t\t\t<div class=\"elementor-element elementor-element-258c6307 elementor-widget elementor-widget-text-editor\" data-id=\"258c6307\" data-element_type=\"widget\" data-widget_type=\"text-editor.default\">\n\t\t\t\t<div class=\"elementor-widget-container\">\n\t\t\t\t\t\t\t\t<div class=\"elementor-text-editor elementor-clearfix\">\n\t\t\t\t\t<ul><li><strong>18.00 avapalvus, orelimuusika<\/strong><\/li><li><strong>19.00 laulab EELK N\u00f5o koguduse segakoor<\/strong><\/li><li><strong>19.30-22.00 orelimuusika<\/strong><\/li><li><strong>22.00 Taiz\u00e9 palvus kiriku altariruumis<br \/><br \/><\/strong><ul><li><strong>P\u00fchap\u00e4evakool lastele<\/strong><\/li><li><strong>Kogu \u00f5htu jooksul saab tutvuda kirikuga, sh k\u00e4ia kirikutornis<\/strong><\/li><\/ul><\/li><\/ul>\t\t\t\t\t<\/div>\n\t\t\t\t\t\t<\/div>\n\t\t\t\t<\/div>\n\t\t\t\t\t\t<\/div>\n\t\t\t\t\t<\/div>\n\t\t<\/div>\n\t\t\t\t\t\t\t\t<\/div>\n\t\t\t\t\t<\/div>\n\t\t<\/section>\n\t\t\t\t<section class=\"elementor-section elementor-inner-section elementor-element elementor-element-695f3c22 elementor-section-boxed elementor-section-height-default elementor-section-height-default\" data-id=\"695f3c22\" data-element_type=\"section\">\n\t\t\t\t\t\t<div class=\"elementor-container elementor-column-gap-default\">\n\t\t\t\t\t\t\t<div class=\"elementor-row\">\n\t\t\t\t\t<div class=\"elementor-column elementor-col-50 elementor-inner-column elementor-element elementor-element-686698e4\" data-id=\"686698e4\" data-element_type=\"column\">\n\t\t\t<div class=\"elementor-column-wrap elementor-element-populated\">\n\t\t\t\t\t\t\t<div class=\"elementor-widget-wrap\">\n\t\t\t\t\t\t<div class=\"elementor-element elementor-element-2e217a66 elementor-widget elementor-widget-image\" data-id=\"2e217a66\" data-element_type=\"widget\" data-widget_type=\"image.default\">\n\t\t\t\t<div class=\"elementor-widget-container\">\n\t\t\t\t\t\t\t\t<div class=\"elementor-image\">\n\t\t\t\t\t\t\t\t\t\t\t\t<img loading=\"lazy\" decoding=\"async\" width=\"300\" height=\"300\" src=\"https:\/\/kirikute\u00f6\u00f6.ee\/wp-content\/uploads\/2019\/04\/noo400-300x300.jpg\" class=\"attachment-medium size-medium\" alt=\"\" srcset=\"https:\/\/kirikute\u00f6\u00f6.ee\/wp-content\/uploads\/2019\/04\/noo400-300x300.jpg 300w, https:\/\/kirikute\u00f6\u00f6.ee\/wp-content\/uploads\/2019\/04\/noo400-150x150.jpg 150w, https:\/\/kirikute\u00f6\u00f6.ee\/wp-content\/uploads\/2019\/04\/noo400.jpg 400w\" sizes=\"auto, (max-width: 300px) 100vw, 300px\" \/>\t\t\t\t\t\t\t\t\t\t\t\t\t\t<\/div>\n\t\t\t\t\t\t<\/div>\n\t\t\t\t<\/div>\n\t\t\t\t\t\t<\/div>\n\t\t\t\t\t<\/div>\n\t\t<\/div>\n\t\t\t\t<div class=\"elementor-column elementor-col-50 elementor-inner-column elementor-element elementor-element-63d8f583\" data-id=\"63d8f583\" data-element_type=\"column\">\n\t\t\t<div class=\"elementor-column-wrap elementor-element-populated\">\n\t\t\t\t\t\t\t<div class=\"elementor-widget-wrap\">\n\t\t\t\t\t\t<div class=\"elementor-element elementor-element-6fb08f46 elementor-widget elementor-widget-text-editor\" data-id=\"6fb08f46\" data-element_type=\"widget\" data-widget_type=\"text-editor.default\">\n\t\t\t\t<div class=\"elementor-widget-container\">\n\t\t\t\t\t\t\t\t<div class=\"elementor-text-editor elementor-clearfix\">\n\t\t\t\t\t<p>N\u00f5o kolmel\u00f6\u00f6viline telliskivist romaani ja gooti elementidega kodakirik on ehitatud kindluskirikuks. Ta ehitamisajaks peetakse 13. sajandi teist poolt ja ta on \u00fcks vanemaid mandri-Eesti maakirikuid, mille keskaegne algkuju on p\u00f5hijoontes s\u00e4ilinud. Kiriku puidust kellatorn p\u00e4rineb 1819. aastast.<br \/>P\u00e4rast Liivi s\u00f5da ja katoliikliku Poola valitsemisaega 16.\u201317. sajandi vahetusel puudus N\u00f5o kogudusel esialgu oma \u00f5petaja, teenisid Puhja ja R\u00f5ngu vaimulikud. Esimeseks N\u00f5o luterliku koguduse \u00f5petajaks sai 1638. aastal Adrian I Virginius, l\u00f5una-eesti keelse Uue Testamendi t\u00f5lkija Andreas I Virginiuse isa.<br \/>Praegune uusgooti stiilis sisustus p\u00e4rineb p\u00f5hiliselt 19. sajandi l\u00f5pust, kauaaegse \u00f5petaja Martin Lipu perioodist. Altariseina valmistas Gustav Heinrich Beermanni kavandite j\u00e4rgi 1898 tisler N. Kolberg. Kantsel ja kirikupingid on valminud umbes samal ajal. Uuele altariseinale tellis Martin Lipp 1895 Saksamaal elavalt eesti kunstnikult T\u00f5nis Grenzsteinilt maali &#8220;Kolgata&#8221; ja 1910 skulptor Jaan Koortilt apostel Peetruse, Pauluse, Johannese ja Jaakobuse figuurid. Praeguse oreli valmistas 1890 E. F. Walckeri firma Saksamaal Ludwigsburgis, kasutati ka varasema oreli detaile. Sellel orelil on teiste hulgas m\u00e4nginud ka Aleksander L\u00e4te (t\u00f6\u00f6tas 1883\u20131895 ja 1897\u20131900 N\u00f5os k\u00f6stri ja kooli\u00f5petajana) ja Eduard Tubin (t\u00f6\u00f6tas N\u00f5os kooli\u00f5petajana 1926\u201330).<br \/>P\u00e4rast esimest eesti soost \u00f5petajat Martin Lippu on koguduse \u00f5petajad olnud eestlased, neist ehk tuntum Harald Tammur, kes teenis kogudust 42 aastat.<br \/>Alates 2003. aastast teenib kogudust \u00f5petaja Mart Jaanson.<br \/>N\u00f5o P\u00fcha Laurentsiuses kirikus (Tartu tn 2, N\u00f5o) toimuvad jumalateenistused igal p\u00fchap\u00e4eval ja riigip\u00fchale langeval kirikup\u00fchal kell 11.00 ning t\u00f6\u00f6p\u00e4evadele langevail kirikup\u00fchadel kell 18.00.<br \/>Peale korraliste jumalateenistuste toimuvad kord kuus piiblitunnid Meeri, K\u00fclaaseme, Luke ja N\u00f5giaru k\u00fclas. Kogudusel on p\u00fchap\u00e4evakoolir\u00fchm, mis 2018. aastal tegutseb Luke k\u00fclas.<br \/>Koguduses on oluline koht muusikakollektiividel. Alates 19. sajandist tegutseb siin segakoor, alates 1990. aastast meesansambel ja alates 2008. aastast on kogudusega seotud Meeri seltsimaja naisansambel Elur\u00f5\u00f5m.<\/p>\t\t\t\t\t<\/div>\n\t\t\t\t\t\t<\/div>\n\t\t\t\t<\/div>\n\t\t\t\t\t\t<\/div>\n\t\t\t\t\t<\/div>\n\t\t<\/div>\n\t\t\t\t\t\t\t\t<\/div>\n\t\t\t\t\t<\/div>\n\t\t<\/section>\n\t\t\t\t<section class=\"elementor-section elementor-inner-section elementor-element elementor-element-352f9d68 elementor-section-boxed elementor-section-height-default elementor-section-height-default\" data-id=\"352f9d68\" data-element_type=\"section\">\n\t\t\t\t\t\t<div class=\"elementor-container elementor-column-gap-default\">\n\t\t\t\t\t\t\t<div class=\"elementor-row\">\n\t\t\t\t\t<div class=\"elementor-column elementor-col-50 elementor-inner-column elementor-element elementor-element-61e30d0b\" data-id=\"61e30d0b\" data-element_type=\"column\">\n\t\t\t<div class=\"elementor-column-wrap elementor-element-populated\">\n\t\t\t\t\t\t\t<div class=\"elementor-widget-wrap\">\n\t\t\t\t\t\t<div class=\"elementor-element elementor-element-5a5c1db3 elementor-widget elementor-widget-google_maps\" data-id=\"5a5c1db3\" data-element_type=\"widget\" data-widget_type=\"google_maps.default\">\n\t\t\t\t<div class=\"elementor-widget-container\">\n\t\t\t<div class=\"elementor-custom-embed\"><iframe frameborder=\"0\" scrolling=\"no\" marginheight=\"0\" marginwidth=\"0\" src=\"https:\/\/maps.google.com\/maps?q=N%C3%B5o%20P%C3%BCha%20Laurentsiuse&amp;t=m&amp;z=13&amp;output=embed&amp;iwloc=near\" title=\"N\u00f5o P\u00fcha Laurentsiuse\" aria-label=\"N\u00f5o P\u00fcha Laurentsiuse\"><\/iframe><\/div>\t\t<\/div>\n\t\t\t\t<\/div>\n\t\t\t\t\t\t<\/div>\n\t\t\t\t\t<\/div>\n\t\t<\/div>\n\t\t\t\t<div class=\"elementor-column elementor-col-50 elementor-inner-column elementor-element elementor-element-e70a3b1\" data-id=\"e70a3b1\" data-element_type=\"column\">\n\t\t\t<div class=\"elementor-column-wrap elementor-element-populated\">\n\t\t\t\t\t\t\t<div class=\"elementor-widget-wrap\">\n\t\t\t\t\t\t<div class=\"elementor-element elementor-element-42c0a9b9 elementor-widget elementor-widget-text-editor\" data-id=\"42c0a9b9\" data-element_type=\"widget\" data-widget_type=\"text-editor.default\">\n\t\t\t\t<div class=\"elementor-widget-container\">\n\t\t\t\t\t\t\t\t<div class=\"elementor-text-editor elementor-clearfix\">\n\t\t\t\t\t<p>\u00a0<\/p><p><a href=\"http:\/\/nookirik.ee\"><strong><span style=\"color: #b50048;\">http:\/\/nookirik.ee<\/span><\/strong><\/a><\/p>\t\t\t\t\t<\/div>\n\t\t\t\t\t\t<\/div>\n\t\t\t\t<\/div>\n\t\t\t\t\t\t<\/div>\n\t\t\t\t\t<\/div>\n\t\t<\/div>\n\t\t\t\t\t\t\t\t<\/div>\n\t\t\t\t\t<\/div>\n\t\t<\/section>\n\t\t\t\t\t\t<\/div>\n\t\t\t\t\t<\/div>\n\t\t<\/div>\n\t\t\t\t\t\t\t\t<\/div>\n\t\t\t\t\t<\/div>\n\t\t<\/section>\n\t\t\t\t\t\t<\/div>\n\t\t\t\t\t\t<\/div>\n\t\t\t\t\t<\/div>\n\t\t","protected":false},"excerpt":{"rendered":"<p>N\u00f5o P\u00fcha Laurentsiuse kirik 18.00 avapalvus, orelimuusika 19.00 laulab EELK N\u00f5o koguduse segakoor 19.30-22.00 orelimuusika 22.00 Taiz\u00e9 palvus kiriku altariruumis P\u00fchap\u00e4evakool lastele Kogu \u00f5htu jooksul saab tutvuda kirikuga, sh k\u00e4ia kirikutornis N\u00f5o kolmel\u00f6\u00f6viline telliskivist romaani ja gooti elementidega kodakirik on ehitatud kindluskirikuks. Ta ehitamisajaks peetakse 13. sajandi teist poolt ja ta on \u00fcks vanemaid mandri-Eesti [&hellip;]<\/p>\n","protected":false},"author":1,"featured_media":0,"parent":0,"menu_order":0,"comment_status":"closed","ping_status":"closed","template":"","meta":{"footnotes":""},"wf_page_folders":[15],"class_list":["post-518","page","type-page","status-publish","hentry","entry"],"_links":{"self":[{"href":"https:\/\/kirikute\u00f6\u00f6.ee\/index.php?rest_route=\/wp\/v2\/pages\/518","targetHints":{"allow":["GET"]}}],"collection":[{"href":"https:\/\/kirikute\u00f6\u00f6.ee\/index.php?rest_route=\/wp\/v2\/pages"}],"about":[{"href":"https:\/\/kirikute\u00f6\u00f6.ee\/index.php?rest_route=\/wp\/v2\/types\/page"}],"author":[{"embeddable":true,"href":"https:\/\/kirikute\u00f6\u00f6.ee\/index.php?rest_route=\/wp\/v2\/users\/1"}],"replies":[{"embeddable":true,"href":"https:\/\/kirikute\u00f6\u00f6.ee\/index.php?rest_route=%2Fwp%2Fv2%2Fcomments&post=518"}],"version-history":[{"count":40,"href":"https:\/\/kirikute\u00f6\u00f6.ee\/index.php?rest_route=\/wp\/v2\/pages\/518\/revisions"}],"predecessor-version":[{"id":4811,"href":"https:\/\/kirikute\u00f6\u00f6.ee\/index.php?rest_route=\/wp\/v2\/pages\/518\/revisions\/4811"}],"wp:attachment":[{"href":"https:\/\/kirikute\u00f6\u00f6.ee\/index.php?rest_route=%2Fwp%2Fv2%2Fmedia&parent=518"}],"wp:term":[{"taxonomy":"wf_page_folders","embeddable":true,"href":"https:\/\/kirikute\u00f6\u00f6.ee\/index.php?rest_route=%2Fwp%2Fv2%2Fwf_page_folders&post=518"}],"curies":[{"name":"wp","href":"https:\/\/api.w.org\/{rel}","templated":true}]}}