{"id":615,"date":"2019-05-12T07:37:40","date_gmt":"2019-05-12T04:37:40","guid":{"rendered":"https:\/\/kirikute\u00f6\u00f6.ee\/?page_id=615"},"modified":"2025-05-16T16:38:48","modified_gmt":"2025-05-16T13:38:48","slug":"valga-vladimiri","status":"publish","type":"page","link":"https:\/\/kirikute\u00f6\u00f6.ee\/?page_id=615","title":{"rendered":"valga-vladimiri"},"content":{"rendered":"\t\t<div data-elementor-type=\"wp-post\" data-elementor-id=\"615\" class=\"elementor elementor-615\" data-elementor-settings=\"[]\">\n\t\t\t\t\t\t<div class=\"elementor-inner\">\n\t\t\t\t\t\t\t<div class=\"elementor-section-wrap\">\n\t\t\t\t\t\t\t<section class=\"elementor-section elementor-top-section elementor-element elementor-element-476ff125 elementor-section-boxed elementor-section-height-default elementor-section-height-default\" data-id=\"476ff125\" data-element_type=\"section\">\n\t\t\t\t\t\t<div class=\"elementor-container elementor-column-gap-default\">\n\t\t\t\t\t\t\t<div class=\"elementor-row\">\n\t\t\t\t\t<div class=\"elementor-column elementor-col-100 elementor-top-column elementor-element elementor-element-2acd9fb9\" data-id=\"2acd9fb9\" data-element_type=\"column\">\n\t\t\t<div class=\"elementor-column-wrap elementor-element-populated\">\n\t\t\t\t\t\t\t<div class=\"elementor-widget-wrap\">\n\t\t\t\t\t\t<div class=\"elementor-element elementor-element-3e2cfdf1 elementor-widget elementor-widget-heading\" data-id=\"3e2cfdf1\" data-element_type=\"widget\" data-widget_type=\"heading.default\">\n\t\t\t\t<div class=\"elementor-widget-container\">\n\t\t\t<h2 class=\"elementor-heading-title elementor-size-large\">Valga Vladimiri Jumalaema Ikooni kirik<\/h2>\t\t<\/div>\n\t\t\t\t<\/div>\n\t\t\t\t<section class=\"elementor-section elementor-inner-section elementor-element elementor-element-61df430e elementor-section-full_width elementor-section-content-top elementor-section-height-default elementor-section-height-default\" data-id=\"61df430e\" data-element_type=\"section\">\n\t\t\t\t\t\t<div class=\"elementor-container elementor-column-gap-default\">\n\t\t\t\t\t\t\t<div class=\"elementor-row\">\n\t\t\t\t\t<div class=\"elementor-column elementor-col-100 elementor-inner-column elementor-element elementor-element-11e8a6aa\" data-id=\"11e8a6aa\" data-element_type=\"column\">\n\t\t\t<div class=\"elementor-column-wrap elementor-element-populated\">\n\t\t\t\t\t\t\t<div class=\"elementor-widget-wrap\">\n\t\t\t\t\t\t<div class=\"elementor-element elementor-element-2e402168 elementor-widget elementor-widget-text-editor\" data-id=\"2e402168\" data-element_type=\"widget\" data-widget_type=\"text-editor.default\">\n\t\t\t\t<div class=\"elementor-widget-container\">\n\t\t\t\t\t\t\t\t<div class=\"elementor-text-editor elementor-clearfix\">\n\t\t\t\t\t<ul><li><b>Kirik avatud kell 18.00-21. 00\u00a0<\/b><\/li><li><strong>Palvetalitus rahu eest<\/strong><\/li><li><strong>Ekskursioon kirikus<\/strong><\/li><li><strong>Isostuudio &#8220;Izograf&#8221; n\u00e4itus (\u00fcllatus lastele)<\/strong><\/li><li><strong>Kellade helistamise meistriklass<\/strong><\/li><li><strong>Pidulaud<\/strong><\/li><\/ul>\t\t\t\t\t<\/div>\n\t\t\t\t\t\t<\/div>\n\t\t\t\t<\/div>\n\t\t\t\t\t\t<\/div>\n\t\t\t\t\t<\/div>\n\t\t<\/div>\n\t\t\t\t\t\t\t\t<\/div>\n\t\t\t\t\t<\/div>\n\t\t<\/section>\n\t\t\t\t<section class=\"elementor-section elementor-inner-section elementor-element elementor-element-5a03366 elementor-section-boxed elementor-section-height-default elementor-section-height-default\" data-id=\"5a03366\" data-element_type=\"section\">\n\t\t\t\t\t\t<div class=\"elementor-container elementor-column-gap-default\">\n\t\t\t\t\t\t\t<div class=\"elementor-row\">\n\t\t\t\t\t<div class=\"elementor-column elementor-col-50 elementor-inner-column elementor-element elementor-element-6e8bfd3d\" data-id=\"6e8bfd3d\" data-element_type=\"column\">\n\t\t\t<div class=\"elementor-column-wrap elementor-element-populated\">\n\t\t\t\t\t\t\t<div class=\"elementor-widget-wrap\">\n\t\t\t\t\t\t<div class=\"elementor-element elementor-element-7ffa3be8 elementor-widget elementor-widget-image\" data-id=\"7ffa3be8\" data-element_type=\"widget\" data-widget_type=\"image.default\">\n\t\t\t\t<div class=\"elementor-widget-container\">\n\t\t\t\t\t\t\t\t<div class=\"elementor-image\">\n\t\t\t\t\t\t\t\t\t\t\t\t<img loading=\"lazy\" decoding=\"async\" width=\"300\" height=\"300\" src=\"https:\/\/kirikute\u00f6\u00f6.ee\/wp-content\/uploads\/2019\/05\/valga-vladimiri-300x300.jpg\" class=\"attachment-medium size-medium\" alt=\"\" srcset=\"https:\/\/kirikute\u00f6\u00f6.ee\/wp-content\/uploads\/2019\/05\/valga-vladimiri-300x300.jpg 300w, https:\/\/kirikute\u00f6\u00f6.ee\/wp-content\/uploads\/2019\/05\/valga-vladimiri-150x150.jpg 150w, https:\/\/kirikute\u00f6\u00f6.ee\/wp-content\/uploads\/2019\/05\/valga-vladimiri.jpg 400w\" sizes=\"auto, (max-width: 300px) 100vw, 300px\" \/>\t\t\t\t\t\t\t\t\t\t\t\t\t\t<\/div>\n\t\t\t\t\t\t<\/div>\n\t\t\t\t<\/div>\n\t\t\t\t\t\t<\/div>\n\t\t\t\t\t<\/div>\n\t\t<\/div>\n\t\t\t\t<div class=\"elementor-column elementor-col-50 elementor-inner-column elementor-element elementor-element-22ad6bf5\" data-id=\"22ad6bf5\" data-element_type=\"column\">\n\t\t\t<div class=\"elementor-column-wrap elementor-element-populated\">\n\t\t\t\t\t\t\t<div class=\"elementor-widget-wrap\">\n\t\t\t\t\t\t<div class=\"elementor-element elementor-element-5f7673df elementor-widget elementor-widget-text-editor\" data-id=\"5f7673df\" data-element_type=\"widget\" data-widget_type=\"text-editor.default\">\n\t\t\t\t<div class=\"elementor-widget-container\">\n\t\t\t\t\t\t\t\t<div class=\"elementor-text-editor elementor-clearfix\">\n\t\t\t\t\t<p>\u00d5igeusu kodudus asutati Valgas 1845. aastal ja see on ajaloo k\u00e4igus \u00fcle elanud mitmeid muutusi. Eesti Kristliku \u00d5igeusu Kiriku Vladimiri Jumalaema Ikooni kogudus tegutseb oma praeguses asukohas 2001. aastast, kui endine raudteeklubi hoone ehitati \u00fcmber ja p\u00fchitseti p\u00fchakojaks.<\/p><p>\u041f\u0440\u0430\u0432\u043e\u0441\u043b\u0430\u0432\u043d\u044b\u0439 \u043f\u0440\u0438\u0445\u043e\u0434 \u0432 \u0433\u043e\u0440\u043e\u0434\u0435 \u0412\u0430\u043b\u0433\u0430 \u0431\u044b\u043b \u0441\u043e\u0437\u0434\u0430\u043d \u0432 1845 \u0433.<br \/>\u0412 \u043d\u0430\u0441\u0442\u043e\u044f\u0449\u0435\u0435 \u0432\u0440\u0435\u043c\u044f \u0446\u0435\u0440\u043a\u043e\u0432\u044c \u0412\u043b\u0430\u0434\u0438\u043c\u0438\u0440\u0441\u043a\u043e\u0439 \u0438\u043a\u043e\u043d\u044b \u0411\u043e\u0436\u0438\u0435\u0439 \u041c\u0430\u0442\u0435\u0440\u0438 \u041c\u043e\u0441\u043a\u043e\u0432\u0441\u043a\u043e\u0433\u043e \u041f\u0430\u0442\u0440\u0438\u0430\u0440\u0445\u0430\u0442\u0430 \u0433. \u0412\u0430\u043b\u0433\u0430, \u0438\u0441\u043f\u043e\u043b\u044c\u0437\u0443\u0435\u0442 \u0437\u0434\u0430\u043d\u0438\u0435 1928\u0433. \u043f\u043e\u0441\u0442\u0440\u043e\u0439\u043a\u0438. \u042d\u0442\u043e 3-\u0445 \u043a\u0443\u043f\u043e\u043b\u044c\u043d\u044b\u0439 \u0445\u0440\u0430\u043c \u0441 2 \u043f\u0440\u0438\u0434\u0435\u043b\u0430\u043c\u0438.<br \/>\u0413\u043b\u0430\u0432\u043d\u044b\u0439 \u043f\u0440\u0438\u0434\u0435\u043b \u043e\u0441\u0432\u044f\u0449\u0435\u043d \u0432 \u0447\u0435\u0441\u0442\u044c \u0412\u043b\u0430\u0434\u0438\u043c\u0438\u0440\u0441\u043a\u043e\u0439 \u0438\u043a\u043e\u043d\u044b \u0411\u043e\u0436\u0438\u0435\u0439 \u041c\u0430\u0442\u0435\u0440\u0438 \u0432 2001\u0433. \u041c\u0430\u043b\u044b\u0439 \u043f\u0440\u0438\u0434\u0435\u043b \u043e\u0441\u0432\u044f\u0449\u0435\u043d \u0432 \u0447\u0435\u0441\u0442\u044c \u0441\u0432\u044f\u0449\u0435\u043d\u043d\u043e\u043c\u0443\u0447\u0435\u043d\u0438\u043a\u0430 \u0418\u0441\u0438\u0434\u043e\u0440\u0430 \u042e\u0440\u044c\u0435\u0432\u0441\u043a\u043e\u0433\u043e \u0432 1998\u0433.<br \/>\u0412\u0435\u0434\u0443\u0442\u0441\u044f \u0440\u0435\u0433\u0443\u043b\u044f\u0440\u043d\u044b\u0435 \u0431\u043e\u0433\u043e\u0441\u043b\u0443\u0436\u0435\u043d\u0438\u044f, \u0441\u043e\u0432\u0435\u0440\u0448\u0430\u044e\u0442\u0441\u044f \u0422\u0430\u0438\u043d\u0441\u0442\u0432\u0430. \u0412 \u0434\u043d\u0438 \u0431\u043e\u0433\u043e\u0441\u043b\u0443\u0436\u0435\u043d\u0438\u0439 \u0432 \u0445\u0440\u0430\u043c\u0435 \u043e\u0442\u043a\u0440\u044b\u0442\u0430 \u0431\u0438\u0431\u043b\u0438\u043e\u0442\u0435\u043a\u0430, \u043d\u0430\u0441\u0447\u0438\u0442\u044b\u0432\u0430\u044e\u0449\u0430\u044f \u043e\u043a\u043e\u043b\u043e 700 \u043a\u043d\u0438\u0433 \u043f\u0440\u0430\u0432\u043e\u0441\u043b\u0430\u0432\u043d\u043e\u0439 \u0431\u043e\u0433\u043e\u0441\u043b\u0443\u0436\u0435\u0431\u043d\u043e\u0439 \u043b\u0438\u0442\u0435\u0440\u0430\u0442\u0443\u0440\u044b, \u0438\u043c\u0435\u044e\u0442\u0441\u044f \u0430\u0443\u0434\u0438\u043e- \u0438 \u0432\u0438\u0434\u0435\u043e\u0442\u0435\u043a\u0438. \u041f\u0440\u043e\u0432\u043e\u0434\u044f\u0442\u0441\u044f \u0437\u0430\u043d\u044f\u0442\u0438\u044f \u0432 \u0412\u043e\u0441\u043a\u0440\u0435\u0441\u043d\u043e\u0439 \u0448\u043a\u043e\u043b\u0435 \u0434\u043b\u044f \u0432\u0437\u0440\u043e\u0441\u043b\u044b\u0445 \u0438 \u0434\u0435\u0442\u0435\u0439.<br \/>\u0414\u0435\u0442\u0438 \u0432\u0441\u0435\u0433\u0434\u0430 \u0432\u044b\u0441\u0442\u0443\u043f\u0430\u044e\u0442 \u043d\u0430 \u043f\u0440\u0438\u0445\u043e\u0434\u0435 \u0441 \u043f\u0430\u0441\u0445\u0430\u043b\u044c\u043d\u044b\u043c \u0438 \u0440\u043e\u0436\u0434\u0435\u0441\u0442\u0432\u0435\u043d\u0441\u043a\u0438\u043c \u043a\u043e\u043d\u0446\u0435\u0440\u0442\u0430\u043c\u0438 \u0438 \u043d\u0430 \u0420\u043e\u0436\u0434\u0435\u0441\u0442\u0432\u0435\u043d\u0441\u043a\u043e\u0439 \u0435\u043b\u043a\u0435 \u0432 \u041f\u044e\u0445\u0442\u0438\u0446\u043a\u043e\u043c \u0436\u0435\u043d\u0441\u043a\u043e\u043c \u043c\u043e\u043d\u0430\u0441\u0442\u044b\u0440\u0435. \u0421\u043e\u0441\u0442\u043e\u044f\u043b\u043e\u0441\u044c \u0420\u043e\u0436\u0434\u0435\u0441\u0442\u0432\u0435\u043d\u0441\u043a\u043e\u0435 \u0432\u044b\u0441\u0442\u0443\u043f\u043b\u0435\u043d\u0438\u0435 \u0432 \u043f\u0430\u043d\u0441\u0438\u043e\u043d\u0430\u0442\u0435 \u041a\u0430\u0440\u0443\u043b\u0430. \u041a\u0430\u0436\u0434\u044b\u0439 \u0433\u043e\u0434 \u043d\u0435\u0441\u043a\u043e\u043b\u044c\u043a\u043e \u0434\u0435\u0442\u0435\u0439 \u043e\u0442 \u0432\u0430\u043b\u0433\u0430\u0441\u043a\u043e\u0433\u043e \u043f\u0440\u0438\u0445\u043e\u0434\u0430 \u0435\u0437\u0434\u044f\u0442 \u0432 \u043b\u0435\u0442\u043d\u0438\u0439 \u043f\u0440\u0430\u0432\u043e\u0441\u043b\u0430\u0432\u043d\u044b\u0439 \u043b\u0430\u0433\u0435\u0440\u044c \u043f\u043e\u0441. \u041d\u0438\u043d\u0430. \u0414\u0435\u0442\u0438 \u0438 \u0440\u043e\u0434\u0438\u0442\u0435\u043b\u0438 \u043e\u0441\u0442\u0430\u044e\u0442\u0441\u044f \u043e\u0447\u0435\u043d\u044c \u0434\u043e\u0432\u043e\u043b\u044c\u043d\u044b \u0438 \u0441 \u043d\u0435\u0442\u0435\u0440\u043f\u0435\u043d\u0438\u0435\u043c \u0436\u0434\u0443\u0442 \u0441\u043b\u0435\u0434\u0443\u044e\u0449\u0435\u0433\u043e \u0433\u043e\u0434\u0430.<br \/>\u041f\u0435\u0440\u0438\u043e\u0434\u0438\u0447\u0435\u0441\u043a\u0438 \u0441\u043e\u0432\u0435\u0440\u0448\u0430\u0435\u0442\u0441\u044f \u043f\u0430\u0441\u0442\u044b\u0440\u0441\u043a\u043e\u0435 \u043e\u043a\u043e\u0440\u043c\u043b\u0435\u043d\u0438\u0435 \u043d\u0435\u043c\u043e\u0449\u043d\u044b\u0445 \u043b\u044e\u0434\u0435\u0439 \u0432 \u0431\u043e\u043b\u044c\u043d\u0438\u0446\u0435 \u0438 \u043d\u0430 \u0434\u043e\u043c\u0443, \u0430 \u0442\u0430\u043a\u0436\u0435 \u0432 \u0414\u043e\u043c\u0435 \u043f\u0440\u0435\u0441\u0442\u0430\u0440\u0435\u043b\u044b\u0445. <br \/>\u0414\u0432\u0430\u0436\u0434\u044b \u0432 \u0433\u043e\u0434 \u0432 \u0445\u0440\u0430\u043c\u0435 \u043f\u0440\u043e\u0432\u043e\u0434\u0438\u043b\u0441\u044f \u043f\u0440\u0438\u0435\u043c \u0434\u0435\u0442\u0435\u0439-\u0438\u043d\u0432\u0430\u043b\u0438\u0434\u043e\u0432 \u0438\u0437 \u043c\u0435\u0441\u0442\u043d\u043e\u0433\u043e \u0438\u043d\u0442\u0435\u0440\u043d\u0430\u0442\u0430. <br \/>\u0421\u043e\u0441\u0442\u043e\u044f\u043b\u0438\u0441\u044c \u043f\u043e\u0435\u0437\u0434\u043a\u0438 \u043d\u0430 \u043f\u0440\u0435\u0441\u0442\u043e\u043b\u044c\u043d\u044b\u0435 \u043f\u0440\u0430\u0437\u0434\u043d\u0438\u043a\u0438 \u0432 \u041d\u0430\u0440\u0432\u0443, \u041f\u044f\u0440\u043d\u0443 \u0438 \u0421\u0438\u043b\u043b\u0430\u043c\u044f\u044d. <br \/>\u041e\u0440\u0433\u0430\u043d\u0438\u0437\u0443\u0435\u043c \u043f\u0430\u043b\u043e\u043c\u043d\u0438\u0447\u0435\u0441\u043a\u0438\u0435 \u043f\u043e\u0435\u0437\u0434\u043a\u0438 \u043d\u0430 \u041f\u0440\u0435\u0441\u0442\u043e\u043b\u044c\u043d\u044b\u0435 \u043f\u0440\u0430\u0437\u0434\u043d\u0438\u043a\u0438 \u0432 \u0434\u0440\u0443\u0433\u0438\u0435 \u0445\u0440\u0430\u043c\u044b \u0433\u043e\u0440\u043e\u0434\u043e\u0432 \u2013 \u041d\u0430\u0440\u0432\u0430, \u041f\u044f\u0440\u043d\u0443, \u0421\u0438\u043b\u043b\u0430\u043c\u044f\u0435, \u041b\u043e\u0445\u0443\u0441\u0443.<br \/>\u041e\u0434\u043d\u043e\u0432\u0440\u0435\u043c\u0435\u043d\u043d\u043e \u043f\u0440\u043e\u0434\u043e\u043b\u0436\u0430\u044e\u0442\u0441\u044f \u0440\u0430\u0431\u043e\u0442\u044b \u043f\u043e \u043e\u0431\u0443\u0441\u0442\u0440\u043e\u0439\u0441\u0442\u0432\u0443 \u0445\u0440\u0430\u043c\u043e\u0432\u043e\u0433\u043e \u0437\u0434\u0430\u043d\u0438\u044f. \u041f\u0440\u0435\u0434\u0441\u0442\u043e\u044f\u0442 \u0440\u0430\u0431\u043e\u0442\u044b \u043f\u043e \u043f\u0435\u0440\u0435\u0441\u0442\u0440\u043e\u0439\u043a\u0435 \u0445\u043e\u0437\u044f\u0439\u0441\u0442\u0432\u0435\u043d\u043d\u044b\u0445 \u043f\u043e\u043c\u0435\u0449\u0435\u043d\u0438\u0439.<\/p>\t\t\t\t\t<\/div>\n\t\t\t\t\t\t<\/div>\n\t\t\t\t<\/div>\n\t\t\t\t\t\t<\/div>\n\t\t\t\t\t<\/div>\n\t\t<\/div>\n\t\t\t\t\t\t\t\t<\/div>\n\t\t\t\t\t<\/div>\n\t\t<\/section>\n\t\t\t\t<section class=\"elementor-section elementor-inner-section elementor-element elementor-element-3b0e143b elementor-section-boxed elementor-section-height-default elementor-section-height-default\" data-id=\"3b0e143b\" data-element_type=\"section\">\n\t\t\t\t\t\t<div class=\"elementor-container elementor-column-gap-default\">\n\t\t\t\t\t\t\t<div class=\"elementor-row\">\n\t\t\t\t\t<div class=\"elementor-column elementor-col-50 elementor-inner-column elementor-element elementor-element-3d84549f\" data-id=\"3d84549f\" data-element_type=\"column\">\n\t\t\t<div class=\"elementor-column-wrap elementor-element-populated\">\n\t\t\t\t\t\t\t<div class=\"elementor-widget-wrap\">\n\t\t\t\t\t\t<div class=\"elementor-element elementor-element-53042091 elementor-widget elementor-widget-google_maps\" data-id=\"53042091\" data-element_type=\"widget\" data-widget_type=\"google_maps.default\">\n\t\t\t\t<div class=\"elementor-widget-container\">\n\t\t\t<div class=\"elementor-custom-embed\"><iframe frameborder=\"0\" scrolling=\"no\" marginheight=\"0\" marginwidth=\"0\" src=\"https:\/\/maps.google.com\/maps?q=57.772611%2C%2026.052889&amp;t=m&amp;z=13&amp;output=embed&amp;iwloc=near\" title=\"57.772611, 26.052889\" aria-label=\"57.772611, 26.052889\"><\/iframe><\/div>\t\t<\/div>\n\t\t\t\t<\/div>\n\t\t\t\t\t\t<\/div>\n\t\t\t\t\t<\/div>\n\t\t<\/div>\n\t\t\t\t<div class=\"elementor-column elementor-col-50 elementor-inner-column elementor-element elementor-element-10c32c6f\" data-id=\"10c32c6f\" data-element_type=\"column\">\n\t\t\t<div class=\"elementor-column-wrap elementor-element-populated\">\n\t\t\t\t\t\t\t<div class=\"elementor-widget-wrap\">\n\t\t\t\t\t\t<div class=\"elementor-element elementor-element-cfb24a4 elementor-widget elementor-widget-text-editor\" data-id=\"cfb24a4\" data-element_type=\"widget\" data-widget_type=\"text-editor.default\">\n\t\t\t\t<div class=\"elementor-widget-container\">\n\t\t\t\t\t\t\t\t<div class=\"elementor-text-editor elementor-clearfix\">\n\t\t\t\t\t<p><strong>Aadress:\u00a0Tehnika 7 Valga (raudteesilla taga).\u00a0Buss nr 2<\/strong><\/p><p><span style=\"color: #b50048;\"><strong><a style=\"color: #b50048;\" href=\"https:\/\/www.goldenmary.ee\/\">https:\/\/www.goldenmary.ee\/<\/a><\/strong><\/span><\/p>\t\t\t\t\t<\/div>\n\t\t\t\t\t\t<\/div>\n\t\t\t\t<\/div>\n\t\t\t\t\t\t<\/div>\n\t\t\t\t\t<\/div>\n\t\t<\/div>\n\t\t\t\t\t\t\t\t<\/div>\n\t\t\t\t\t<\/div>\n\t\t<\/section>\n\t\t\t\t\t\t<\/div>\n\t\t\t\t\t<\/div>\n\t\t<\/div>\n\t\t\t\t\t\t\t\t<\/div>\n\t\t\t\t\t<\/div>\n\t\t<\/section>\n\t\t\t\t\t\t<\/div>\n\t\t\t\t\t\t<\/div>\n\t\t\t\t\t<\/div>\n\t\t","protected":false},"excerpt":{"rendered":"<p>Valga Vladimiri Jumalaema Ikooni kirik Kirik avatud kell 18.00-21. 00\u00a0 Palvetalitus rahu eest Ekskursioon kirikus Isostuudio &#8220;Izograf&#8221; n\u00e4itus (\u00fcllatus lastele) Kellade helistamise meistriklass Pidulaud \u00d5igeusu kodudus asutati Valgas 1845. aastal ja see on ajaloo k\u00e4igus \u00fcle elanud mitmeid muutusi. Eesti Kristliku \u00d5igeusu Kiriku Vladimiri Jumalaema Ikooni kogudus tegutseb oma praeguses asukohas 2001. aastast, kui endine [&hellip;]<\/p>\n","protected":false},"author":1,"featured_media":0,"parent":0,"menu_order":0,"comment_status":"closed","ping_status":"closed","template":"","meta":{"footnotes":""},"wf_page_folders":[19],"class_list":["post-615","page","type-page","status-publish","hentry","entry"],"_links":{"self":[{"href":"https:\/\/kirikute\u00f6\u00f6.ee\/index.php?rest_route=\/wp\/v2\/pages\/615","targetHints":{"allow":["GET"]}}],"collection":[{"href":"https:\/\/kirikute\u00f6\u00f6.ee\/index.php?rest_route=\/wp\/v2\/pages"}],"about":[{"href":"https:\/\/kirikute\u00f6\u00f6.ee\/index.php?rest_route=\/wp\/v2\/types\/page"}],"author":[{"embeddable":true,"href":"https:\/\/kirikute\u00f6\u00f6.ee\/index.php?rest_route=\/wp\/v2\/users\/1"}],"replies":[{"embeddable":true,"href":"https:\/\/kirikute\u00f6\u00f6.ee\/index.php?rest_route=%2Fwp%2Fv2%2Fcomments&post=615"}],"version-history":[{"count":27,"href":"https:\/\/kirikute\u00f6\u00f6.ee\/index.php?rest_route=\/wp\/v2\/pages\/615\/revisions"}],"predecessor-version":[{"id":4621,"href":"https:\/\/kirikute\u00f6\u00f6.ee\/index.php?rest_route=\/wp\/v2\/pages\/615\/revisions\/4621"}],"wp:attachment":[{"href":"https:\/\/kirikute\u00f6\u00f6.ee\/index.php?rest_route=%2Fwp%2Fv2%2Fmedia&parent=615"}],"wp:term":[{"taxonomy":"wf_page_folders","embeddable":true,"href":"https:\/\/kirikute\u00f6\u00f6.ee\/index.php?rest_route=%2Fwp%2Fv2%2Fwf_page_folders&post=615"}],"curies":[{"name":"wp","href":"https:\/\/api.w.org\/{rel}","templated":true}]}}