{"id":66,"date":"2019-04-14T00:01:58","date_gmt":"2019-04-13T21:01:58","guid":{"rendered":"https:\/\/kirikute\u00f6\u00f6.ee\/?page_id=66"},"modified":"2025-03-18T18:41:23","modified_gmt":"2025-03-18T15:41:23","slug":"meist","status":"publish","type":"page","link":"https:\/\/kirikute\u00f6\u00f6.ee\/?page_id=66","title":{"rendered":"MEIST"},"content":{"rendered":"\t\t<div data-elementor-type=\"wp-post\" data-elementor-id=\"66\" class=\"elementor elementor-66\" data-elementor-settings=\"[]\">\n\t\t\t\t\t\t<div class=\"elementor-inner\">\n\t\t\t\t\t\t\t<div class=\"elementor-section-wrap\">\n\t\t\t\t\t\t\t<section class=\"elementor-section elementor-top-section elementor-element elementor-element-16a2e96 elementor-section-height-min-height elementor-section-content-middle elementor-reverse-mobile elementor-section-boxed elementor-section-height-default elementor-section-items-middle\" data-id=\"16a2e96\" data-element_type=\"section\" data-settings=\"{&quot;background_background&quot;:&quot;none&quot;}\">\n\t\t\t\t\t\t<div class=\"elementor-container elementor-column-gap-default\">\n\t\t\t\t\t\t\t<div class=\"elementor-row\">\n\t\t\t\t\t<div class=\"elementor-column elementor-col-50 elementor-top-column elementor-element elementor-element-07d0366\" data-id=\"07d0366\" data-element_type=\"column\">\n\t\t\t<div class=\"elementor-column-wrap elementor-element-populated\">\n\t\t\t\t\t\t\t<div class=\"elementor-widget-wrap\">\n\t\t\t\t\t\t\t\t<\/div>\n\t\t\t\t\t<\/div>\n\t\t<\/div>\n\t\t\t\t<div class=\"elementor-column elementor-col-50 elementor-top-column elementor-element elementor-element-0ca7551\" data-id=\"0ca7551\" data-element_type=\"column\">\n\t\t\t<div class=\"elementor-column-wrap elementor-element-populated\">\n\t\t\t\t\t\t\t<div class=\"elementor-widget-wrap\">\n\t\t\t\t\t\t<div class=\"elementor-element elementor-element-02a6531 elementor-widget-divider--view-line elementor-widget elementor-widget-divider\" data-id=\"02a6531\" data-element_type=\"widget\" data-widget_type=\"divider.default\">\n\t\t\t\t<div class=\"elementor-widget-container\">\n\t\t\t\t\t<div class=\"elementor-divider\">\n\t\t\t<span class=\"elementor-divider-separator\">\n\t\t\t\t\t\t<\/span>\n\t\t<\/div>\n\t\t\t\t<\/div>\n\t\t\t\t<\/div>\n\t\t\t\t<div class=\"elementor-element elementor-element-9468693 elementor-widget elementor-widget-heading\" data-id=\"9468693\" data-element_type=\"widget\" data-widget_type=\"heading.default\">\n\t\t\t\t<div class=\"elementor-widget-container\">\n\t\t\t<h3 class=\"elementor-heading-title elementor-size-large\">eesm\u00e4rgid<\/h3>\t\t<\/div>\n\t\t\t\t<\/div>\n\t\t\t\t<div class=\"elementor-element elementor-element-4dfa07b elementor-widget elementor-widget-text-editor\" data-id=\"4dfa07b\" data-element_type=\"widget\" data-widget_type=\"text-editor.default\">\n\t\t\t\t<div class=\"elementor-widget-container\">\n\t\t\t\t\t\t\t\t<div class=\"elementor-text-editor elementor-clearfix\">\n\t\t\t\t\t<p><b>Saagem tuttavaks!<\/b><br \/>Kirikute \u00d6\u00f6 avab v\u00f5imaluse tutvuda kristlusega vabas ja vahetus vormis. Erinevad kirikud pakuvad erinevaid v\u00f5imalusi, kuidas samm-sammult l\u00e4heneda kristlusele, kirikule, usule. Iga\u00fcks saab ise otustada, millisel m\u00e4\u00e4ral ta soovib l\u00e4heneda; kedagi ei kohustata valmis olema millekski siduvaks.<\/p><p><b>Kohtumispaik<\/b><br \/>Kirikute \u00d6\u00f6 loob paiga kohtumisteks.<br \/>Kirikute \u00d6\u00f6l on k\u00fclalistel v\u00f5imalus kohtuda kristlusega l\u00e4bi vestluste, muusika, kunsti, m\u00e4lestuste, arutelude, kogemuste &#8230;<\/p><p><b>Avatud k\u00f5igile<\/b><br \/>Kirikute \u00d6\u00f6 on m\u00f5eldud k\u00f5ige laiemale huviliste ringile &#8211; nii neile, kes seisavad v\u00e4ljaspool kirikut kui ka neile, kes on j\u00e4\u00e4nud kiriku \u00e4\u00e4realale. Kirikute \u00d6\u00f6 kultuuriline taust, tavaliselt k\u00e4ttesaamatute kohtade k\u00e4ttesaadavaks tegemine ja \u00f6\u00f6 atmosf\u00e4\u00e4r lubavad j\u00f5uda v\u00f5imalikult paljude inimesteni.<\/p><p><b>\u00dchiskondlik ja kultuuriline haare<\/b><br \/>Kirikute \u00d6\u00f6 esitleb kirikuid kui olulist tahku \u00fchiskonna elus, \u00e4rgitab tundma huvi vaimsete v\u00e4\u00e4rtuste ja kultuurip\u00e4randi vastu, mida on lihvinud aastasadade pikkune ajalugu.<\/p><p><b>Uued v\u00f5imalused<\/b><br \/>Kirikute \u00d6\u00f6 ei tohiks olla \u00fchekordne s\u00fcndmus, mis l\u00f5peb kesk\u00f6\u00f6l. Need, kes tundsid, et osalemine Kirikute \u00d6\u00f6l neid isiklikult puudutas, peaksid saama j\u00e4tkuvalt kogeda uusi v\u00f5imalusi.<\/p>\t\t\t\t\t<\/div>\n\t\t\t\t\t\t<\/div>\n\t\t\t\t<\/div>\n\t\t\t\t\t\t<\/div>\n\t\t\t\t\t<\/div>\n\t\t<\/div>\n\t\t\t\t\t\t\t\t<\/div>\n\t\t\t\t\t<\/div>\n\t\t<\/section>\n\t\t\t\t<section class=\"elementor-section elementor-top-section elementor-element elementor-element-8650f99 elementor-section-height-min-height elementor-section-content-middle elementor-reverse-mobile elementor-section-boxed elementor-section-height-default elementor-section-items-middle\" data-id=\"8650f99\" data-element_type=\"section\" data-settings=\"{&quot;background_background&quot;:&quot;none&quot;}\">\n\t\t\t\t\t\t<div class=\"elementor-container elementor-column-gap-default\">\n\t\t\t\t\t\t\t<div class=\"elementor-row\">\n\t\t\t\t\t<div class=\"elementor-column elementor-col-50 elementor-top-column elementor-element elementor-element-760695e\" data-id=\"760695e\" data-element_type=\"column\">\n\t\t\t<div class=\"elementor-column-wrap elementor-element-populated\">\n\t\t\t\t\t\t\t<div class=\"elementor-widget-wrap\">\n\t\t\t\t\t\t\t\t<\/div>\n\t\t\t\t\t<\/div>\n\t\t<\/div>\n\t\t\t\t<div class=\"elementor-column elementor-col-50 elementor-top-column elementor-element elementor-element-4c16a86\" data-id=\"4c16a86\" data-element_type=\"column\">\n\t\t\t<div class=\"elementor-column-wrap elementor-element-populated\">\n\t\t\t\t\t\t\t<div class=\"elementor-widget-wrap\">\n\t\t\t\t\t\t<div class=\"elementor-element elementor-element-4e9cb81 elementor-widget-divider--view-line elementor-widget elementor-widget-divider\" data-id=\"4e9cb81\" data-element_type=\"widget\" data-widget_type=\"divider.default\">\n\t\t\t\t<div class=\"elementor-widget-container\">\n\t\t\t\t\t<div class=\"elementor-divider\">\n\t\t\t<span class=\"elementor-divider-separator\">\n\t\t\t\t\t\t<\/span>\n\t\t<\/div>\n\t\t\t\t<\/div>\n\t\t\t\t<\/div>\n\t\t\t\t<div class=\"elementor-element elementor-element-92d2bf2 elementor-widget elementor-widget-heading\" data-id=\"92d2bf2\" data-element_type=\"widget\" data-widget_type=\"heading.default\">\n\t\t\t\t<div class=\"elementor-widget-container\">\n\t\t\t<h3 class=\"elementor-heading-title elementor-size-large\">P\u00d5HIM\u00d5TTED<\/h3>\t\t<\/div>\n\t\t\t\t<\/div>\n\t\t\t\t<div class=\"elementor-element elementor-element-be8f48c elementor-widget elementor-widget-text-editor\" data-id=\"be8f48c\" data-element_type=\"widget\" data-widget_type=\"text-editor.default\">\n\t\t\t\t<div class=\"elementor-widget-container\">\n\t\t\t\t\t\t\t\t<div class=\"elementor-text-editor elementor-clearfix\">\n\t\t\t\t\t<p><strong>Oikumeenilisus<\/strong><br \/>Kirikute \u00d6\u00f6 esitleb kristlike kirikute olulisemaid tunnusjooni.<br \/>Kirikute \u00d6\u00f6 v\u00f5imaldab k\u00fclastajatel kogeda kristlike kirikute mitmekesisust ja erinevaid usulisi v\u00e4ljendusviise. Kirikute \u00d6\u00f6l osalevad kirikud, kes on Eesti Kirikute N\u00f5ukogu liikmed.<\/p><p><b>Tasuta<\/b><br \/>Koguduste poolt pakutavad programmid on tasuta.<\/p><p><b style=\"font-size: 17px;\">Vabatahtlik koost\u00f6\u00f6<br \/><\/b><span style=\"font-size: 17px;\">Kirikute \u00d6\u00f6 aluseks on koguduste, kirikute, usukogukondade, vaimulike ordude ja muude kristlike kogukondade vabatahtlik koost\u00f6\u00f6. Kirikute \u00d6\u00f6 projektiga liitumine on kristlikele kogukondadele vabatahtlik.<\/span><\/p><p><b>Kogukonna kaasamine<\/b><br \/>Kirikute \u00d6\u00f6l pakutav programm on kristlike kogukondade vastutusel s\u00f5ltuvalt nende erip\u00e4rast ja v\u00f5imalustest. See tagab loovuse ja esitleb kristlikku elu ja kultuuri kogu mitmekesisuses, sest programmid vastavad erinevate kristlike kogukondade iseloomule.<\/p><p><b>Motivatsioon ja areng<br \/><\/b>Kirikute \u00d6\u00f6 eeldab korraldajate motiveeritust. Kirikute \u00d6\u00f6le eelnevalt tuleb luua v\u00f5imalusi teabe saamiseks, mis aitaks korraldajate oskusi ja v\u00f5imeid arendada ja neid motiveerida. Seda v\u00f5ivad h\u00f5lbustada infokoosolekud, seminarid, kursused ja isiklikud kontaktid.<\/p><p><b>Koordineerimine<\/b><br \/>Kirikute \u00d6\u00f6d korraldatakse sama mudeli j\u00e4rgi nagu analoogilist s\u00fcndmust T\u0161ehhimaal (Noc kostel\u016f), Slovakkias (Noc kostolov), Austrias (Lange Nacht der Kirchen) \u0160veitsis <span style=\"font-family: Roboto, sans-serif; font-size: 17px; font-style: normal; font-variant-ligatures: normal; font-variant-caps: normal; font-weight: 300;\">\u00a0<\/span><span style=\"font-family: Roboto, sans-serif; font-size: 17px; font-style: normal; font-variant-ligatures: normal; font-variant-caps: normal; font-weight: 300;\">(Lange Nacht der Kirchen)\u00a0<\/span><span style=\"font-size: 17px;\">ja mujal.<br \/><\/span><span style=\"font-size: 17px;\">Eestis aitab\u00a0<\/span><span style=\"font-family: Roboto, sans-serif; font-size: 17px; font-style: normal; font-variant-ligatures: normal; font-variant-caps: normal; font-weight: 300;\">Kirikute \u00d6\u00f6d<\/span><span style=\"font-family: Roboto, sans-serif; font-size: 17px; font-style: normal; font-variant-ligatures: normal; font-variant-caps: normal; font-weight: 300;\">\u00a0<\/span><span style=\"font-size: 17px;\">koordineerida MT\u00dc Kirikute \u00d6\u00f6<\/span><\/p>\t\t\t\t\t<\/div>\n\t\t\t\t\t\t<\/div>\n\t\t\t\t<\/div>\n\t\t\t\t\t\t<\/div>\n\t\t\t\t\t<\/div>\n\t\t<\/div>\n\t\t\t\t\t\t\t\t<\/div>\n\t\t\t\t\t<\/div>\n\t\t<\/section>\n\t\t\t\t\t\t<\/div>\n\t\t\t\t\t\t<\/div>\n\t\t\t\t\t<\/div>\n\t\t","protected":false},"excerpt":{"rendered":"<p>eesm\u00e4rgid Saagem tuttavaks!Kirikute \u00d6\u00f6 avab v\u00f5imaluse tutvuda kristlusega vabas ja vahetus vormis. Erinevad kirikud pakuvad erinevaid v\u00f5imalusi, kuidas samm-sammult l\u00e4heneda kristlusele, kirikule, usule. Iga\u00fcks saab ise otustada, millisel m\u00e4\u00e4ral ta soovib l\u00e4heneda; kedagi ei kohustata valmis olema millekski siduvaks. KohtumispaikKirikute \u00d6\u00f6 loob paiga kohtumisteks.Kirikute \u00d6\u00f6l on k\u00fclalistel v\u00f5imalus kohtuda kristlusega l\u00e4bi vestluste, muusika, kunsti, m\u00e4lestuste, [&hellip;]<\/p>\n","protected":false},"author":1,"featured_media":0,"parent":0,"menu_order":0,"comment_status":"closed","ping_status":"closed","template":"","meta":{"footnotes":""},"wf_page_folders":[24],"class_list":["post-66","page","type-page","status-publish","hentry","entry"],"_links":{"self":[{"href":"https:\/\/kirikute\u00f6\u00f6.ee\/index.php?rest_route=\/wp\/v2\/pages\/66","targetHints":{"allow":["GET"]}}],"collection":[{"href":"https:\/\/kirikute\u00f6\u00f6.ee\/index.php?rest_route=\/wp\/v2\/pages"}],"about":[{"href":"https:\/\/kirikute\u00f6\u00f6.ee\/index.php?rest_route=\/wp\/v2\/types\/page"}],"author":[{"embeddable":true,"href":"https:\/\/kirikute\u00f6\u00f6.ee\/index.php?rest_route=\/wp\/v2\/users\/1"}],"replies":[{"embeddable":true,"href":"https:\/\/kirikute\u00f6\u00f6.ee\/index.php?rest_route=%2Fwp%2Fv2%2Fcomments&post=66"}],"version-history":[{"count":11,"href":"https:\/\/kirikute\u00f6\u00f6.ee\/index.php?rest_route=\/wp\/v2\/pages\/66\/revisions"}],"predecessor-version":[{"id":4053,"href":"https:\/\/kirikute\u00f6\u00f6.ee\/index.php?rest_route=\/wp\/v2\/pages\/66\/revisions\/4053"}],"wp:attachment":[{"href":"https:\/\/kirikute\u00f6\u00f6.ee\/index.php?rest_route=%2Fwp%2Fv2%2Fmedia&parent=66"}],"wp:term":[{"taxonomy":"wf_page_folders","embeddable":true,"href":"https:\/\/kirikute\u00f6\u00f6.ee\/index.php?rest_route=%2Fwp%2Fv2%2Fwf_page_folders&post=66"}],"curies":[{"name":"wp","href":"https:\/\/api.w.org\/{rel}","templated":true}]}}