{"id":675,"date":"2019-05-12T17:56:20","date_gmt":"2019-05-12T14:56:20","guid":{"rendered":"https:\/\/kirikute\u00f6\u00f6.ee\/?page_id=675"},"modified":"2025-05-23T10:13:47","modified_gmt":"2025-05-23T07:13:47","slug":"valka-lugazhi","status":"publish","type":"page","link":"https:\/\/kirikute\u00f6\u00f6.ee\/?page_id=675","title":{"rendered":"valka-lugazhi"},"content":{"rendered":"\t\t<div data-elementor-type=\"wp-post\" data-elementor-id=\"675\" class=\"elementor elementor-675\" data-elementor-settings=\"[]\">\n\t\t\t\t\t\t<div class=\"elementor-inner\">\n\t\t\t\t\t\t\t<div class=\"elementor-section-wrap\">\n\t\t\t\t\t\t\t<section class=\"elementor-section elementor-top-section elementor-element elementor-element-1ac9604d elementor-section-boxed elementor-section-height-default elementor-section-height-default\" data-id=\"1ac9604d\" data-element_type=\"section\">\n\t\t\t\t\t\t<div class=\"elementor-container elementor-column-gap-default\">\n\t\t\t\t\t\t\t<div class=\"elementor-row\">\n\t\t\t\t\t<div class=\"elementor-column elementor-col-100 elementor-top-column elementor-element elementor-element-4352f231\" data-id=\"4352f231\" data-element_type=\"column\">\n\t\t\t<div class=\"elementor-column-wrap elementor-element-populated\">\n\t\t\t\t\t\t\t<div class=\"elementor-widget-wrap\">\n\t\t\t\t\t\t<div class=\"elementor-element elementor-element-4e03921e elementor-widget elementor-widget-heading\" data-id=\"4e03921e\" data-element_type=\"widget\" data-widget_type=\"heading.default\">\n\t\t\t\t<div class=\"elementor-widget-container\">\n\t\t\t<h2 class=\"elementor-heading-title elementor-size-large\">Valka Luga\u017ei kirik<\/h2>\t\t<\/div>\n\t\t\t\t<\/div>\n\t\t\t\t<section class=\"elementor-section elementor-inner-section elementor-element elementor-element-704b51e5 elementor-section-full_width elementor-section-content-top elementor-section-height-default elementor-section-height-default\" data-id=\"704b51e5\" data-element_type=\"section\">\n\t\t\t\t\t\t<div class=\"elementor-container elementor-column-gap-default\">\n\t\t\t\t\t\t\t<div class=\"elementor-row\">\n\t\t\t\t\t<div class=\"elementor-column elementor-col-100 elementor-inner-column elementor-element elementor-element-55e702f8\" data-id=\"55e702f8\" data-element_type=\"column\">\n\t\t\t<div class=\"elementor-column-wrap elementor-element-populated\">\n\t\t\t\t\t\t\t<div class=\"elementor-widget-wrap\">\n\t\t\t\t\t\t<div class=\"elementor-element elementor-element-4b4b33a4 elementor-widget elementor-widget-text-editor\" data-id=\"4b4b33a4\" data-element_type=\"widget\" data-widget_type=\"text-editor.default\">\n\t\t\t\t<div class=\"elementor-widget-container\">\n\t\t\t\t\t\t\t\t<div class=\"elementor-text-editor elementor-clearfix\">\n\t\t\t\t\t<ul><li><b>Avatud 18.00<strong>\u201322.00<\/strong>\u00a0<\/b><\/li><\/ul>\t\t\t\t\t<\/div>\n\t\t\t\t\t\t<\/div>\n\t\t\t\t<\/div>\n\t\t\t\t\t\t<\/div>\n\t\t\t\t\t<\/div>\n\t\t<\/div>\n\t\t\t\t\t\t\t\t<\/div>\n\t\t\t\t\t<\/div>\n\t\t<\/section>\n\t\t\t\t<section class=\"elementor-section elementor-inner-section elementor-element elementor-element-69ae11ad elementor-section-boxed elementor-section-height-default elementor-section-height-default\" data-id=\"69ae11ad\" data-element_type=\"section\">\n\t\t\t\t\t\t<div class=\"elementor-container elementor-column-gap-default\">\n\t\t\t\t\t\t\t<div class=\"elementor-row\">\n\t\t\t\t\t<div class=\"elementor-column elementor-col-50 elementor-inner-column elementor-element elementor-element-3557a35c\" data-id=\"3557a35c\" data-element_type=\"column\">\n\t\t\t<div class=\"elementor-column-wrap elementor-element-populated\">\n\t\t\t\t\t\t\t<div class=\"elementor-widget-wrap\">\n\t\t\t\t\t\t<div class=\"elementor-element elementor-element-1a237544 elementor-widget elementor-widget-image\" data-id=\"1a237544\" data-element_type=\"widget\" data-widget_type=\"image.default\">\n\t\t\t\t<div class=\"elementor-widget-container\">\n\t\t\t\t\t\t\t\t<div class=\"elementor-image\">\n\t\t\t\t\t\t\t\t\t\t\t\t<img loading=\"lazy\" decoding=\"async\" width=\"300\" height=\"300\" src=\"https:\/\/kirikute\u00f6\u00f6.ee\/wp-content\/uploads\/2019\/05\/valka_lugazi-300x300.jpg\" class=\"attachment-medium size-medium\" alt=\"\" srcset=\"https:\/\/kirikute\u00f6\u00f6.ee\/wp-content\/uploads\/2019\/05\/valka_lugazi-300x300.jpg 300w, https:\/\/kirikute\u00f6\u00f6.ee\/wp-content\/uploads\/2019\/05\/valka_lugazi-150x150.jpg 150w, https:\/\/kirikute\u00f6\u00f6.ee\/wp-content\/uploads\/2019\/05\/valka_lugazi.jpg 400w\" sizes=\"auto, (max-width: 300px) 100vw, 300px\" \/>\t\t\t\t\t\t\t\t\t\t\t\t\t\t<\/div>\n\t\t\t\t\t\t<\/div>\n\t\t\t\t<\/div>\n\t\t\t\t\t\t<\/div>\n\t\t\t\t\t<\/div>\n\t\t<\/div>\n\t\t\t\t<div class=\"elementor-column elementor-col-50 elementor-inner-column elementor-element elementor-element-26bbf183\" data-id=\"26bbf183\" data-element_type=\"column\">\n\t\t\t<div class=\"elementor-column-wrap elementor-element-populated\">\n\t\t\t\t\t\t\t<div class=\"elementor-widget-wrap\">\n\t\t\t\t\t\t<div class=\"elementor-element elementor-element-7850fa57 elementor-widget elementor-widget-text-editor\" data-id=\"7850fa57\" data-element_type=\"widget\" data-widget_type=\"text-editor.default\">\n\t\t\t\t<div class=\"elementor-widget-container\">\n\t\t\t\t\t\t\t\t<div class=\"elementor-text-editor elementor-clearfix\">\n\t\t\t\t\t<p>Esimest korda mainitakse kirikut dokumentides 1477. aastal, kui kirik kandis P\u00fcha Katarina nime. Stiililt on kirik basiilika-t\u00fc\u00fcpi, \u00fclalt vaadates meenutab pikemaks venitatud ristk\u00fclikut. Kiriku v\u00e4limuses on \u00e4ratuntavad mitme stiili tunnuseid, n\u00e4iteks kiriku esiosas on n\u00e4ha klassitsismi ja barokki.<\/p><p>Luga\u017eu bazn\u012bca celta 1477. gad\u0101. Ilgi bazn\u012bcas patrons bijis Luga\u017eu mui\u017eas barons K\u0101rlis Johans fon Vrangels.<br \/>1702. gad\u0101, Zieme\u013cu kara laik\u0101, 20. j\u016blij\u0101 bazn\u012bca tiek nopost\u012bta.<br \/>1729. gad\u0101 barons to atjauno, ta\u010du bazn\u012bca dr\u012bz vien atkal tiek sagrauta.<br \/>Barona d\u0113ls, ar\u012b K\u0101rlis Johans, uz vecajiem pamatiem uzce\u013c jaunu m\u00fcra bazn\u012bcu no 1752. g. l\u012bdz 1755. gadam.<br \/>1907. g. 7 .febru\u0101r\u012b bazn\u012bca izdeg. To atjauno barona Vrange\u013ca m\u0101sa. 1910 .g. 2. maij\u0101 atjaunot\u0101 bazn\u012bca tiek iesv\u0113t\u012bta.<br \/>Draudze dibin\u0101ta 1477. gad\u0101. T\u0101 nekad nav p\u0101rtraukusi savu darb\u012bbu.<br \/>Pirmrakstos t\u0101 d\u0113v\u0113ta par Valkas-Luga\u017eu (igauniski Lutke) draudzi.<\/p>\t\t\t\t\t<\/div>\n\t\t\t\t\t\t<\/div>\n\t\t\t\t<\/div>\n\t\t\t\t\t\t<\/div>\n\t\t\t\t\t<\/div>\n\t\t<\/div>\n\t\t\t\t\t\t\t\t<\/div>\n\t\t\t\t\t<\/div>\n\t\t<\/section>\n\t\t\t\t<section class=\"elementor-section elementor-inner-section elementor-element elementor-element-5af90f8b elementor-section-boxed elementor-section-height-default elementor-section-height-default\" data-id=\"5af90f8b\" data-element_type=\"section\">\n\t\t\t\t\t\t<div class=\"elementor-container elementor-column-gap-default\">\n\t\t\t\t\t\t\t<div class=\"elementor-row\">\n\t\t\t\t\t<div class=\"elementor-column elementor-col-50 elementor-inner-column elementor-element elementor-element-324fe2cc\" data-id=\"324fe2cc\" data-element_type=\"column\">\n\t\t\t<div class=\"elementor-column-wrap elementor-element-populated\">\n\t\t\t\t\t\t\t<div class=\"elementor-widget-wrap\">\n\t\t\t\t\t\t<div class=\"elementor-element elementor-element-4ee78cf2 elementor-widget elementor-widget-google_maps\" data-id=\"4ee78cf2\" data-element_type=\"widget\" data-widget_type=\"google_maps.default\">\n\t\t\t\t<div class=\"elementor-widget-container\">\n\t\t\t<div class=\"elementor-custom-embed\"><iframe frameborder=\"0\" scrolling=\"no\" marginheight=\"0\" marginwidth=\"0\" src=\"https:\/\/maps.google.com\/maps?q=Luga%C5%BEu%20bazn%C4%ABc&amp;t=m&amp;z=13&amp;output=embed&amp;iwloc=near\" title=\"Luga\u017eu bazn\u012bc\" aria-label=\"Luga\u017eu bazn\u012bc\"><\/iframe><\/div>\t\t<\/div>\n\t\t\t\t<\/div>\n\t\t\t\t\t\t<\/div>\n\t\t\t\t\t<\/div>\n\t\t<\/div>\n\t\t\t\t<div class=\"elementor-column elementor-col-50 elementor-inner-column elementor-element elementor-element-38ab617b\" data-id=\"38ab617b\" data-element_type=\"column\">\n\t\t\t<div class=\"elementor-column-wrap elementor-element-populated\">\n\t\t\t\t\t\t\t<div class=\"elementor-widget-wrap\">\n\t\t\t\t\t\t<div class=\"elementor-element elementor-element-6f8b8825 elementor-widget elementor-widget-text-editor\" data-id=\"6f8b8825\" data-element_type=\"widget\" data-widget_type=\"text-editor.default\">\n\t\t\t\t<div class=\"elementor-widget-container\">\n\t\t\t\t\t\t\t\t<div class=\"elementor-text-editor elementor-clearfix\">\n\t\t\t\t\t<p><strong>Aadress: Rigas iela 14, Valka<\/strong><\/p><p><a href=\"http:\/\/www.valkas.lelb.lv\/\"><span style=\"color: #b50048;\"><strong>http:\/\/www.valkas.lelb.lv\/<\/strong><\/span><\/a><\/p>\t\t\t\t\t<\/div>\n\t\t\t\t\t\t<\/div>\n\t\t\t\t<\/div>\n\t\t\t\t\t\t<\/div>\n\t\t\t\t\t<\/div>\n\t\t<\/div>\n\t\t\t\t\t\t\t\t<\/div>\n\t\t\t\t\t<\/div>\n\t\t<\/section>\n\t\t\t\t\t\t<\/div>\n\t\t\t\t\t<\/div>\n\t\t<\/div>\n\t\t\t\t\t\t\t\t<\/div>\n\t\t\t\t\t<\/div>\n\t\t<\/section>\n\t\t\t\t\t\t<\/div>\n\t\t\t\t\t\t<\/div>\n\t\t\t\t\t<\/div>\n\t\t","protected":false},"excerpt":{"rendered":"<p>Valka Luga\u017ei kirik Avatud 18.00\u201322.00\u00a0 Esimest korda mainitakse kirikut dokumentides 1477. aastal, kui kirik kandis P\u00fcha Katarina nime. Stiililt on kirik basiilika-t\u00fc\u00fcpi, \u00fclalt vaadates meenutab pikemaks venitatud ristk\u00fclikut. Kiriku v\u00e4limuses on \u00e4ratuntavad mitme stiili tunnuseid, n\u00e4iteks kiriku esiosas on n\u00e4ha klassitsismi ja barokki. Luga\u017eu bazn\u012bca celta 1477. gad\u0101. Ilgi bazn\u012bcas patrons bijis Luga\u017eu mui\u017eas barons [&hellip;]<\/p>\n","protected":false},"author":1,"featured_media":0,"parent":0,"menu_order":0,"comment_status":"closed","ping_status":"closed","template":"","meta":{"footnotes":""},"wf_page_folders":[19],"class_list":["post-675","page","type-page","status-publish","hentry","entry"],"_links":{"self":[{"href":"https:\/\/kirikute\u00f6\u00f6.ee\/index.php?rest_route=\/wp\/v2\/pages\/675","targetHints":{"allow":["GET"]}}],"collection":[{"href":"https:\/\/kirikute\u00f6\u00f6.ee\/index.php?rest_route=\/wp\/v2\/pages"}],"about":[{"href":"https:\/\/kirikute\u00f6\u00f6.ee\/index.php?rest_route=\/wp\/v2\/types\/page"}],"author":[{"embeddable":true,"href":"https:\/\/kirikute\u00f6\u00f6.ee\/index.php?rest_route=\/wp\/v2\/users\/1"}],"replies":[{"embeddable":true,"href":"https:\/\/kirikute\u00f6\u00f6.ee\/index.php?rest_route=%2Fwp%2Fv2%2Fcomments&post=675"}],"version-history":[{"count":25,"href":"https:\/\/kirikute\u00f6\u00f6.ee\/index.php?rest_route=\/wp\/v2\/pages\/675\/revisions"}],"predecessor-version":[{"id":4667,"href":"https:\/\/kirikute\u00f6\u00f6.ee\/index.php?rest_route=\/wp\/v2\/pages\/675\/revisions\/4667"}],"wp:attachment":[{"href":"https:\/\/kirikute\u00f6\u00f6.ee\/index.php?rest_route=%2Fwp%2Fv2%2Fmedia&parent=675"}],"wp:term":[{"taxonomy":"wf_page_folders","embeddable":true,"href":"https:\/\/kirikute\u00f6\u00f6.ee\/index.php?rest_route=%2Fwp%2Fv2%2Fwf_page_folders&post=675"}],"curies":[{"name":"wp","href":"https:\/\/api.w.org\/{rel}","templated":true}]}}