{"id":735,"date":"2019-05-14T18:18:31","date_gmt":"2019-05-14T15:18:31","guid":{"rendered":"https:\/\/kirikute\u00f6\u00f6.ee\/?page_id=735"},"modified":"2025-05-23T12:49:06","modified_gmt":"2025-05-23T09:49:06","slug":"kasmu","status":"publish","type":"page","link":"https:\/\/kirikute\u00f6\u00f6.ee\/?page_id=735","title":{"rendered":"kasmu"},"content":{"rendered":"\t\t<div data-elementor-type=\"wp-post\" data-elementor-id=\"735\" class=\"elementor elementor-735\" data-elementor-settings=\"[]\">\n\t\t\t\t\t\t<div class=\"elementor-inner\">\n\t\t\t\t\t\t\t<div class=\"elementor-section-wrap\">\n\t\t\t\t\t\t\t<section class=\"elementor-section elementor-top-section elementor-element elementor-element-6c4633ce elementor-section-boxed elementor-section-height-default elementor-section-height-default\" data-id=\"6c4633ce\" data-element_type=\"section\">\n\t\t\t\t\t\t<div class=\"elementor-container elementor-column-gap-default\">\n\t\t\t\t\t\t\t<div class=\"elementor-row\">\n\t\t\t\t\t<div class=\"elementor-column elementor-col-100 elementor-top-column elementor-element elementor-element-2ed04f81\" data-id=\"2ed04f81\" data-element_type=\"column\">\n\t\t\t<div class=\"elementor-column-wrap elementor-element-populated\">\n\t\t\t\t\t\t\t<div class=\"elementor-widget-wrap\">\n\t\t\t\t\t\t<div class=\"elementor-element elementor-element-7cb111df elementor-widget elementor-widget-heading\" data-id=\"7cb111df\" data-element_type=\"widget\" data-widget_type=\"heading.default\">\n\t\t\t\t<div class=\"elementor-widget-container\">\n\t\t\t<h2 class=\"elementor-heading-title elementor-size-large\">K\u00e4smu kirik<\/h2>\t\t<\/div>\n\t\t\t\t<\/div>\n\t\t\t\t<section class=\"elementor-section elementor-inner-section elementor-element elementor-element-35293c4a elementor-section-full_width elementor-section-content-top elementor-section-height-default elementor-section-height-default\" data-id=\"35293c4a\" data-element_type=\"section\">\n\t\t\t\t\t\t<div class=\"elementor-container elementor-column-gap-default\">\n\t\t\t\t\t\t\t<div class=\"elementor-row\">\n\t\t\t\t\t<div class=\"elementor-column elementor-col-100 elementor-inner-column elementor-element elementor-element-3b158bfd\" data-id=\"3b158bfd\" data-element_type=\"column\">\n\t\t\t<div class=\"elementor-column-wrap elementor-element-populated\">\n\t\t\t\t\t\t\t<div class=\"elementor-widget-wrap\">\n\t\t\t\t\t\t<div class=\"elementor-element elementor-element-a4febc1 elementor-widget elementor-widget-text-editor\" data-id=\"a4febc1\" data-element_type=\"widget\" data-widget_type=\"text-editor.default\">\n\t\t\t\t<div class=\"elementor-widget-container\">\n\t\t\t\t\t\t\t\t<div class=\"elementor-text-editor elementor-clearfix\">\n\t\t\t\t\t<ul><li><div><strong>kell 18 tutvustame festivali &#8220;Lootuse aeg&#8221; <\/strong><\/div><\/li><li><div><strong>kell 20 palvus Taiz\u00e9 lauludega<\/strong><\/div><b>\u00a0<\/b><\/li><\/ul>\t\t\t\t\t<\/div>\n\t\t\t\t\t\t<\/div>\n\t\t\t\t<\/div>\n\t\t\t\t\t\t<\/div>\n\t\t\t\t\t<\/div>\n\t\t<\/div>\n\t\t\t\t\t\t\t\t<\/div>\n\t\t\t\t\t<\/div>\n\t\t<\/section>\n\t\t\t\t<section class=\"elementor-section elementor-inner-section elementor-element elementor-element-2b3d16e1 elementor-section-boxed elementor-section-height-default elementor-section-height-default\" data-id=\"2b3d16e1\" data-element_type=\"section\">\n\t\t\t\t\t\t<div class=\"elementor-container elementor-column-gap-default\">\n\t\t\t\t\t\t\t<div class=\"elementor-row\">\n\t\t\t\t\t<div class=\"elementor-column elementor-col-50 elementor-inner-column elementor-element elementor-element-46f019da\" data-id=\"46f019da\" data-element_type=\"column\">\n\t\t\t<div class=\"elementor-column-wrap elementor-element-populated\">\n\t\t\t\t\t\t\t<div class=\"elementor-widget-wrap\">\n\t\t\t\t\t\t<div class=\"elementor-element elementor-element-58078939 elementor-widget elementor-widget-image\" data-id=\"58078939\" data-element_type=\"widget\" data-widget_type=\"image.default\">\n\t\t\t\t<div class=\"elementor-widget-container\">\n\t\t\t\t\t\t\t\t<div class=\"elementor-image\">\n\t\t\t\t\t\t\t\t\t\t\t\t<img loading=\"lazy\" decoding=\"async\" width=\"300\" height=\"300\" src=\"https:\/\/kirikute\u00f6\u00f6.ee\/wp-content\/uploads\/2019\/05\/kasmu-300x300.jpg\" class=\"attachment-medium size-medium\" alt=\"\" srcset=\"https:\/\/kirikute\u00f6\u00f6.ee\/wp-content\/uploads\/2019\/05\/kasmu-300x300.jpg 300w, https:\/\/kirikute\u00f6\u00f6.ee\/wp-content\/uploads\/2019\/05\/kasmu-150x150.jpg 150w, https:\/\/kirikute\u00f6\u00f6.ee\/wp-content\/uploads\/2019\/05\/kasmu.jpg 400w\" sizes=\"auto, (max-width: 300px) 100vw, 300px\" \/>\t\t\t\t\t\t\t\t\t\t\t\t\t\t<\/div>\n\t\t\t\t\t\t<\/div>\n\t\t\t\t<\/div>\n\t\t\t\t\t\t<\/div>\n\t\t\t\t\t<\/div>\n\t\t<\/div>\n\t\t\t\t<div class=\"elementor-column elementor-col-50 elementor-inner-column elementor-element elementor-element-508d3cf\" data-id=\"508d3cf\" data-element_type=\"column\">\n\t\t\t<div class=\"elementor-column-wrap elementor-element-populated\">\n\t\t\t\t\t\t\t<div class=\"elementor-widget-wrap\">\n\t\t\t\t\t\t<div class=\"elementor-element elementor-element-3cbacf90 elementor-widget elementor-widget-text-editor\" data-id=\"3cbacf90\" data-element_type=\"widget\" data-widget_type=\"text-editor.default\">\n\t\t\t\t<div class=\"elementor-widget-container\">\n\t\t\t\t\t\t\t\t<div class=\"elementor-text-editor elementor-clearfix\">\n\t\t\t\t\t<p>Haljala kogudusele kuulunud kabel seisis K\u00e4smus juba kaugetel aegadel.<br \/>Omaette on K\u00e4smu kogudus alates 1945 aastast. Praegune, p\u00f5hiliselt kohalike meremeeste ja talunike kulul ehitatud kirikuhoone on siin juba kolmas. Ehitamist alustati 1863, p\u00fchitsemine oli 1864 aasta suvel (t\u00e4pse kuup\u00e4eva kohta ei teata olevat andmeid, kuid kabeli 75.aastap\u00e4eva peeti 6 augustil).<br \/><span style=\"font-size: 14px;\">\u00d5blukese haritorniga palkhoone on arhailine, lihtne ja v\u00e4ike, ning v\u00f5ib arvata, et ta sarnaneb mingil m\u00e4\u00e4ral oma eelk\u00e4ijatega. Kirikuruumi katab suhteliselt madal talalagi. V\u00e4ga lihtne altarisein on klassitsistliku kujundusega, moodustades range raamistuse maalile \u201eKristus ristil\u201c (1893, maali autori nime ei ole teada, kuna kunstniku signatuur on vaid osaliselt loetav). Altarist p\u00f5hjapoole j\u00e4\u00e4v kantsel on lihtne tislerit\u00f6\u00f6, nii nagu pingidki (neis on kohti 130-le kirikulisele).<br \/><\/span><span style=\"font-size: 14px;\">Seevastu l\u00f5unapoolse pingirea ette seatud orel n\u00e4eb v\u00e4lja \u00fclitore ning omab p\u00f5nevat ajalugu. See muusikariist, mis K\u00e4smu v\u00f5is j\u00f5uda 1896 aastal, osteti Kadrina koguduselt ja Jaan Timoleon kohendas ta sobima siinsesse madalasse kirikuruumi. Orel on aga varemgi r\u00e4nnanud ja \u00fcmber ehitatud olnud. On selgunud, et XIX sajandi keskel Gustav Normanni poolt \u00fcmber ehitatud pilli valmistas Johann Andreas Stein 1813.aastal Tallinna Rootsi-Mihkli kirikule, j\u00e4ttes kasutusse pedaali tuulep\u00f5hja ja viled eelmiselt, v\u00f5ib olla Christoph Meinecke orelilt, mis h\u00fc\u00fcdis juba XVII sajandi keskpaiku Tallinna Nigulistes. Need oreliosad v\u00e4ikeses K\u00e4smu rannakirikus oleksid seega vanimad kogu Baltikumis.<\/span><\/p><p>Allikas:<em> Villu J\u00fcrjo ja Sirje Simson. Viru praostkonna kirikud. EELK Viru praostkond. Kristlik kirjastusselts Logos. 2003<\/em><\/p>\t\t\t\t\t<\/div>\n\t\t\t\t\t\t<\/div>\n\t\t\t\t<\/div>\n\t\t\t\t\t\t<\/div>\n\t\t\t\t\t<\/div>\n\t\t<\/div>\n\t\t\t\t\t\t\t\t<\/div>\n\t\t\t\t\t<\/div>\n\t\t<\/section>\n\t\t\t\t<section class=\"elementor-section elementor-inner-section elementor-element elementor-element-6eab30e8 elementor-section-boxed elementor-section-height-default elementor-section-height-default\" data-id=\"6eab30e8\" data-element_type=\"section\">\n\t\t\t\t\t\t<div class=\"elementor-container elementor-column-gap-default\">\n\t\t\t\t\t\t\t<div class=\"elementor-row\">\n\t\t\t\t\t<div class=\"elementor-column elementor-col-50 elementor-inner-column elementor-element elementor-element-775c806a\" data-id=\"775c806a\" data-element_type=\"column\">\n\t\t\t<div class=\"elementor-column-wrap elementor-element-populated\">\n\t\t\t\t\t\t\t<div class=\"elementor-widget-wrap\">\n\t\t\t\t\t\t<div class=\"elementor-element elementor-element-7dd062d7 elementor-widget elementor-widget-google_maps\" data-id=\"7dd062d7\" data-element_type=\"widget\" data-widget_type=\"google_maps.default\">\n\t\t\t\t<div class=\"elementor-widget-container\">\n\t\t\t<div class=\"elementor-custom-embed\"><iframe frameborder=\"0\" scrolling=\"no\" marginheight=\"0\" marginwidth=\"0\" src=\"https:\/\/maps.google.com\/maps?q=K%C3%A4smu%20kirik&amp;t=m&amp;z=13&amp;output=embed&amp;iwloc=near\" title=\"K\u00e4smu kirik\" aria-label=\"K\u00e4smu kirik\"><\/iframe><\/div>\t\t<\/div>\n\t\t\t\t<\/div>\n\t\t\t\t\t\t<\/div>\n\t\t\t\t\t<\/div>\n\t\t<\/div>\n\t\t\t\t<div class=\"elementor-column elementor-col-50 elementor-inner-column elementor-element elementor-element-4365d2ae\" data-id=\"4365d2ae\" data-element_type=\"column\">\n\t\t\t<div class=\"elementor-column-wrap elementor-element-populated\">\n\t\t\t\t\t\t\t<div class=\"elementor-widget-wrap\">\n\t\t\t\t\t\t<div class=\"elementor-element elementor-element-16b22403 elementor-widget elementor-widget-text-editor\" data-id=\"16b22403\" data-element_type=\"widget\" data-widget_type=\"text-editor.default\">\n\t\t\t\t<div class=\"elementor-widget-container\">\n\t\t\t\t\t\t\t\t<div class=\"elementor-text-editor elementor-clearfix\">\n\t\t\t\t\t<p><a href=\"https:\/\/www.facebook.com\/eelkkasmu\"><strong><span style=\"color: #b50048;\">Facebook \u00bb\u00bb<\/span><\/strong><\/a><\/p><p><a href=\"https:\/\/kasmu.eelk.ee\/\"><span style=\"color: #b50048;\"><strong>Koduleht <\/strong><\/span><\/a><a href=\"http:\/\/kasmu.eu\/?page_id=160\"><span style=\"color: #b50048;\"><strong>\u00bb\u00bb<\/strong><\/span><\/a><\/p>\t\t\t\t\t<\/div>\n\t\t\t\t\t\t<\/div>\n\t\t\t\t<\/div>\n\t\t\t\t\t\t<\/div>\n\t\t\t\t\t<\/div>\n\t\t<\/div>\n\t\t\t\t\t\t\t\t<\/div>\n\t\t\t\t\t<\/div>\n\t\t<\/section>\n\t\t\t\t\t\t<\/div>\n\t\t\t\t\t<\/div>\n\t\t<\/div>\n\t\t\t\t\t\t\t\t<\/div>\n\t\t\t\t\t<\/div>\n\t\t<\/section>\n\t\t\t\t\t\t<\/div>\n\t\t\t\t\t\t<\/div>\n\t\t\t\t\t<\/div>\n\t\t","protected":false},"excerpt":{"rendered":"<p>K\u00e4smu kirik kell 18 tutvustame festivali &#8220;Lootuse aeg&#8221; kell 20 palvus Taiz\u00e9 lauludega\u00a0 Haljala kogudusele kuulunud kabel seisis K\u00e4smus juba kaugetel aegadel.Omaette on K\u00e4smu kogudus alates 1945 aastast. Praegune, p\u00f5hiliselt kohalike meremeeste ja talunike kulul ehitatud kirikuhoone on siin juba kolmas. Ehitamist alustati 1863, p\u00fchitsemine oli 1864 aasta suvel (t\u00e4pse kuup\u00e4eva kohta ei teata olevat [&hellip;]<\/p>\n","protected":false},"author":1,"featured_media":0,"parent":0,"menu_order":0,"comment_status":"closed","ping_status":"closed","template":"","meta":{"footnotes":""},"wf_page_folders":[22],"class_list":["post-735","page","type-page","status-publish","hentry","entry"],"_links":{"self":[{"href":"https:\/\/kirikute\u00f6\u00f6.ee\/index.php?rest_route=\/wp\/v2\/pages\/735","targetHints":{"allow":["GET"]}}],"collection":[{"href":"https:\/\/kirikute\u00f6\u00f6.ee\/index.php?rest_route=\/wp\/v2\/pages"}],"about":[{"href":"https:\/\/kirikute\u00f6\u00f6.ee\/index.php?rest_route=\/wp\/v2\/types\/page"}],"author":[{"embeddable":true,"href":"https:\/\/kirikute\u00f6\u00f6.ee\/index.php?rest_route=\/wp\/v2\/users\/1"}],"replies":[{"embeddable":true,"href":"https:\/\/kirikute\u00f6\u00f6.ee\/index.php?rest_route=%2Fwp%2Fv2%2Fcomments&post=735"}],"version-history":[{"count":25,"href":"https:\/\/kirikute\u00f6\u00f6.ee\/index.php?rest_route=\/wp\/v2\/pages\/735\/revisions"}],"predecessor-version":[{"id":4712,"href":"https:\/\/kirikute\u00f6\u00f6.ee\/index.php?rest_route=\/wp\/v2\/pages\/735\/revisions\/4712"}],"wp:attachment":[{"href":"https:\/\/kirikute\u00f6\u00f6.ee\/index.php?rest_route=%2Fwp%2Fv2%2Fmedia&parent=735"}],"wp:term":[{"taxonomy":"wf_page_folders","embeddable":true,"href":"https:\/\/kirikute\u00f6\u00f6.ee\/index.php?rest_route=%2Fwp%2Fv2%2Fwf_page_folders&post=735"}],"curies":[{"name":"wp","href":"https:\/\/api.w.org\/{rel}","templated":true}]}}