{"id":784,"date":"2019-05-14T20:04:57","date_gmt":"2019-05-14T17:04:57","guid":{"rendered":"https:\/\/kirikute\u00f6\u00f6.ee\/?page_id=784"},"modified":"2025-05-27T13:46:18","modified_gmt":"2025-05-27T10:46:18","slug":"tartu-advent","status":"publish","type":"page","link":"https:\/\/kirikute\u00f6\u00f6.ee\/?page_id=784","title":{"rendered":"tartu-advent"},"content":{"rendered":"\t\t<div data-elementor-type=\"wp-post\" data-elementor-id=\"784\" class=\"elementor elementor-784\" data-elementor-settings=\"[]\">\n\t\t\t\t\t\t<div class=\"elementor-inner\">\n\t\t\t\t\t\t\t<div class=\"elementor-section-wrap\">\n\t\t\t\t\t\t\t<section class=\"elementor-section elementor-top-section elementor-element elementor-element-2bc8fcb7 elementor-section-boxed elementor-section-height-default elementor-section-height-default\" data-id=\"2bc8fcb7\" data-element_type=\"section\">\n\t\t\t\t\t\t<div class=\"elementor-container elementor-column-gap-default\">\n\t\t\t\t\t\t\t<div class=\"elementor-row\">\n\t\t\t\t\t<div class=\"elementor-column elementor-col-100 elementor-top-column elementor-element elementor-element-2c2cc369\" data-id=\"2c2cc369\" data-element_type=\"column\">\n\t\t\t<div class=\"elementor-column-wrap elementor-element-populated\">\n\t\t\t\t\t\t\t<div class=\"elementor-widget-wrap\">\n\t\t\t\t\t\t<div class=\"elementor-element elementor-element-3976f5ee elementor-widget elementor-widget-heading\" data-id=\"3976f5ee\" data-element_type=\"widget\" data-widget_type=\"heading.default\">\n\t\t\t\t<div class=\"elementor-widget-container\">\n\t\t\t<h2 class=\"elementor-heading-title elementor-size-large\">Tartu Adventkogudus<\/h2>\t\t<\/div>\n\t\t\t\t<\/div>\n\t\t\t\t<section class=\"elementor-section elementor-inner-section elementor-element elementor-element-753895df elementor-section-full_width elementor-section-content-top elementor-section-height-default elementor-section-height-default\" data-id=\"753895df\" data-element_type=\"section\">\n\t\t\t\t\t\t<div class=\"elementor-container elementor-column-gap-default\">\n\t\t\t\t\t\t\t<div class=\"elementor-row\">\n\t\t\t\t\t<div class=\"elementor-column elementor-col-100 elementor-inner-column elementor-element elementor-element-6b86ae12\" data-id=\"6b86ae12\" data-element_type=\"column\">\n\t\t\t<div class=\"elementor-column-wrap elementor-element-populated\">\n\t\t\t\t\t\t\t<div class=\"elementor-widget-wrap\">\n\t\t\t\t\t\t<div class=\"elementor-element elementor-element-28176e8d elementor-widget elementor-widget-text-editor\" data-id=\"28176e8d\" data-element_type=\"widget\" data-widget_type=\"text-editor.default\">\n\t\t\t\t<div class=\"elementor-widget-container\">\n\t\t\t\t\t\t\t\t<div class=\"elementor-text-editor elementor-clearfix\">\n\t\t\t\t\t<p dir=\"ltr\"><strong>Ootame k\u00fclastajaid alates kella 18.00-24.00<\/strong><\/p><ul><li dir=\"ltr\"><strong>Esimesel korrusel on v\u00f5imalus pisut keha kinnitada ning kohalike ja pastor Andres Ploompuuga juttu ajada, oma k\u00fcsimustele vastuseid saada, v\u00f5i uudistada meie kirjanduslauda.<\/strong><\/li><li dir=\"ltr\"><strong> Suures saalis saab lugeda kinnituss\u00f5nu lootusest, l\u00e4bi \u00f5htu k\u00f5lavad ka muusikalised vahepalad Matthew Lombarti, Joosep ja s\u00f5brad ning Madli Vahtram\u00e4e esituses. Olete v\u00e4ga oodatud!\u00a0<\/strong><b><\/b><\/li><\/ul>\t\t\t\t\t<\/div>\n\t\t\t\t\t\t<\/div>\n\t\t\t\t<\/div>\n\t\t\t\t\t\t<\/div>\n\t\t\t\t\t<\/div>\n\t\t<\/div>\n\t\t\t\t\t\t\t\t<\/div>\n\t\t\t\t\t<\/div>\n\t\t<\/section>\n\t\t\t\t<section class=\"elementor-section elementor-inner-section elementor-element elementor-element-7adea825 elementor-section-boxed elementor-section-height-default elementor-section-height-default\" data-id=\"7adea825\" data-element_type=\"section\">\n\t\t\t\t\t\t<div class=\"elementor-container elementor-column-gap-default\">\n\t\t\t\t\t\t\t<div class=\"elementor-row\">\n\t\t\t\t\t<div class=\"elementor-column elementor-col-50 elementor-inner-column elementor-element elementor-element-695fbc2\" data-id=\"695fbc2\" data-element_type=\"column\">\n\t\t\t<div class=\"elementor-column-wrap elementor-element-populated\">\n\t\t\t\t\t\t\t<div class=\"elementor-widget-wrap\">\n\t\t\t\t\t\t<div class=\"elementor-element elementor-element-129bf6e elementor-widget elementor-widget-image\" data-id=\"129bf6e\" data-element_type=\"widget\" data-widget_type=\"image.default\">\n\t\t\t\t<div class=\"elementor-widget-container\">\n\t\t\t\t\t\t\t\t<div class=\"elementor-image\">\n\t\t\t\t\t\t\t\t\t\t\t\t<img loading=\"lazy\" decoding=\"async\" width=\"300\" height=\"300\" src=\"https:\/\/kirikute\u00f6\u00f6.ee\/wp-content\/uploads\/2019\/04\/tartuadvent400-300x300.jpg\" class=\"attachment-medium size-medium\" alt=\"\" srcset=\"https:\/\/kirikute\u00f6\u00f6.ee\/wp-content\/uploads\/2019\/04\/tartuadvent400-300x300.jpg 300w, https:\/\/kirikute\u00f6\u00f6.ee\/wp-content\/uploads\/2019\/04\/tartuadvent400-150x150.jpg 150w, https:\/\/kirikute\u00f6\u00f6.ee\/wp-content\/uploads\/2019\/04\/tartuadvent400.jpg 400w\" sizes=\"auto, (max-width: 300px) 100vw, 300px\" \/>\t\t\t\t\t\t\t\t\t\t\t\t\t\t<\/div>\n\t\t\t\t\t\t<\/div>\n\t\t\t\t<\/div>\n\t\t\t\t\t\t<\/div>\n\t\t\t\t\t<\/div>\n\t\t<\/div>\n\t\t\t\t<div class=\"elementor-column elementor-col-50 elementor-inner-column elementor-element elementor-element-3c0f64d\" data-id=\"3c0f64d\" data-element_type=\"column\">\n\t\t\t<div class=\"elementor-column-wrap elementor-element-populated\">\n\t\t\t\t\t\t\t<div class=\"elementor-widget-wrap\">\n\t\t\t\t\t\t<div class=\"elementor-element elementor-element-3dbdab5d elementor-widget elementor-widget-text-editor\" data-id=\"3dbdab5d\" data-element_type=\"widget\" data-widget_type=\"text-editor.default\">\n\t\t\t\t<div class=\"elementor-widget-container\">\n\t\t\t\t\t\t\t\t<div class=\"elementor-text-editor elementor-clearfix\">\n\t\t\t\t\t<p dir=\"ltr\">Esimesed 8 liiget ristiti kogudusse 1904. aasta maikuus.\u00a0Koosk\u00e4imise ja evangeeliumi kuulutamise kohti on kogudusel olnud Tartu linnas \u00fcle k\u00fcmne. Tartu adventkoguduse kirikuhoone, Lille 18 valmis 1929. aastal.\u00a0Teise maailmas\u00f5ja ajal j\u00e4i kirik p\u00fcsima t\u00e4nu Jumala kaitsele. Lille t\u00e4nav tehti pommitamise k\u00e4igus maatasa, ainuke p\u00fcsimaj\u00e4\u00e4nud hoone oli adventkirik. T\u00e4nu peab \u00fctlema ka toonasele kogudusevanemale, kes ise majas elades aitas \u00e4ra hoida tulekahju.<\/p><p dir=\"ltr\">Peale n\u00f5ukogude v\u00f5imu l\u00f5ppu sai 1991. aastal kogudus oma Lille tn kirikuhoone tagasi. Teinud seal kapitaalremondi, asub kogudus 1993. aastast alates j\u00e4lle oma kirikus.<\/p><p dir=\"ltr\">Soovime kogudusena elada Jumala auks ja ligimese h\u00fcvanguks. Hindame Piiblit usu alusena ja P\u00fcha Vaimu juhtimist. Kogukonnana v\u00e4\u00e4rtustame p\u00fchendumist ja panustamise soovi, julgust ja avatust. Peame t\u00e4htsaks hoolida ligimesest ja arvestada tema erip\u00e4radega. Oleme kogu pere kogudus ja m\u00f5tleme sellele, et lapsed tunneksid ennast kirikus h\u00e4sti. Me edendame teadlikku tervisek\u00e4itumist.<\/p>\t\t\t\t\t<\/div>\n\t\t\t\t\t\t<\/div>\n\t\t\t\t<\/div>\n\t\t\t\t\t\t<\/div>\n\t\t\t\t\t<\/div>\n\t\t<\/div>\n\t\t\t\t\t\t\t\t<\/div>\n\t\t\t\t\t<\/div>\n\t\t<\/section>\n\t\t\t\t<section class=\"elementor-section elementor-inner-section elementor-element elementor-element-2651fd00 elementor-section-boxed elementor-section-height-default elementor-section-height-default\" data-id=\"2651fd00\" data-element_type=\"section\">\n\t\t\t\t\t\t<div class=\"elementor-container elementor-column-gap-default\">\n\t\t\t\t\t\t\t<div class=\"elementor-row\">\n\t\t\t\t\t<div class=\"elementor-column elementor-col-50 elementor-inner-column elementor-element elementor-element-7258c3a2\" data-id=\"7258c3a2\" data-element_type=\"column\">\n\t\t\t<div class=\"elementor-column-wrap elementor-element-populated\">\n\t\t\t\t\t\t\t<div class=\"elementor-widget-wrap\">\n\t\t\t\t\t\t<div class=\"elementor-element elementor-element-23ffbe83 elementor-widget elementor-widget-google_maps\" data-id=\"23ffbe83\" data-element_type=\"widget\" data-widget_type=\"google_maps.default\">\n\t\t\t\t<div class=\"elementor-widget-container\">\n\t\t\t<div class=\"elementor-custom-embed\"><iframe frameborder=\"0\" scrolling=\"no\" marginheight=\"0\" marginwidth=\"0\" src=\"https:\/\/maps.google.com\/maps?q=Tartu%20adventkirik&amp;t=m&amp;z=13&amp;output=embed&amp;iwloc=near\" title=\"Tartu adventkirik\" aria-label=\"Tartu adventkirik\"><\/iframe><\/div>\t\t<\/div>\n\t\t\t\t<\/div>\n\t\t\t\t\t\t<\/div>\n\t\t\t\t\t<\/div>\n\t\t<\/div>\n\t\t\t\t<div class=\"elementor-column elementor-col-50 elementor-inner-column elementor-element elementor-element-1337ac32\" data-id=\"1337ac32\" data-element_type=\"column\">\n\t\t\t<div class=\"elementor-column-wrap elementor-element-populated\">\n\t\t\t\t\t\t\t<div class=\"elementor-widget-wrap\">\n\t\t\t\t\t\t<div class=\"elementor-element elementor-element-3ed85f1c elementor-widget elementor-widget-text-editor\" data-id=\"3ed85f1c\" data-element_type=\"widget\" data-widget_type=\"text-editor.default\">\n\t\t\t\t<div class=\"elementor-widget-container\">\n\t\t\t\t\t\t\t\t<div class=\"elementor-text-editor elementor-clearfix\">\n\t\t\t\t\t<p><strong>Aadress: Lille 18 Tartu<\/strong><\/p><p><strong><span style=\"color: #b50048;\">Koduleht \u00bb\u00bb<a href=\"http:\/\/tartu.advent.ee\/\"> http:\/\/tartu.advent.ee\/<\/a><\/span><\/strong><\/p>\t\t\t\t\t<\/div>\n\t\t\t\t\t\t<\/div>\n\t\t\t\t<\/div>\n\t\t\t\t\t\t<\/div>\n\t\t\t\t\t<\/div>\n\t\t<\/div>\n\t\t\t\t\t\t\t\t<\/div>\n\t\t\t\t\t<\/div>\n\t\t<\/section>\n\t\t\t\t\t\t<\/div>\n\t\t\t\t\t<\/div>\n\t\t<\/div>\n\t\t\t\t\t\t\t\t<\/div>\n\t\t\t\t\t<\/div>\n\t\t<\/section>\n\t\t\t\t\t\t<\/div>\n\t\t\t\t\t\t<\/div>\n\t\t\t\t\t<\/div>\n\t\t","protected":false},"excerpt":{"rendered":"<p>Tartu Adventkogudus Ootame k\u00fclastajaid alates kella 18.00-24.00 Esimesel korrusel on v\u00f5imalus pisut keha kinnitada ning kohalike ja pastor Andres Ploompuuga juttu ajada, oma k\u00fcsimustele vastuseid saada, v\u00f5i uudistada meie kirjanduslauda. Suures saalis saab lugeda kinnituss\u00f5nu lootusest, l\u00e4bi \u00f5htu k\u00f5lavad ka muusikalised vahepalad Matthew Lombarti, Joosep ja s\u00f5brad ning Madli Vahtram\u00e4e esituses. Olete v\u00e4ga oodatud!\u00a0 Esimesed [&hellip;]<\/p>\n","protected":false},"author":1,"featured_media":0,"parent":0,"menu_order":0,"comment_status":"closed","ping_status":"closed","template":"","meta":{"footnotes":""},"wf_page_folders":[15],"class_list":["post-784","page","type-page","status-publish","hentry","entry"],"_links":{"self":[{"href":"https:\/\/kirikute\u00f6\u00f6.ee\/index.php?rest_route=\/wp\/v2\/pages\/784","targetHints":{"allow":["GET"]}}],"collection":[{"href":"https:\/\/kirikute\u00f6\u00f6.ee\/index.php?rest_route=\/wp\/v2\/pages"}],"about":[{"href":"https:\/\/kirikute\u00f6\u00f6.ee\/index.php?rest_route=\/wp\/v2\/types\/page"}],"author":[{"embeddable":true,"href":"https:\/\/kirikute\u00f6\u00f6.ee\/index.php?rest_route=\/wp\/v2\/users\/1"}],"replies":[{"embeddable":true,"href":"https:\/\/kirikute\u00f6\u00f6.ee\/index.php?rest_route=%2Fwp%2Fv2%2Fcomments&post=784"}],"version-history":[{"count":38,"href":"https:\/\/kirikute\u00f6\u00f6.ee\/index.php?rest_route=\/wp\/v2\/pages\/784\/revisions"}],"predecessor-version":[{"id":4859,"href":"https:\/\/kirikute\u00f6\u00f6.ee\/index.php?rest_route=\/wp\/v2\/pages\/784\/revisions\/4859"}],"wp:attachment":[{"href":"https:\/\/kirikute\u00f6\u00f6.ee\/index.php?rest_route=%2Fwp%2Fv2%2Fmedia&parent=784"}],"wp:term":[{"taxonomy":"wf_page_folders","embeddable":true,"href":"https:\/\/kirikute\u00f6\u00f6.ee\/index.php?rest_route=%2Fwp%2Fv2%2Fwf_page_folders&post=784"}],"curies":[{"name":"wp","href":"https:\/\/api.w.org\/{rel}","templated":true}]}}