{"id":850,"date":"2019-05-16T23:31:26","date_gmt":"2019-05-16T20:31:26","guid":{"rendered":"https:\/\/kirikute\u00f6\u00f6.ee\/?page_id=850"},"modified":"2025-05-27T14:12:57","modified_gmt":"2025-05-27T11:12:57","slug":"parnu-advent","status":"publish","type":"page","link":"https:\/\/kirikute\u00f6\u00f6.ee\/?page_id=850","title":{"rendered":"parnu-advent"},"content":{"rendered":"\t\t<div data-elementor-type=\"wp-post\" data-elementor-id=\"850\" class=\"elementor elementor-850\" data-elementor-settings=\"[]\">\n\t\t\t\t\t\t<div class=\"elementor-inner\">\n\t\t\t\t\t\t\t<div class=\"elementor-section-wrap\">\n\t\t\t\t\t\t\t<section class=\"elementor-section elementor-top-section elementor-element elementor-element-56eb1dca elementor-section-boxed elementor-section-height-default elementor-section-height-default\" data-id=\"56eb1dca\" data-element_type=\"section\">\n\t\t\t\t\t\t<div class=\"elementor-container elementor-column-gap-default\">\n\t\t\t\t\t\t\t<div class=\"elementor-row\">\n\t\t\t\t\t<div class=\"elementor-column elementor-col-100 elementor-top-column elementor-element elementor-element-8488d06\" data-id=\"8488d06\" data-element_type=\"column\">\n\t\t\t<div class=\"elementor-column-wrap elementor-element-populated\">\n\t\t\t\t\t\t\t<div class=\"elementor-widget-wrap\">\n\t\t\t\t\t\t<div class=\"elementor-element elementor-element-34725944 elementor-widget elementor-widget-heading\" data-id=\"34725944\" data-element_type=\"widget\" data-widget_type=\"heading.default\">\n\t\t\t\t<div class=\"elementor-widget-container\">\n\t\t\t<h2 class=\"elementor-heading-title elementor-size-large\">P\u00e4rnu Adventkogudus<\/h2>\t\t<\/div>\n\t\t\t\t<\/div>\n\t\t\t\t<section class=\"elementor-section elementor-inner-section elementor-element elementor-element-46765ba5 elementor-section-full_width elementor-section-content-top elementor-section-height-default elementor-section-height-default\" data-id=\"46765ba5\" data-element_type=\"section\">\n\t\t\t\t\t\t<div class=\"elementor-container elementor-column-gap-default\">\n\t\t\t\t\t\t\t<div class=\"elementor-row\">\n\t\t\t\t\t<div class=\"elementor-column elementor-col-100 elementor-inner-column elementor-element elementor-element-3f3af2f\" data-id=\"3f3af2f\" data-element_type=\"column\">\n\t\t\t<div class=\"elementor-column-wrap elementor-element-populated\">\n\t\t\t\t\t\t\t<div class=\"elementor-widget-wrap\">\n\t\t\t\t\t\t<div class=\"elementor-element elementor-element-5e4e701a elementor-widget elementor-widget-text-editor\" data-id=\"5e4e701a\" data-element_type=\"widget\" data-widget_type=\"text-editor.default\">\n\t\t\t\t<div class=\"elementor-widget-container\">\n\t\t\t\t\t\t\t\t<div class=\"elementor-text-editor elementor-clearfix\">\n\t\t\t\t\t<p><strong>Kiriku uksed on avatud k\u00f5igile huvilistele kell 18.00-21.00<\/strong><\/p><ul><li><strong>V\u00f5imalus vestluseks ja eestpalveks<\/strong><\/li><li><strong>V\u00f5imalus isiklikuks vaikseks palveajaks<\/strong><\/li><li><strong>Kirikut tutvustav ringk\u00e4ik<\/strong><\/li><li><strong>Raamatulett vaimuliku kirjandusega<\/strong><\/li><li><strong>Vaimulik muusika<\/strong><\/li><\/ul>\t\t\t\t\t<\/div>\n\t\t\t\t\t\t<\/div>\n\t\t\t\t<\/div>\n\t\t\t\t\t\t<\/div>\n\t\t\t\t\t<\/div>\n\t\t<\/div>\n\t\t\t\t\t\t\t\t<\/div>\n\t\t\t\t\t<\/div>\n\t\t<\/section>\n\t\t\t\t<section class=\"elementor-section elementor-inner-section elementor-element elementor-element-4e18b5fc elementor-section-boxed elementor-section-height-default elementor-section-height-default\" data-id=\"4e18b5fc\" data-element_type=\"section\">\n\t\t\t\t\t\t<div class=\"elementor-container elementor-column-gap-default\">\n\t\t\t\t\t\t\t<div class=\"elementor-row\">\n\t\t\t\t\t<div class=\"elementor-column elementor-col-50 elementor-inner-column elementor-element elementor-element-33937763\" data-id=\"33937763\" data-element_type=\"column\">\n\t\t\t<div class=\"elementor-column-wrap elementor-element-populated\">\n\t\t\t\t\t\t\t<div class=\"elementor-widget-wrap\">\n\t\t\t\t\t\t<div class=\"elementor-element elementor-element-5cd7b54c elementor-widget elementor-widget-image\" data-id=\"5cd7b54c\" data-element_type=\"widget\" data-widget_type=\"image.default\">\n\t\t\t\t<div class=\"elementor-widget-container\">\n\t\t\t\t\t\t\t\t<div class=\"elementor-image\">\n\t\t\t\t\t\t\t\t\t\t\t\t<img loading=\"lazy\" decoding=\"async\" width=\"300\" height=\"300\" src=\"https:\/\/kirikute\u00f6\u00f6.ee\/wp-content\/uploads\/2019\/05\/parnu-advent-300x300.jpg\" class=\"attachment-medium size-medium\" alt=\"\" srcset=\"https:\/\/kirikute\u00f6\u00f6.ee\/wp-content\/uploads\/2019\/05\/parnu-advent-300x300.jpg 300w, https:\/\/kirikute\u00f6\u00f6.ee\/wp-content\/uploads\/2019\/05\/parnu-advent-150x150.jpg 150w, https:\/\/kirikute\u00f6\u00f6.ee\/wp-content\/uploads\/2019\/05\/parnu-advent.jpg 400w\" sizes=\"auto, (max-width: 300px) 100vw, 300px\" \/>\t\t\t\t\t\t\t\t\t\t\t\t\t\t<\/div>\n\t\t\t\t\t\t<\/div>\n\t\t\t\t<\/div>\n\t\t\t\t\t\t<\/div>\n\t\t\t\t\t<\/div>\n\t\t<\/div>\n\t\t\t\t<div class=\"elementor-column elementor-col-50 elementor-inner-column elementor-element elementor-element-b019020\" data-id=\"b019020\" data-element_type=\"column\">\n\t\t\t<div class=\"elementor-column-wrap elementor-element-populated\">\n\t\t\t\t\t\t\t<div class=\"elementor-widget-wrap\">\n\t\t\t\t\t\t<div class=\"elementor-element elementor-element-5d617200 elementor-widget elementor-widget-text-editor\" data-id=\"5d617200\" data-element_type=\"widget\" data-widget_type=\"text-editor.default\">\n\t\t\t\t<div class=\"elementor-widget-container\">\n\t\t\t\t\t\t\t\t<div class=\"elementor-text-editor elementor-clearfix\">\n\t\t\t\t\t<p>P\u00e4rnu Adventkogudus s\u00fcndis ajavahemikus 1908-1910 &#8211; seega 20. sajandi algusaastatel, kui suurest \u00e4rkamisliikumisest Ameerika \u00dchendriikides oli m\u00f6\u00f6dunud rohkem kui 60 aastat. Eestisse j\u00f5udis kuulutus noore evangelisti Jaan Pahla kaudu, kes 1908. aastal alustas P\u00e4rnus t\u00f6\u00f6d evangelistina.<br \/>\u00a0<br \/>Paari aasta jooksul ristiti esimesed 16 inimest, kellest moodustati kogudus.\u00a0<br \/>\u00a0<br \/>Kaks aastat hiljem m\u00e4\u00e4rati P\u00e4rnusse t\u00f6\u00f6le vend Ludvig Hallang, kes oli ristitud Tallinnas 1903. aastal ja seej\u00e4rel k\u00e4inud Saksamaal Friedenshau misjonikoolis. Tema juhtimisel ehitati P\u00e4rnusse v\u00e4hem kui \u00fche aasta jooksul Karja t\u00e4nav 3 territooriumile majade kompleks. T\u00e4navapoolse maja \u00fcheks osaks sai suur saal &#8220;kasvuhoone&#8221; nime all &#8211; s\u00fcmboolne nimi koguduse ruumile, kus pidi noore koguduse liikmeskond kasvama.<br \/>\u00a0<br \/>K\u00fcmme aastat p\u00e4rast koguduse loomist oli P\u00e4rnus tugev, teotahteline, misjonimeelne kogudus. Misjonit\u00f6\u00f6 haardesse olid v\u00f5etud linnal\u00e4hedased piirkonnad nagu Sindi, Uulu, Audru, Kilksamaa, J\u00f5\u00f5pre, Kihlepa, Koonga jt.\u00a0<br \/>\u00a0<br \/>Jumal on \u00f5nnistanud ja hoidnud meie kogudust k\u00f5igil aegadel ning t\u00e4na k\u00e4ime koos selles samas &#8220;kasvuhoones,&#8221; mida n\u00fc\u00fcd, vabas Eestis, v\u00f5ime julgesti nimetada oma kirikuks. Muidugi on selle saali ilme mitmete \u00fcmberehituste ja remontide k\u00e4igus tunduvalt muutunud ning peale kogu v\u00f5\u00f5randatud vara tagasisaamist on kogudusel kasutada ka mitmed abiruumid.<\/p><p>T\u00e4na on P\u00e4rnu Adventkogudus kiiresti noorenev kogudus. Lisaks aktiivsetele noortele on koguduses ka palju noori peresid, kus kasvamas uus p\u00f5lvkond, kes h\u00e4\u00e4lekalt ja elavalt koguduses ennast n\u00e4htavaks ja kuuldavaks teevad. Selle \u00fcle oleme igati r\u00f5\u00f5msad ning kutsume k\u00f5iki julgesti meie uueneva koguduse uksest sisse astuma, et r\u00f5\u00f5mu tunda osadusest ja anda au meie Jumalale, keda meil on ees\u00f5igus tunda ja teenida<\/p>\t\t\t\t\t<\/div>\n\t\t\t\t\t\t<\/div>\n\t\t\t\t<\/div>\n\t\t\t\t\t\t<\/div>\n\t\t\t\t\t<\/div>\n\t\t<\/div>\n\t\t\t\t\t\t\t\t<\/div>\n\t\t\t\t\t<\/div>\n\t\t<\/section>\n\t\t\t\t<section class=\"elementor-section elementor-inner-section elementor-element elementor-element-74fdbd7 elementor-section-boxed elementor-section-height-default elementor-section-height-default\" data-id=\"74fdbd7\" data-element_type=\"section\">\n\t\t\t\t\t\t<div class=\"elementor-container elementor-column-gap-default\">\n\t\t\t\t\t\t\t<div class=\"elementor-row\">\n\t\t\t\t\t<div class=\"elementor-column elementor-col-50 elementor-inner-column elementor-element elementor-element-6688f0e\" data-id=\"6688f0e\" data-element_type=\"column\">\n\t\t\t<div class=\"elementor-column-wrap elementor-element-populated\">\n\t\t\t\t\t\t\t<div class=\"elementor-widget-wrap\">\n\t\t\t\t\t\t<div class=\"elementor-element elementor-element-71afbfad elementor-widget elementor-widget-google_maps\" data-id=\"71afbfad\" data-element_type=\"widget\" data-widget_type=\"google_maps.default\">\n\t\t\t\t<div class=\"elementor-widget-container\">\n\t\t\t<div class=\"elementor-custom-embed\"><iframe frameborder=\"0\" scrolling=\"no\" marginheight=\"0\" marginwidth=\"0\" src=\"https:\/\/maps.google.com\/maps?q=karja%203%20p%C3%A4rnu&amp;t=m&amp;z=13&amp;output=embed&amp;iwloc=near\" title=\"karja 3 p\u00e4rnu\" aria-label=\"karja 3 p\u00e4rnu\"><\/iframe><\/div>\t\t<\/div>\n\t\t\t\t<\/div>\n\t\t\t\t\t\t<\/div>\n\t\t\t\t\t<\/div>\n\t\t<\/div>\n\t\t\t\t<div class=\"elementor-column elementor-col-50 elementor-inner-column elementor-element elementor-element-32af9b0e\" data-id=\"32af9b0e\" data-element_type=\"column\">\n\t\t\t<div class=\"elementor-column-wrap elementor-element-populated\">\n\t\t\t\t\t\t\t<div class=\"elementor-widget-wrap\">\n\t\t\t\t\t\t<div class=\"elementor-element elementor-element-6243ce6e elementor-widget elementor-widget-text-editor\" data-id=\"6243ce6e\" data-element_type=\"widget\" data-widget_type=\"text-editor.default\">\n\t\t\t\t<div class=\"elementor-widget-container\">\n\t\t\t\t\t\t\t\t<div class=\"elementor-text-editor elementor-clearfix\">\n\t\t\t\t\t<p><strong>Aadress: Karja 3, P\u00e4rnu<\/strong><\/p><p><a href=\"http:\/\/parnu.advent.ee\"><strong><span style=\"color: #b50048;\">http:\/\/parnu.advent.ee<\/span><\/strong><\/a><\/p>\t\t\t\t\t<\/div>\n\t\t\t\t\t\t<\/div>\n\t\t\t\t<\/div>\n\t\t\t\t\t\t<\/div>\n\t\t\t\t\t<\/div>\n\t\t<\/div>\n\t\t\t\t\t\t\t\t<\/div>\n\t\t\t\t\t<\/div>\n\t\t<\/section>\n\t\t\t\t\t\t<\/div>\n\t\t\t\t\t<\/div>\n\t\t<\/div>\n\t\t\t\t\t\t\t\t<\/div>\n\t\t\t\t\t<\/div>\n\t\t<\/section>\n\t\t\t\t\t\t<\/div>\n\t\t\t\t\t\t<\/div>\n\t\t\t\t\t<\/div>\n\t\t","protected":false},"excerpt":{"rendered":"<p>P\u00e4rnu Adventkogudus Kiriku uksed on avatud k\u00f5igile huvilistele kell 18.00-21.00 V\u00f5imalus vestluseks ja eestpalveks V\u00f5imalus isiklikuks vaikseks palveajaks Kirikut tutvustav ringk\u00e4ik Raamatulett vaimuliku kirjandusega Vaimulik muusika P\u00e4rnu Adventkogudus s\u00fcndis ajavahemikus 1908-1910 &#8211; seega 20. sajandi algusaastatel, kui suurest \u00e4rkamisliikumisest Ameerika \u00dchendriikides oli m\u00f6\u00f6dunud rohkem kui 60 aastat. Eestisse j\u00f5udis kuulutus noore evangelisti Jaan Pahla kaudu, [&hellip;]<\/p>\n","protected":false},"author":1,"featured_media":0,"parent":0,"menu_order":0,"comment_status":"closed","ping_status":"closed","template":"","meta":{"footnotes":""},"wf_page_folders":[16],"class_list":["post-850","page","type-page","status-publish","hentry","entry"],"_links":{"self":[{"href":"https:\/\/kirikute\u00f6\u00f6.ee\/index.php?rest_route=\/wp\/v2\/pages\/850","targetHints":{"allow":["GET"]}}],"collection":[{"href":"https:\/\/kirikute\u00f6\u00f6.ee\/index.php?rest_route=\/wp\/v2\/pages"}],"about":[{"href":"https:\/\/kirikute\u00f6\u00f6.ee\/index.php?rest_route=\/wp\/v2\/types\/page"}],"author":[{"embeddable":true,"href":"https:\/\/kirikute\u00f6\u00f6.ee\/index.php?rest_route=\/wp\/v2\/users\/1"}],"replies":[{"embeddable":true,"href":"https:\/\/kirikute\u00f6\u00f6.ee\/index.php?rest_route=%2Fwp%2Fv2%2Fcomments&post=850"}],"version-history":[{"count":17,"href":"https:\/\/kirikute\u00f6\u00f6.ee\/index.php?rest_route=\/wp\/v2\/pages\/850\/revisions"}],"predecessor-version":[{"id":4865,"href":"https:\/\/kirikute\u00f6\u00f6.ee\/index.php?rest_route=\/wp\/v2\/pages\/850\/revisions\/4865"}],"wp:attachment":[{"href":"https:\/\/kirikute\u00f6\u00f6.ee\/index.php?rest_route=%2Fwp%2Fv2%2Fmedia&parent=850"}],"wp:term":[{"taxonomy":"wf_page_folders","embeddable":true,"href":"https:\/\/kirikute\u00f6\u00f6.ee\/index.php?rest_route=%2Fwp%2Fv2%2Fwf_page_folders&post=850"}],"curies":[{"name":"wp","href":"https:\/\/api.w.org\/{rel}","templated":true}]}}